{"id":5394,"date":"2023-02-21T17:58:19","date_gmt":"2023-02-21T16:58:19","guid":{"rendered":"https:\/\/www.duonix.eu\/produkt\/cable-fiat-3-chan-cho-xe-may-y\/"},"modified":"2023-02-21T17:58:19","modified_gmt":"2023-02-21T16:58:19","slug":"viet-italienische-motorraeder","status":"publish","type":"product","link":"https:\/\/www.duonix.eu\/vi\/produkt\/viet-italienische-motorraeder\/","title":{"rendered":"Cable Fiat 3 ch\u00e2n cho xe m\u00e1y \u00dd"},"content":{"rendered":"<p><span style=\"color: #000000;\">C\u00e1p ch\u1ea9n \u0111o\u00e1n cho t\u1ea5t c\u1ea3 c\u00e1c m\u1eabu xe c\u1ee7a \u00dd v\u1edbi \u0111\u1ea7u n\u1ed1i 3 ch\u00e2n Fiat kh\u00f4ng c\u00f3 c\u00e1p ngu\u1ed3n.<br \/>\n<\/span><\/p>\n","protected":false},"excerpt":{"rendered":"<p>C\u00e1p ch\u1ea9n \u0111o\u00e1n cho t\u1ea5t c\u1ea3 c\u00e1c m\u1eabu xe c\u1ee7a \u00dd v\u1edbi \u0111\u1ea7u n\u1ed1i 3 ch\u00e2n Fiat kh\u00f4ng c\u00f3 c\u00e1p ngu\u1ed3n.<\/p>\n","protected":false},"featured_media":2956,"template":"","meta":[],"product_brand":[],"product_cat":[121],"product_tag":[],"class_list":{"0":"post-5394","1":"product","2":"type-product","3":"status-publish","4":"has-post-thumbnail","6":"product_cat-cap-chan-doan","8":"first","9":"instock","10":"taxable","11":"shipping-taxable","12":"purchasable","13":"product-type-simple"},"yoast_head":"<!-- This site is optimized with the Yoast SEO plugin v27.3 - https:\/\/yoast.com\/product\/yoast-seo-wordpress\/ -->\n<title>Cable Fiat 3 ch\u00e2n cho xe m\u00e1y \u00dd - TPMS C\u00f4ng ty gi\u1ea3i ph\u00e1p ch\u1ea9n \u0111o\u00e1n \u00f4 t\u00f4, xe m\u00e1y<\/title>\n<meta name=\"robots\" content=\"index, follow, max-snippet:-1, max-image-preview:large, max-video-preview:-1\" \/>\n<link rel=\"canonical\" href=\"https:\/\/www.duonix.eu\/vi\/produkt\/viet-italienische-motorraeder\/\" \/>\n<meta property=\"og:locale\" content=\"vi_VN\" \/>\n<meta property=\"og:type\" content=\"article\" \/>\n<meta property=\"og:title\" content=\"Cable Fiat 3 ch\u00e2n cho xe m\u00e1y \u00dd - TPMS C\u00f4ng ty gi\u1ea3i ph\u00e1p ch\u1ea9n \u0111o\u00e1n \u00f4 t\u00f4, xe m\u00e1y\" \/>\n<meta property=\"og:description\" content=\"C\u00e1p ch\u1ea9n \u0111o\u00e1n cho t\u1ea5t c\u1ea3 c\u00e1c m\u1eabu xe c\u1ee7a \u00dd v\u1edbi \u0111\u1ea7u n\u1ed1i 3 ch\u00e2n Fiat kh\u00f4ng c\u00f3 c\u00e1p ngu\u1ed3n.\" \/>\n<meta property=\"og:url\" content=\"https:\/\/www.duonix.eu\/vi\/produkt\/viet-italienische-motorraeder\/\" \/>\n<meta property=\"og:site_name\" content=\"TPMS C\u00f4ng ty gi\u1ea3i ph\u00e1p ch\u1ea9n \u0111o\u00e1n \u00f4 t\u00f4, xe m\u00e1y\" \/>\n<meta property=\"og:image\" content=\"https:\/\/www.duonix.eu\/wp-content\/uploads\/2020\/09\/Italian_Bikes_Kabel_13.jpg\" \/>\n\t<meta property=\"og:image:width\" content=\"1008\" \/>\n\t<meta property=\"og:image:height\" content=\"672\" \/>\n\t<meta property=\"og:image:type\" content=\"image\/jpeg\" \/>\n<meta name=\"twitter:card\" content=\"summary_large_image\" \/>\n<script type=\"application\/ld+json\" class=\"yoast-schema-graph\">{\"@context\":\"https:\\\/\\\/schema.org\",\"@graph\":[{\"@type\":\"WebPage\",\"@id\":\"https:\\\/\\\/www.duonix.eu\\\/vi\\\/produkt\\\/viet-italienische-motorraeder\\\/\",\"url\":\"https:\\\/\\\/www.duonix.eu\\\/vi\\\/produkt\\\/viet-italienische-motorraeder\\\/\",\"name\":\"Cable Fiat 3 ch\u00e2n cho xe m\u00e1y \u00dd - TPMS C\u00f4ng ty gi\u1ea3i ph\u00e1p ch\u1ea9n \u0111o\u00e1n \u00f4 t\u00f4, xe m\u00e1y\",\"isPartOf\":{\"@id\":\"https:\\\/\\\/www.duonix.eu\\\/vi\\\/#website\"},\"primaryImageOfPage\":{\"@id\":\"https:\\\/\\\/www.duonix.eu\\\/vi\\\/produkt\\\/viet-italienische-motorraeder\\\/#primaryimage\"},\"image\":{\"@id\":\"https:\\\/\\\/www.duonix.eu\\\/vi\\\/produkt\\\/viet-italienische-motorraeder\\\/#primaryimage\"},\"thumbnailUrl\":\"https:\\\/\\\/www.duonix.eu\\\/wp-content\\\/uploads\\\/2020\\\/09\\\/Italian_Bikes_Kabel_13.jpg\",\"datePublished\":\"2023-02-21T16:58:19+00:00\",\"breadcrumb\":{\"@id\":\"https:\\\/\\\/www.duonix.eu\\\/vi\\\/produkt\\\/viet-italienische-motorraeder\\\/#breadcrumb\"},\"inLanguage\":\"vi-VN\",\"potentialAction\":[{\"@type\":\"ReadAction\",\"target\":[\"https:\\\/\\\/www.duonix.eu\\\/vi\\\/produkt\\\/viet-italienische-motorraeder\\\/\"]}]},{\"@type\":\"ImageObject\",\"inLanguage\":\"vi-VN\",\"@id\":\"https:\\\/\\\/www.duonix.eu\\\/vi\\\/produkt\\\/viet-italienische-motorraeder\\\/#primaryimage\",\"url\":\"https:\\\/\\\/www.duonix.eu\\\/wp-content\\\/uploads\\\/2020\\\/09\\\/Italian_Bikes_Kabel_13.jpg\",\"contentUrl\":\"https:\\\/\\\/www.duonix.eu\\\/wp-content\\\/uploads\\\/2020\\\/09\\\/Italian_Bikes_Kabel_13.jpg\",\"width\":1008,\"height\":672},{\"@type\":\"BreadcrumbList\",\"@id\":\"https:\\\/\\\/www.duonix.eu\\\/vi\\\/produkt\\\/viet-italienische-motorraeder\\\/#breadcrumb\",\"itemListElement\":[{\"@type\":\"ListItem\",\"position\":1,\"name\":\"Startseite\",\"item\":\"https:\\\/\\\/www.duonix.eu\\\/vi\\\/\"},{\"@type\":\"ListItem\",\"position\":2,\"name\":\"C\u00e1c s\u1ea3n ph\u1ea9m\",\"item\":\"https:\\\/\\\/www.duonix.eu\\\/products\\\/\"},{\"@type\":\"ListItem\",\"position\":3,\"name\":\"Cable Fiat 3 ch\u00e2n cho xe m\u00e1y \u00dd\"}]},{\"@type\":\"WebSite\",\"@id\":\"https:\\\/\\\/www.duonix.eu\\\/vi\\\/#website\",\"url\":\"https:\\\/\\\/www.duonix.eu\\\/vi\\\/\",\"name\":\"Duonix Professional diagnostic tool and TPMS for motorcycles and cars\",\"description\":\"\",\"publisher\":{\"@id\":\"https:\\\/\\\/www.duonix.eu\\\/vi\\\/#organization\"},\"potentialAction\":[{\"@type\":\"SearchAction\",\"target\":{\"@type\":\"EntryPoint\",\"urlTemplate\":\"https:\\\/\\\/www.duonix.eu\\\/vi\\\/?s={search_term_string}\"},\"query-input\":{\"@type\":\"PropertyValueSpecification\",\"valueRequired\":true,\"valueName\":\"search_term_string\"}}],\"inLanguage\":\"vi-VN\"},{\"@type\":\"Organization\",\"@id\":\"https:\\\/\\\/www.duonix.eu\\\/vi\\\/#organization\",\"name\":\"Duonix Professional diagnostic tool and TPMS for motorcycles and cars\",\"url\":\"https:\\\/\\\/www.duonix.eu\\\/vi\\\/\",\"logo\":{\"@type\":\"ImageObject\",\"inLanguage\":\"vi-VN\",\"@id\":\"https:\\\/\\\/www.duonix.eu\\\/vi\\\/#\\\/schema\\\/logo\\\/image\\\/\",\"url\":\"https:\\\/\\\/www.duonix.eu\\\/wp-content\\\/uploads\\\/2023\\\/02\\\/cropped-logo3-1.png\",\"contentUrl\":\"https:\\\/\\\/www.duonix.eu\\\/wp-content\\\/uploads\\\/2023\\\/02\\\/cropped-logo3-1.png\",\"width\":600,\"height\":400,\"caption\":\"Duonix Professional diagnostic tool and TPMS for motorcycles and cars\"},\"image\":{\"@id\":\"https:\\\/\\\/www.duonix.eu\\\/vi\\\/#\\\/schema\\\/logo\\\/image\\\/\"}}]}<\/script>\n<!-- \/ Yoast SEO plugin. -->","yoast_head_json":{"title":"Cable Fiat 3 ch\u00e2n cho xe m\u00e1y \u00dd - TPMS C\u00f4ng ty gi\u1ea3i ph\u00e1p ch\u1ea9n \u0111o\u00e1n \u00f4 t\u00f4, xe m\u00e1y","robots":{"index":"index","follow":"follow","max-snippet":"max-snippet:-1","max-image-preview":"max-image-preview:large","max-video-preview":"max-video-preview:-1"},"canonical":"https:\/\/www.duonix.eu\/vi\/produkt\/viet-italienische-motorraeder\/","og_locale":"vi_VN","og_type":"article","og_title":"Cable Fiat 3 ch\u00e2n cho xe m\u00e1y \u00dd - TPMS C\u00f4ng ty gi\u1ea3i ph\u00e1p ch\u1ea9n \u0111o\u00e1n \u00f4 t\u00f4, xe m\u00e1y","og_description":"C\u00e1p ch\u1ea9n \u0111o\u00e1n cho t\u1ea5t c\u1ea3 c\u00e1c m\u1eabu xe c\u1ee7a \u00dd v\u1edbi \u0111\u1ea7u n\u1ed1i 3 ch\u00e2n Fiat kh\u00f4ng c\u00f3 c\u00e1p ngu\u1ed3n.","og_url":"https:\/\/www.duonix.eu\/vi\/produkt\/viet-italienische-motorraeder\/","og_site_name":"TPMS C\u00f4ng ty gi\u1ea3i ph\u00e1p ch\u1ea9n \u0111o\u00e1n \u00f4 t\u00f4, xe m\u00e1y","og_image":[{"width":1008,"height":672,"url":"https:\/\/www.duonix.eu\/wp-content\/uploads\/2020\/09\/Italian_Bikes_Kabel_13.jpg","type":"image\/jpeg"}],"twitter_card":"summary_large_image","schema":{"@context":"https:\/\/schema.org","@graph":[{"@type":"WebPage","@id":"https:\/\/www.duonix.eu\/vi\/produkt\/viet-italienische-motorraeder\/","url":"https:\/\/www.duonix.eu\/vi\/produkt\/viet-italienische-motorraeder\/","name":"Cable Fiat 3 ch\u00e2n cho xe m\u00e1y \u00dd - TPMS C\u00f4ng ty gi\u1ea3i ph\u00e1p ch\u1ea9n \u0111o\u00e1n \u00f4 t\u00f4, xe m\u00e1y","isPartOf":{"@id":"https:\/\/www.duonix.eu\/vi\/#website"},"primaryImageOfPage":{"@id":"https:\/\/www.duonix.eu\/vi\/produkt\/viet-italienische-motorraeder\/#primaryimage"},"image":{"@id":"https:\/\/www.duonix.eu\/vi\/produkt\/viet-italienische-motorraeder\/#primaryimage"},"thumbnailUrl":"https:\/\/www.duonix.eu\/wp-content\/uploads\/2020\/09\/Italian_Bikes_Kabel_13.jpg","datePublished":"2023-02-21T16:58:19+00:00","breadcrumb":{"@id":"https:\/\/www.duonix.eu\/vi\/produkt\/viet-italienische-motorraeder\/#breadcrumb"},"inLanguage":"vi-VN","potentialAction":[{"@type":"ReadAction","target":["https:\/\/www.duonix.eu\/vi\/produkt\/viet-italienische-motorraeder\/"]}]},{"@type":"ImageObject","inLanguage":"vi-VN","@id":"https:\/\/www.duonix.eu\/vi\/produkt\/viet-italienische-motorraeder\/#primaryimage","url":"https:\/\/www.duonix.eu\/wp-content\/uploads\/2020\/09\/Italian_Bikes_Kabel_13.jpg","contentUrl":"https:\/\/www.duonix.eu\/wp-content\/uploads\/2020\/09\/Italian_Bikes_Kabel_13.jpg","width":1008,"height":672},{"@type":"BreadcrumbList","@id":"https:\/\/www.duonix.eu\/vi\/produkt\/viet-italienische-motorraeder\/#breadcrumb","itemListElement":[{"@type":"ListItem","position":1,"name":"Startseite","item":"https:\/\/www.duonix.eu\/vi\/"},{"@type":"ListItem","position":2,"name":"C\u00e1c s\u1ea3n ph\u1ea9m","item":"https:\/\/www.duonix.eu\/products\/"},{"@type":"ListItem","position":3,"name":"Cable Fiat 3 ch\u00e2n cho xe m\u00e1y \u00dd"}]},{"@type":"WebSite","@id":"https:\/\/www.duonix.eu\/vi\/#website","url":"https:\/\/www.duonix.eu\/vi\/","name":"Duonix Professional diagnostic tool and TPMS for motorcycles and cars","description":"","publisher":{"@id":"https:\/\/www.duonix.eu\/vi\/#organization"},"potentialAction":[{"@type":"SearchAction","target":{"@type":"EntryPoint","urlTemplate":"https:\/\/www.duonix.eu\/vi\/?s={search_term_string}"},"query-input":{"@type":"PropertyValueSpecification","valueRequired":true,"valueName":"search_term_string"}}],"inLanguage":"vi-VN"},{"@type":"Organization","@id":"https:\/\/www.duonix.eu\/vi\/#organization","name":"Duonix Professional diagnostic tool and TPMS for motorcycles and cars","url":"https:\/\/www.duonix.eu\/vi\/","logo":{"@type":"ImageObject","inLanguage":"vi-VN","@id":"https:\/\/www.duonix.eu\/vi\/#\/schema\/logo\/image\/","url":"https:\/\/www.duonix.eu\/wp-content\/uploads\/2023\/02\/cropped-logo3-1.png","contentUrl":"https:\/\/www.duonix.eu\/wp-content\/uploads\/2023\/02\/cropped-logo3-1.png","width":600,"height":400,"caption":"Duonix Professional diagnostic tool and TPMS for motorcycles and cars"},"image":{"@id":"https:\/\/www.duonix.eu\/vi\/#\/schema\/logo\/image\/"}}]}},"_links":{"self":[{"href":"https:\/\/www.duonix.eu\/vi\/wp-json\/wp\/v2\/product\/5394","targetHints":{"allow":["GET"]}}],"collection":[{"href":"https:\/\/www.duonix.eu\/vi\/wp-json\/wp\/v2\/product"}],"about":[{"href":"https:\/\/www.duonix.eu\/vi\/wp-json\/wp\/v2\/types\/product"}],"wp:featuredmedia":[{"embeddable":true,"href":"https:\/\/www.duonix.eu\/vi\/wp-json\/wp\/v2\/media\/2956"}],"wp:attachment":[{"href":"https:\/\/www.duonix.eu\/vi\/wp-json\/wp\/v2\/media?parent=5394"}],"wp:term":[{"taxonomy":"product_brand","embeddable":true,"href":"https:\/\/www.duonix.eu\/vi\/wp-json\/wp\/v2\/product_brand?post=5394"},{"taxonomy":"product_cat","embeddable":true,"href":"https:\/\/www.duonix.eu\/vi\/wp-json\/wp\/v2\/product_cat?post=5394"},{"taxonomy":"product_tag","embeddable":true,"href":"https:\/\/www.duonix.eu\/vi\/wp-json\/wp\/v2\/product_tag?post=5394"}],"curies":[{"name":"wp","href":"https:\/\/api.w.org\/{rel}","templated":true}]}}