{"id":4958,"date":"2020-09-21T13:30:59","date_gmt":"2020-09-21T10:30:59","guid":{"rendered":"https:\/\/www.duonix.eu\/produkt\/bike-scan-2-pro-for-bmw\/"},"modified":"2023-04-12T17:40:35","modified_gmt":"2023-04-12T14:40:35","slug":"bike-scan-2-pro-for-bmw","status":"publish","type":"product","link":"https:\/\/www.duonix.eu\/vi\/produkt\/bike-scan-2-pro-for-bmw\/","title":{"rendered":"Bike-Scan 2 Pro v\u00ec BMW"},"content":{"rendered":"<h2 style=\"text-align: center;\"><span style=\"color: #000000;\"><strong>Nh\u1eefng m\u00f4 h\u00ecnh n\u00e0o \u0111\u01b0\u1ee3c h\u1ed7 tr\u1ee3?<\/strong><\/span><\/h2>\n<h2 style=\"text-align: center;\"><span style=\"color: #000000;\">\u0110\u1ed1i v\u1edbi t\u1ea5t c\u1ea3 c\u00e1c d\u00f2ng BMW \/ m\u1eabu C1\/R\/K\/F\/G\/HP\/S v\u1edbi 10 ch\u00e2n c\u1eafm. v\u00e0 16 ch\u00e2n. \u0111\u1ea7u n\u1ed1i ch\u1ea9n \u0111o\u00e1n t\u1eeb n\u0103m s\u1ea3n xu\u1ea5t 1998- 2023<\/span><\/h2>\n<p style=\"text-align: center;\"><span style=\"color: #000000;\">Roller C1, R1100S , R1150, R1200R, R1200RT, R1200GS + Adventure, K1200S, K1300S, K1300R, K1300GT, F650GS, F800ST, F800GT<\/span><br \/>\n<span style=\"color: #000000;\">F800GS, F800R, HP4, HP2 Sport + Megamoto, S1000RR, S1000R, S1000XR, K21 R nineT , K23 R nineT Scrambler, K1600, K50 R1200 LC<\/span><br \/>\n<span style=\"color: #000000;\">K50 R1250 GS, K51 R1200GS Adventure, K52 R1200RT, K53 R1200R, K54 R1200RS, F700GS, G650GS , C600, C650, G450, F850GS<\/span><br \/>\n<span style=\"color: #000000;\">F750, K17 C-evolution , R18 K34 , S1000 XR K69<br \/>\n<\/span><\/p>\n<p style=\"text-align: center;\"><span style=\"color: #000000;\"><strong>Supported control units:<\/strong><\/span><\/p>\n<p style=\"text-align: center;\"><span style=\"color: #000000;\">motronic<\/span><br \/>\n<span style=\"color: #000000;\">central electronics<\/span><br \/>\n<span style=\"color: #000000;\">instrument cluster<\/span><br \/>\n<span style=\"color: #000000;\">tire pressure control<\/span><br \/>\n<span style=\"color: #000000;\">ABS anti-lock braking system<\/span><br \/>\n<span style=\"color: #000000;\">anti-theft alarm system<\/span><br \/>\n<span style=\"color: #000000;\">radio<\/span><br \/>\n<span style=\"color: #000000;\">functional satellite<\/span><br \/>\n<span style=\"color: #000000;\">active headlights<\/span><br \/>\n<span style=\"color: #000000;\">ESA electric suspension strut adjustment<\/span><br \/>\n<span style=\"color: #000000;\">SAF semi-active chassis<\/span><br \/>\n<span style=\"color: #000000;\">access system<\/span><br \/>\n<span style=\"color: #000000;\">telematics module<\/span><br \/>\n<span style=\"color: #000000;\">audio platform<\/span><br \/>\n<span style=\"color: #000000;\">body controller<\/span><br \/>\n<span style=\"color: #000000;\">Side View Assist<\/span><br \/>\n<span style=\"color: #000000;\">chassis electronics<\/span><br \/>\n<span style=\"color: #000000;\">Electric hydraulic tipping stands<\/span><\/p>\n","protected":false},"excerpt":{"rendered":"<p><span style=\"color: #000000;\">Bike-Scan 2 Pro diagnostic device for all BMW motorcycles from 1998 to 2022.<\/span><\/p>\n","protected":false},"featured_media":1111,"template":"","meta":[],"product_brand":[],"product_cat":[120],"product_tag":[],"class_list":{"0":"post-4958","1":"product","2":"type-product","3":"status-publish","4":"has-post-thumbnail","6":"product_cat-thiet-bi-chan-doan","8":"first","9":"instock","10":"taxable","11":"shipping-taxable","12":"purchasable","13":"product-type-variable"},"yoast_head":"<!-- This site is optimized with the Yoast SEO plugin v27.3 - https:\/\/yoast.com\/product\/yoast-seo-wordpress\/ -->\n<title>Bike-Scan 2 Pro v\u00ec BMW - TPMS C\u00f4ng ty gi\u1ea3i ph\u00e1p ch\u1ea9n \u0111o\u00e1n \u00f4 t\u00f4, xe m\u00e1y<\/title>\n<meta name=\"robots\" content=\"index, follow, max-snippet:-1, max-image-preview:large, max-video-preview:-1\" \/>\n<link rel=\"canonical\" href=\"https:\/\/www.duonix.eu\/vi\/produkt\/bike-scan-2-pro-for-bmw\/\" \/>\n<meta property=\"og:locale\" content=\"vi_VN\" \/>\n<meta property=\"og:type\" content=\"article\" \/>\n<meta property=\"og:title\" content=\"Bike-Scan 2 Pro v\u00ec BMW - TPMS C\u00f4ng ty gi\u1ea3i ph\u00e1p ch\u1ea9n \u0111o\u00e1n \u00f4 t\u00f4, xe m\u00e1y\" \/>\n<meta property=\"og:description\" content=\"Bike-Scan 2 Pro diagnostic device for all BMW motorcycles from 1998 to 2022.\" \/>\n<meta property=\"og:url\" content=\"https:\/\/www.duonix.eu\/vi\/produkt\/bike-scan-2-pro-for-bmw\/\" \/>\n<meta property=\"og:site_name\" content=\"TPMS C\u00f4ng ty gi\u1ea3i ph\u00e1p ch\u1ea9n \u0111o\u00e1n \u00f4 t\u00f4, xe m\u00e1y\" \/>\n<meta property=\"article:modified_time\" content=\"2023-04-12T14:40:35+00:00\" \/>\n<meta property=\"og:image\" content=\"https:\/\/www.duonix.eu\/wp-content\/uploads\/2020\/09\/CZ7A4459_TFa.jpg\" \/>\n\t<meta property=\"og:image:width\" content=\"1344\" \/>\n\t<meta property=\"og:image:height\" content=\"896\" \/>\n\t<meta property=\"og:image:type\" content=\"image\/jpeg\" \/>\n<meta name=\"twitter:card\" content=\"summary_large_image\" \/>\n<meta name=\"twitter:label1\" content=\"Est. reading time\" \/>\n\t<meta name=\"twitter:data1\" content=\"1 minute\" \/>\n<script type=\"application\/ld+json\" class=\"yoast-schema-graph\">{\"@context\":\"https:\\\/\\\/schema.org\",\"@graph\":[{\"@type\":\"WebPage\",\"@id\":\"https:\\\/\\\/www.duonix.eu\\\/vi\\\/produkt\\\/bike-scan-2-pro-for-bmw\\\/\",\"url\":\"https:\\\/\\\/www.duonix.eu\\\/vi\\\/produkt\\\/bike-scan-2-pro-for-bmw\\\/\",\"name\":\"Bike-Scan 2 Pro v\u00ec BMW - TPMS C\u00f4ng ty gi\u1ea3i ph\u00e1p ch\u1ea9n \u0111o\u00e1n \u00f4 t\u00f4, xe m\u00e1y\",\"isPartOf\":{\"@id\":\"https:\\\/\\\/www.duonix.eu\\\/vi\\\/#website\"},\"primaryImageOfPage\":{\"@id\":\"https:\\\/\\\/www.duonix.eu\\\/vi\\\/produkt\\\/bike-scan-2-pro-for-bmw\\\/#primaryimage\"},\"image\":{\"@id\":\"https:\\\/\\\/www.duonix.eu\\\/vi\\\/produkt\\\/bike-scan-2-pro-for-bmw\\\/#primaryimage\"},\"thumbnailUrl\":\"https:\\\/\\\/www.duonix.eu\\\/wp-content\\\/uploads\\\/2020\\\/09\\\/CZ7A4459_TFa.jpg\",\"datePublished\":\"2020-09-21T10:30:59+00:00\",\"dateModified\":\"2023-04-12T14:40:35+00:00\",\"breadcrumb\":{\"@id\":\"https:\\\/\\\/www.duonix.eu\\\/vi\\\/produkt\\\/bike-scan-2-pro-for-bmw\\\/#breadcrumb\"},\"inLanguage\":\"vi-VN\",\"potentialAction\":[{\"@type\":\"ReadAction\",\"target\":[\"https:\\\/\\\/www.duonix.eu\\\/vi\\\/produkt\\\/bike-scan-2-pro-for-bmw\\\/\"]}]},{\"@type\":\"ImageObject\",\"inLanguage\":\"vi-VN\",\"@id\":\"https:\\\/\\\/www.duonix.eu\\\/vi\\\/produkt\\\/bike-scan-2-pro-for-bmw\\\/#primaryimage\",\"url\":\"https:\\\/\\\/www.duonix.eu\\\/wp-content\\\/uploads\\\/2020\\\/09\\\/CZ7A4459_TFa.jpg\",\"contentUrl\":\"https:\\\/\\\/www.duonix.eu\\\/wp-content\\\/uploads\\\/2020\\\/09\\\/CZ7A4459_TFa.jpg\",\"width\":1344,\"height\":896},{\"@type\":\"BreadcrumbList\",\"@id\":\"https:\\\/\\\/www.duonix.eu\\\/vi\\\/produkt\\\/bike-scan-2-pro-for-bmw\\\/#breadcrumb\",\"itemListElement\":[{\"@type\":\"ListItem\",\"position\":1,\"name\":\"Startseite\",\"item\":\"https:\\\/\\\/www.duonix.eu\\\/vi\\\/\"},{\"@type\":\"ListItem\",\"position\":2,\"name\":\"C\u00e1c s\u1ea3n ph\u1ea9m\",\"item\":\"https:\\\/\\\/www.duonix.eu\\\/products\\\/\"},{\"@type\":\"ListItem\",\"position\":3,\"name\":\"Bike-Scan 2 Pro v\u00ec BMW\"}]},{\"@type\":\"WebSite\",\"@id\":\"https:\\\/\\\/www.duonix.eu\\\/vi\\\/#website\",\"url\":\"https:\\\/\\\/www.duonix.eu\\\/vi\\\/\",\"name\":\"Duonix Professional diagnostic tool and TPMS for motorcycles and cars\",\"description\":\"\",\"publisher\":{\"@id\":\"https:\\\/\\\/www.duonix.eu\\\/vi\\\/#organization\"},\"potentialAction\":[{\"@type\":\"SearchAction\",\"target\":{\"@type\":\"EntryPoint\",\"urlTemplate\":\"https:\\\/\\\/www.duonix.eu\\\/vi\\\/?s={search_term_string}\"},\"query-input\":{\"@type\":\"PropertyValueSpecification\",\"valueRequired\":true,\"valueName\":\"search_term_string\"}}],\"inLanguage\":\"vi-VN\"},{\"@type\":\"Organization\",\"@id\":\"https:\\\/\\\/www.duonix.eu\\\/vi\\\/#organization\",\"name\":\"Duonix Professional diagnostic tool and TPMS for motorcycles and cars\",\"url\":\"https:\\\/\\\/www.duonix.eu\\\/vi\\\/\",\"logo\":{\"@type\":\"ImageObject\",\"inLanguage\":\"vi-VN\",\"@id\":\"https:\\\/\\\/www.duonix.eu\\\/vi\\\/#\\\/schema\\\/logo\\\/image\\\/\",\"url\":\"https:\\\/\\\/www.duonix.eu\\\/wp-content\\\/uploads\\\/2023\\\/02\\\/cropped-logo3-1.png\",\"contentUrl\":\"https:\\\/\\\/www.duonix.eu\\\/wp-content\\\/uploads\\\/2023\\\/02\\\/cropped-logo3-1.png\",\"width\":600,\"height\":400,\"caption\":\"Duonix Professional diagnostic tool and TPMS for motorcycles and cars\"},\"image\":{\"@id\":\"https:\\\/\\\/www.duonix.eu\\\/vi\\\/#\\\/schema\\\/logo\\\/image\\\/\"}}]}<\/script>\n<!-- \/ Yoast SEO plugin. -->","yoast_head_json":{"title":"Bike-Scan 2 Pro v\u00ec BMW - TPMS C\u00f4ng ty gi\u1ea3i ph\u00e1p ch\u1ea9n \u0111o\u00e1n \u00f4 t\u00f4, xe m\u00e1y","robots":{"index":"index","follow":"follow","max-snippet":"max-snippet:-1","max-image-preview":"max-image-preview:large","max-video-preview":"max-video-preview:-1"},"canonical":"https:\/\/www.duonix.eu\/vi\/produkt\/bike-scan-2-pro-for-bmw\/","og_locale":"vi_VN","og_type":"article","og_title":"Bike-Scan 2 Pro v\u00ec BMW - TPMS C\u00f4ng ty gi\u1ea3i ph\u00e1p ch\u1ea9n \u0111o\u00e1n \u00f4 t\u00f4, xe m\u00e1y","og_description":"Bike-Scan 2 Pro diagnostic device for all BMW motorcycles from 1998 to 2022.","og_url":"https:\/\/www.duonix.eu\/vi\/produkt\/bike-scan-2-pro-for-bmw\/","og_site_name":"TPMS C\u00f4ng ty gi\u1ea3i ph\u00e1p ch\u1ea9n \u0111o\u00e1n \u00f4 t\u00f4, xe m\u00e1y","article_modified_time":"2023-04-12T14:40:35+00:00","og_image":[{"width":1344,"height":896,"url":"https:\/\/www.duonix.eu\/wp-content\/uploads\/2020\/09\/CZ7A4459_TFa.jpg","type":"image\/jpeg"}],"twitter_card":"summary_large_image","twitter_misc":{"Est. reading time":"1 minute"},"schema":{"@context":"https:\/\/schema.org","@graph":[{"@type":"WebPage","@id":"https:\/\/www.duonix.eu\/vi\/produkt\/bike-scan-2-pro-for-bmw\/","url":"https:\/\/www.duonix.eu\/vi\/produkt\/bike-scan-2-pro-for-bmw\/","name":"Bike-Scan 2 Pro v\u00ec BMW - TPMS C\u00f4ng ty gi\u1ea3i ph\u00e1p ch\u1ea9n \u0111o\u00e1n \u00f4 t\u00f4, xe m\u00e1y","isPartOf":{"@id":"https:\/\/www.duonix.eu\/vi\/#website"},"primaryImageOfPage":{"@id":"https:\/\/www.duonix.eu\/vi\/produkt\/bike-scan-2-pro-for-bmw\/#primaryimage"},"image":{"@id":"https:\/\/www.duonix.eu\/vi\/produkt\/bike-scan-2-pro-for-bmw\/#primaryimage"},"thumbnailUrl":"https:\/\/www.duonix.eu\/wp-content\/uploads\/2020\/09\/CZ7A4459_TFa.jpg","datePublished":"2020-09-21T10:30:59+00:00","dateModified":"2023-04-12T14:40:35+00:00","breadcrumb":{"@id":"https:\/\/www.duonix.eu\/vi\/produkt\/bike-scan-2-pro-for-bmw\/#breadcrumb"},"inLanguage":"vi-VN","potentialAction":[{"@type":"ReadAction","target":["https:\/\/www.duonix.eu\/vi\/produkt\/bike-scan-2-pro-for-bmw\/"]}]},{"@type":"ImageObject","inLanguage":"vi-VN","@id":"https:\/\/www.duonix.eu\/vi\/produkt\/bike-scan-2-pro-for-bmw\/#primaryimage","url":"https:\/\/www.duonix.eu\/wp-content\/uploads\/2020\/09\/CZ7A4459_TFa.jpg","contentUrl":"https:\/\/www.duonix.eu\/wp-content\/uploads\/2020\/09\/CZ7A4459_TFa.jpg","width":1344,"height":896},{"@type":"BreadcrumbList","@id":"https:\/\/www.duonix.eu\/vi\/produkt\/bike-scan-2-pro-for-bmw\/#breadcrumb","itemListElement":[{"@type":"ListItem","position":1,"name":"Startseite","item":"https:\/\/www.duonix.eu\/vi\/"},{"@type":"ListItem","position":2,"name":"C\u00e1c s\u1ea3n ph\u1ea9m","item":"https:\/\/www.duonix.eu\/products\/"},{"@type":"ListItem","position":3,"name":"Bike-Scan 2 Pro v\u00ec BMW"}]},{"@type":"WebSite","@id":"https:\/\/www.duonix.eu\/vi\/#website","url":"https:\/\/www.duonix.eu\/vi\/","name":"Duonix Professional diagnostic tool and TPMS for motorcycles and cars","description":"","publisher":{"@id":"https:\/\/www.duonix.eu\/vi\/#organization"},"potentialAction":[{"@type":"SearchAction","target":{"@type":"EntryPoint","urlTemplate":"https:\/\/www.duonix.eu\/vi\/?s={search_term_string}"},"query-input":{"@type":"PropertyValueSpecification","valueRequired":true,"valueName":"search_term_string"}}],"inLanguage":"vi-VN"},{"@type":"Organization","@id":"https:\/\/www.duonix.eu\/vi\/#organization","name":"Duonix Professional diagnostic tool and TPMS for motorcycles and cars","url":"https:\/\/www.duonix.eu\/vi\/","logo":{"@type":"ImageObject","inLanguage":"vi-VN","@id":"https:\/\/www.duonix.eu\/vi\/#\/schema\/logo\/image\/","url":"https:\/\/www.duonix.eu\/wp-content\/uploads\/2023\/02\/cropped-logo3-1.png","contentUrl":"https:\/\/www.duonix.eu\/wp-content\/uploads\/2023\/02\/cropped-logo3-1.png","width":600,"height":400,"caption":"Duonix Professional diagnostic tool and TPMS for motorcycles and cars"},"image":{"@id":"https:\/\/www.duonix.eu\/vi\/#\/schema\/logo\/image\/"}}]}},"_links":{"self":[{"href":"https:\/\/www.duonix.eu\/vi\/wp-json\/wp\/v2\/product\/4958","targetHints":{"allow":["GET"]}}],"collection":[{"href":"https:\/\/www.duonix.eu\/vi\/wp-json\/wp\/v2\/product"}],"about":[{"href":"https:\/\/www.duonix.eu\/vi\/wp-json\/wp\/v2\/types\/product"}],"wp:featuredmedia":[{"embeddable":true,"href":"https:\/\/www.duonix.eu\/vi\/wp-json\/wp\/v2\/media\/1111"}],"wp:attachment":[{"href":"https:\/\/www.duonix.eu\/vi\/wp-json\/wp\/v2\/media?parent=4958"}],"wp:term":[{"taxonomy":"product_brand","embeddable":true,"href":"https:\/\/www.duonix.eu\/vi\/wp-json\/wp\/v2\/product_brand?post=4958"},{"taxonomy":"product_cat","embeddable":true,"href":"https:\/\/www.duonix.eu\/vi\/wp-json\/wp\/v2\/product_cat?post=4958"},{"taxonomy":"product_tag","embeddable":true,"href":"https:\/\/www.duonix.eu\/vi\/wp-json\/wp\/v2\/product_tag?post=4958"}],"curies":[{"name":"wp","href":"https:\/\/api.w.org\/{rel}","templated":true}]}}