{"id":4942,"date":"2023-03-02T09:25:25","date_gmt":"2023-03-02T07:25:25","guid":{"rendered":"https:\/\/www.duonix.eu\/produkt\/bike-scan-2-pro-for-ducati\/"},"modified":"2023-04-12T17:38:35","modified_gmt":"2023-04-12T14:38:35","slug":"bike-scan-2-pro-for-ducati","status":"publish","type":"product","link":"https:\/\/www.duonix.eu\/vi\/produkt\/bike-scan-2-pro-for-ducati\/","title":{"rendered":"Bike-Scan 2 Pro v\u00ec Ducati"},"content":{"rendered":"<h2 style=\"text-align: center;\"><span style=\"color: #000000;\">M\u00e1y qu\u00e9t ch\u1ea9n \u0111o\u00e1n thi\u1ebft b\u1ecb xe m\u00e1y cho Ducati<\/span><\/h2>\n<p>&nbsp;<\/p>\n<p style=\"text-align: center;\"><span style=\"color: #000000;\">1000<\/span><\/p>\n<p style=\"text-align: center;\"><span style=\"color: #000000;\">1098 \/ R<\/span><\/p>\n<p style=\"text-align: center;\"><span style=\"color: #000000;\">1198 \/ R \/ Corsa \/ SP<\/span><\/p>\n<p style=\"text-align: center;\"><span style=\"color: #000000;\">1199 Panigale \/ R \/ S \/ Tricolore \/ Superleggera<\/span><\/p>\n<p style=\"text-align: center;\"><span style=\"color: #000000;\">1299 Panigale R Final Edition \/ Superleggera \/ Anniversario Euro 5<br \/>\n<\/span><\/p>\n<p style=\"text-align: center;\"><span style=\"color: #000000;\">620 \/ 748 \/ 749 \/ 750 \/ 800 \/ 848 EVO \/ 899 Panigale \/ 900 \/ 998 \/999<\/span><\/p>\n<p style=\"text-align: center;\"><span style=\"color: #000000;\">Monster 1200 \/ 1000 \/ 1100\/ 659 \/ 797 \/ 800\/ 900\/ 821 \/ Stripe \/ 400\/ 620 \/ 695 \/ 696<\/span><\/p>\n<p style=\"text-align: center;\"><span style=\"color: #000000;\">Multistrada 950 \/ 1200 \/ 1260 \/ S \/ D-Air \/ Enduro Pro \/ Granturismo \/ Pikes Peak \/ Touring<\/span><\/p>\n<p style=\"text-align: center;\"><span style=\"color: #000000;\">Scrambler Classic \/ Full \/ Icon \/ Mach 2.0 \/ Street Euro 5<br \/>\n<\/span><\/p>\n<p style=\"text-align: center;\"><span style=\"color: #000000;\">Supersport \/ S<\/span><\/p>\n<p style=\"text-align: center;\"><span style=\"color: #000000;\">Streetfighter<\/span><\/p>\n<p style=\"text-align: center;\"><span style=\"color: #000000;\">Superleggera<\/span><\/p>\n<p style=\"text-align: center;\"><span style=\"color: #000000;\">Demosedici<\/span><\/p>\n<p style=\"text-align: center;\"><span style=\"color: #000000;\">Panigale<\/span><\/p>\n<p style=\"text-align: center;\"><span style=\"color: #000000;\">Diavel \/ Carbon \/ Cromo Dark \/ Diesel \/ E3 \/ Strada \/ Titanium<\/span><\/p>\n<p style=\"text-align: center;\"><span style=\"color: #000000;\">Hypermotard 1100 \/ SP \/ EVO \/<\/span><\/p>\n<p style=\"text-align: center;\"><span style=\"color: #000000;\">Hypermotard 796 \/ 821 \/ SP \/ 939 \/ 950 Euro 5<br \/>\n<\/span><\/p>\n<h6 style=\"text-align: center;\"><span style=\"color: #000000;\"><strong>Information: Please note that when selecting the 3PIN connector for diagnostics, the separate power cable is required. <\/strong><\/span><\/h6>\n<p style=\"text-align: center;\">\n","protected":false},"excerpt":{"rendered":"<p><span style=\"color: #000000;\">Bike-Scan 2 Pro diagnostic device for all Ducati motorcycles from 1998 to 2022.<\/span><\/p>\n","protected":false},"featured_media":1813,"template":"","meta":[],"product_brand":[],"product_cat":[120],"product_tag":[],"class_list":{"0":"post-4942","1":"product","2":"type-product","3":"status-publish","4":"has-post-thumbnail","6":"product_cat-thiet-bi-chan-doan","8":"first","9":"instock","10":"taxable","11":"shipping-taxable","12":"purchasable","13":"product-type-variable"},"yoast_head":"<!-- This site is optimized with the Yoast SEO plugin v27.3 - https:\/\/yoast.com\/product\/yoast-seo-wordpress\/ -->\n<title>Bike-Scan 2 Pro v\u00ec Ducati - TPMS C\u00f4ng ty gi\u1ea3i ph\u00e1p ch\u1ea9n \u0111o\u00e1n \u00f4 t\u00f4, xe m\u00e1y<\/title>\n<meta name=\"robots\" content=\"index, follow, max-snippet:-1, max-image-preview:large, max-video-preview:-1\" \/>\n<link rel=\"canonical\" href=\"https:\/\/www.duonix.eu\/vi\/produkt\/bike-scan-2-pro-for-ducati\/\" \/>\n<meta property=\"og:locale\" content=\"vi_VN\" \/>\n<meta property=\"og:type\" content=\"article\" \/>\n<meta property=\"og:title\" content=\"Bike-Scan 2 Pro v\u00ec Ducati - TPMS C\u00f4ng ty gi\u1ea3i ph\u00e1p ch\u1ea9n \u0111o\u00e1n \u00f4 t\u00f4, xe m\u00e1y\" \/>\n<meta property=\"og:description\" content=\"Bike-Scan 2 Pro diagnostic device for all Ducati motorcycles from 1998 to 2022.\" \/>\n<meta property=\"og:url\" content=\"https:\/\/www.duonix.eu\/vi\/produkt\/bike-scan-2-pro-for-ducati\/\" \/>\n<meta property=\"og:site_name\" content=\"TPMS C\u00f4ng ty gi\u1ea3i ph\u00e1p ch\u1ea9n \u0111o\u00e1n \u00f4 t\u00f4, xe m\u00e1y\" \/>\n<meta property=\"article:modified_time\" content=\"2023-04-12T14:38:35+00:00\" \/>\n<meta property=\"og:image\" content=\"https:\/\/www.duonix.eu\/wp-content\/uploads\/2020\/09\/CZ7A4463_TFa.jpg\" \/>\n\t<meta property=\"og:image:width\" content=\"1344\" \/>\n\t<meta property=\"og:image:height\" content=\"896\" \/>\n\t<meta property=\"og:image:type\" content=\"image\/jpeg\" \/>\n<meta name=\"twitter:card\" content=\"summary_large_image\" \/>\n<script type=\"application\/ld+json\" class=\"yoast-schema-graph\">{\"@context\":\"https:\\\/\\\/schema.org\",\"@graph\":[{\"@type\":\"WebPage\",\"@id\":\"https:\\\/\\\/www.duonix.eu\\\/vi\\\/produkt\\\/bike-scan-2-pro-for-ducati\\\/\",\"url\":\"https:\\\/\\\/www.duonix.eu\\\/vi\\\/produkt\\\/bike-scan-2-pro-for-ducati\\\/\",\"name\":\"Bike-Scan 2 Pro v\u00ec Ducati - TPMS C\u00f4ng ty gi\u1ea3i ph\u00e1p ch\u1ea9n \u0111o\u00e1n \u00f4 t\u00f4, xe m\u00e1y\",\"isPartOf\":{\"@id\":\"https:\\\/\\\/www.duonix.eu\\\/vi\\\/#website\"},\"primaryImageOfPage\":{\"@id\":\"https:\\\/\\\/www.duonix.eu\\\/vi\\\/produkt\\\/bike-scan-2-pro-for-ducati\\\/#primaryimage\"},\"image\":{\"@id\":\"https:\\\/\\\/www.duonix.eu\\\/vi\\\/produkt\\\/bike-scan-2-pro-for-ducati\\\/#primaryimage\"},\"thumbnailUrl\":\"https:\\\/\\\/www.duonix.eu\\\/wp-content\\\/uploads\\\/2020\\\/09\\\/CZ7A4463_TFa.jpg\",\"datePublished\":\"2023-03-02T07:25:25+00:00\",\"dateModified\":\"2023-04-12T14:38:35+00:00\",\"breadcrumb\":{\"@id\":\"https:\\\/\\\/www.duonix.eu\\\/vi\\\/produkt\\\/bike-scan-2-pro-for-ducati\\\/#breadcrumb\"},\"inLanguage\":\"vi-VN\",\"potentialAction\":[{\"@type\":\"ReadAction\",\"target\":[\"https:\\\/\\\/www.duonix.eu\\\/vi\\\/produkt\\\/bike-scan-2-pro-for-ducati\\\/\"]}]},{\"@type\":\"ImageObject\",\"inLanguage\":\"vi-VN\",\"@id\":\"https:\\\/\\\/www.duonix.eu\\\/vi\\\/produkt\\\/bike-scan-2-pro-for-ducati\\\/#primaryimage\",\"url\":\"https:\\\/\\\/www.duonix.eu\\\/wp-content\\\/uploads\\\/2020\\\/09\\\/CZ7A4463_TFa.jpg\",\"contentUrl\":\"https:\\\/\\\/www.duonix.eu\\\/wp-content\\\/uploads\\\/2020\\\/09\\\/CZ7A4463_TFa.jpg\",\"width\":1344,\"height\":896},{\"@type\":\"BreadcrumbList\",\"@id\":\"https:\\\/\\\/www.duonix.eu\\\/vi\\\/produkt\\\/bike-scan-2-pro-for-ducati\\\/#breadcrumb\",\"itemListElement\":[{\"@type\":\"ListItem\",\"position\":1,\"name\":\"Startseite\",\"item\":\"https:\\\/\\\/www.duonix.eu\\\/vi\\\/\"},{\"@type\":\"ListItem\",\"position\":2,\"name\":\"C\u00e1c s\u1ea3n ph\u1ea9m\",\"item\":\"https:\\\/\\\/www.duonix.eu\\\/products\\\/\"},{\"@type\":\"ListItem\",\"position\":3,\"name\":\"Bike-Scan 2 Pro v\u00ec Ducati\"}]},{\"@type\":\"WebSite\",\"@id\":\"https:\\\/\\\/www.duonix.eu\\\/vi\\\/#website\",\"url\":\"https:\\\/\\\/www.duonix.eu\\\/vi\\\/\",\"name\":\"Duonix Professional diagnostic tool and TPMS for motorcycles and cars\",\"description\":\"\",\"publisher\":{\"@id\":\"https:\\\/\\\/www.duonix.eu\\\/vi\\\/#organization\"},\"potentialAction\":[{\"@type\":\"SearchAction\",\"target\":{\"@type\":\"EntryPoint\",\"urlTemplate\":\"https:\\\/\\\/www.duonix.eu\\\/vi\\\/?s={search_term_string}\"},\"query-input\":{\"@type\":\"PropertyValueSpecification\",\"valueRequired\":true,\"valueName\":\"search_term_string\"}}],\"inLanguage\":\"vi-VN\"},{\"@type\":\"Organization\",\"@id\":\"https:\\\/\\\/www.duonix.eu\\\/vi\\\/#organization\",\"name\":\"Duonix Professional diagnostic tool and TPMS for motorcycles and cars\",\"url\":\"https:\\\/\\\/www.duonix.eu\\\/vi\\\/\",\"logo\":{\"@type\":\"ImageObject\",\"inLanguage\":\"vi-VN\",\"@id\":\"https:\\\/\\\/www.duonix.eu\\\/vi\\\/#\\\/schema\\\/logo\\\/image\\\/\",\"url\":\"https:\\\/\\\/www.duonix.eu\\\/wp-content\\\/uploads\\\/2023\\\/02\\\/cropped-logo3-1.png\",\"contentUrl\":\"https:\\\/\\\/www.duonix.eu\\\/wp-content\\\/uploads\\\/2023\\\/02\\\/cropped-logo3-1.png\",\"width\":600,\"height\":400,\"caption\":\"Duonix Professional diagnostic tool and TPMS for motorcycles and cars\"},\"image\":{\"@id\":\"https:\\\/\\\/www.duonix.eu\\\/vi\\\/#\\\/schema\\\/logo\\\/image\\\/\"}}]}<\/script>\n<!-- \/ Yoast SEO plugin. -->","yoast_head_json":{"title":"Bike-Scan 2 Pro v\u00ec Ducati - TPMS C\u00f4ng ty gi\u1ea3i ph\u00e1p ch\u1ea9n \u0111o\u00e1n \u00f4 t\u00f4, xe m\u00e1y","robots":{"index":"index","follow":"follow","max-snippet":"max-snippet:-1","max-image-preview":"max-image-preview:large","max-video-preview":"max-video-preview:-1"},"canonical":"https:\/\/www.duonix.eu\/vi\/produkt\/bike-scan-2-pro-for-ducati\/","og_locale":"vi_VN","og_type":"article","og_title":"Bike-Scan 2 Pro v\u00ec Ducati - TPMS C\u00f4ng ty gi\u1ea3i ph\u00e1p ch\u1ea9n \u0111o\u00e1n \u00f4 t\u00f4, xe m\u00e1y","og_description":"Bike-Scan 2 Pro diagnostic device for all Ducati motorcycles from 1998 to 2022.","og_url":"https:\/\/www.duonix.eu\/vi\/produkt\/bike-scan-2-pro-for-ducati\/","og_site_name":"TPMS C\u00f4ng ty gi\u1ea3i ph\u00e1p ch\u1ea9n \u0111o\u00e1n \u00f4 t\u00f4, xe m\u00e1y","article_modified_time":"2023-04-12T14:38:35+00:00","og_image":[{"width":1344,"height":896,"url":"https:\/\/www.duonix.eu\/wp-content\/uploads\/2020\/09\/CZ7A4463_TFa.jpg","type":"image\/jpeg"}],"twitter_card":"summary_large_image","schema":{"@context":"https:\/\/schema.org","@graph":[{"@type":"WebPage","@id":"https:\/\/www.duonix.eu\/vi\/produkt\/bike-scan-2-pro-for-ducati\/","url":"https:\/\/www.duonix.eu\/vi\/produkt\/bike-scan-2-pro-for-ducati\/","name":"Bike-Scan 2 Pro v\u00ec Ducati - TPMS C\u00f4ng ty gi\u1ea3i ph\u00e1p ch\u1ea9n \u0111o\u00e1n \u00f4 t\u00f4, xe m\u00e1y","isPartOf":{"@id":"https:\/\/www.duonix.eu\/vi\/#website"},"primaryImageOfPage":{"@id":"https:\/\/www.duonix.eu\/vi\/produkt\/bike-scan-2-pro-for-ducati\/#primaryimage"},"image":{"@id":"https:\/\/www.duonix.eu\/vi\/produkt\/bike-scan-2-pro-for-ducati\/#primaryimage"},"thumbnailUrl":"https:\/\/www.duonix.eu\/wp-content\/uploads\/2020\/09\/CZ7A4463_TFa.jpg","datePublished":"2023-03-02T07:25:25+00:00","dateModified":"2023-04-12T14:38:35+00:00","breadcrumb":{"@id":"https:\/\/www.duonix.eu\/vi\/produkt\/bike-scan-2-pro-for-ducati\/#breadcrumb"},"inLanguage":"vi-VN","potentialAction":[{"@type":"ReadAction","target":["https:\/\/www.duonix.eu\/vi\/produkt\/bike-scan-2-pro-for-ducati\/"]}]},{"@type":"ImageObject","inLanguage":"vi-VN","@id":"https:\/\/www.duonix.eu\/vi\/produkt\/bike-scan-2-pro-for-ducati\/#primaryimage","url":"https:\/\/www.duonix.eu\/wp-content\/uploads\/2020\/09\/CZ7A4463_TFa.jpg","contentUrl":"https:\/\/www.duonix.eu\/wp-content\/uploads\/2020\/09\/CZ7A4463_TFa.jpg","width":1344,"height":896},{"@type":"BreadcrumbList","@id":"https:\/\/www.duonix.eu\/vi\/produkt\/bike-scan-2-pro-for-ducati\/#breadcrumb","itemListElement":[{"@type":"ListItem","position":1,"name":"Startseite","item":"https:\/\/www.duonix.eu\/vi\/"},{"@type":"ListItem","position":2,"name":"C\u00e1c s\u1ea3n ph\u1ea9m","item":"https:\/\/www.duonix.eu\/products\/"},{"@type":"ListItem","position":3,"name":"Bike-Scan 2 Pro v\u00ec Ducati"}]},{"@type":"WebSite","@id":"https:\/\/www.duonix.eu\/vi\/#website","url":"https:\/\/www.duonix.eu\/vi\/","name":"Duonix Professional diagnostic tool and TPMS for motorcycles and cars","description":"","publisher":{"@id":"https:\/\/www.duonix.eu\/vi\/#organization"},"potentialAction":[{"@type":"SearchAction","target":{"@type":"EntryPoint","urlTemplate":"https:\/\/www.duonix.eu\/vi\/?s={search_term_string}"},"query-input":{"@type":"PropertyValueSpecification","valueRequired":true,"valueName":"search_term_string"}}],"inLanguage":"vi-VN"},{"@type":"Organization","@id":"https:\/\/www.duonix.eu\/vi\/#organization","name":"Duonix Professional diagnostic tool and TPMS for motorcycles and cars","url":"https:\/\/www.duonix.eu\/vi\/","logo":{"@type":"ImageObject","inLanguage":"vi-VN","@id":"https:\/\/www.duonix.eu\/vi\/#\/schema\/logo\/image\/","url":"https:\/\/www.duonix.eu\/wp-content\/uploads\/2023\/02\/cropped-logo3-1.png","contentUrl":"https:\/\/www.duonix.eu\/wp-content\/uploads\/2023\/02\/cropped-logo3-1.png","width":600,"height":400,"caption":"Duonix Professional diagnostic tool and TPMS for motorcycles and cars"},"image":{"@id":"https:\/\/www.duonix.eu\/vi\/#\/schema\/logo\/image\/"}}]}},"_links":{"self":[{"href":"https:\/\/www.duonix.eu\/vi\/wp-json\/wp\/v2\/product\/4942","targetHints":{"allow":["GET"]}}],"collection":[{"href":"https:\/\/www.duonix.eu\/vi\/wp-json\/wp\/v2\/product"}],"about":[{"href":"https:\/\/www.duonix.eu\/vi\/wp-json\/wp\/v2\/types\/product"}],"wp:featuredmedia":[{"embeddable":true,"href":"https:\/\/www.duonix.eu\/vi\/wp-json\/wp\/v2\/media\/1813"}],"wp:attachment":[{"href":"https:\/\/www.duonix.eu\/vi\/wp-json\/wp\/v2\/media?parent=4942"}],"wp:term":[{"taxonomy":"product_brand","embeddable":true,"href":"https:\/\/www.duonix.eu\/vi\/wp-json\/wp\/v2\/product_brand?post=4942"},{"taxonomy":"product_cat","embeddable":true,"href":"https:\/\/www.duonix.eu\/vi\/wp-json\/wp\/v2\/product_cat?post=4942"},{"taxonomy":"product_tag","embeddable":true,"href":"https:\/\/www.duonix.eu\/vi\/wp-json\/wp\/v2\/product_tag?post=4942"}],"curies":[{"name":"wp","href":"https:\/\/api.w.org\/{rel}","templated":true}]}}