{"id":4771,"date":"2023-02-23T12:03:57","date_gmt":"2023-02-23T10:03:57","guid":{"rendered":"https:\/\/www.duonix.eu\/bike-scan-2-pro\/"},"modified":"2023-04-27T11:46:22","modified_gmt":"2023-04-27T08:46:22","slug":"bike-scan-2-pro","status":"publish","type":"page","link":"https:\/\/www.duonix.eu\/vi\/bike-scan-2-pro\/","title":{"rendered":"Bike-Scan 2 Pro"},"content":{"rendered":"","protected":false},"excerpt":{"rendered":"","protected":false},"author":1,"featured_media":0,"parent":0,"menu_order":0,"comment_status":"open","ping_status":"closed","template":"","meta":{"footnotes":""},"class_list":["post-4771","page","type-page","status-publish","hentry"],"yoast_head":"<!-- This site is optimized with the Yoast SEO plugin v27.3 - https:\/\/yoast.com\/product\/yoast-seo-wordpress\/ -->\n<title>Bike-Scan 2 Diagnoseger\u00e4t Diagnose Motorrad alle Hersteller OBD<\/title>\n<meta name=\"description\" content=\"Bike-Scan 2 Motorrad Diagnoseger\u00e4t Diagnose Ducati BMW KTM Aprilia Moto Guzzi Honda Yamaha Harley Kawasaki MV Agusta Piaggio Suzuki Triumph\" \/>\n<meta name=\"robots\" content=\"index, follow, max-snippet:-1, max-image-preview:large, max-video-preview:-1\" \/>\n<link rel=\"canonical\" href=\"https:\/\/www.duonix.eu\/vi\/bike-scan-2-pro\/\" \/>\n<meta property=\"og:locale\" content=\"vi_VN\" \/>\n<meta property=\"og:type\" content=\"article\" \/>\n<meta property=\"og:title\" content=\"Bike-Scan 2 Diagnoseger\u00e4t Diagnose Motorrad alle Hersteller OBD\" \/>\n<meta property=\"og:description\" content=\"Bike-Scan 2 Motorrad Diagnoseger\u00e4t Diagnose Ducati BMW KTM Aprilia Moto Guzzi Honda Yamaha Harley Kawasaki MV Agusta Piaggio Suzuki Triumph\" \/>\n<meta property=\"og:url\" content=\"https:\/\/www.duonix.eu\/vi\/bike-scan-2-pro\/\" \/>\n<meta property=\"og:site_name\" content=\"TPMS C\u00f4ng ty gi\u1ea3i ph\u00e1p ch\u1ea9n \u0111o\u00e1n \u00f4 t\u00f4, xe m\u00e1y\" \/>\n<meta property=\"article:modified_time\" content=\"2023-04-27T08:46:22+00:00\" \/>\n<meta name=\"twitter:card\" content=\"summary_large_image\" \/>\n<meta name=\"twitter:label1\" content=\"Est. reading time\" \/>\n\t<meta name=\"twitter:data1\" content=\"3 minutes\" \/>\n<script type=\"application\/ld+json\" class=\"yoast-schema-graph\">{\"@context\":\"https:\\\/\\\/schema.org\",\"@graph\":[{\"@type\":\"WebPage\",\"@id\":\"https:\\\/\\\/www.duonix.eu\\\/vi\\\/bike-scan-2-pro\\\/\",\"url\":\"https:\\\/\\\/www.duonix.eu\\\/vi\\\/bike-scan-2-pro\\\/\",\"name\":\"Bike-Scan 2 Diagnoseger\u00e4t Diagnose Motorrad alle Hersteller OBD\",\"isPartOf\":{\"@id\":\"https:\\\/\\\/www.duonix.eu\\\/vi\\\/#website\"},\"datePublished\":\"2023-02-23T10:03:57+00:00\",\"dateModified\":\"2023-04-27T08:46:22+00:00\",\"description\":\"Bike-Scan 2 Motorrad Diagnoseger\u00e4t Diagnose Ducati BMW KTM Aprilia Moto Guzzi Honda Yamaha Harley Kawasaki MV Agusta Piaggio Suzuki Triumph\",\"breadcrumb\":{\"@id\":\"https:\\\/\\\/www.duonix.eu\\\/vi\\\/bike-scan-2-pro\\\/#breadcrumb\"},\"inLanguage\":\"vi-VN\",\"potentialAction\":[{\"@type\":\"ReadAction\",\"target\":[\"https:\\\/\\\/www.duonix.eu\\\/vi\\\/bike-scan-2-pro\\\/\"]}]},{\"@type\":\"BreadcrumbList\",\"@id\":\"https:\\\/\\\/www.duonix.eu\\\/vi\\\/bike-scan-2-pro\\\/#breadcrumb\",\"itemListElement\":[{\"@type\":\"ListItem\",\"position\":1,\"name\":\"Startseite\",\"item\":\"https:\\\/\\\/www.duonix.eu\\\/vi\\\/\"},{\"@type\":\"ListItem\",\"position\":2,\"name\":\"Bike-Scan 2 Pro\"}]},{\"@type\":\"WebSite\",\"@id\":\"https:\\\/\\\/www.duonix.eu\\\/vi\\\/#website\",\"url\":\"https:\\\/\\\/www.duonix.eu\\\/vi\\\/\",\"name\":\"Duonix Professional diagnostic tool and TPMS for motorcycles and cars\",\"description\":\"\",\"publisher\":{\"@id\":\"https:\\\/\\\/www.duonix.eu\\\/vi\\\/#organization\"},\"potentialAction\":[{\"@type\":\"SearchAction\",\"target\":{\"@type\":\"EntryPoint\",\"urlTemplate\":\"https:\\\/\\\/www.duonix.eu\\\/vi\\\/?s={search_term_string}\"},\"query-input\":{\"@type\":\"PropertyValueSpecification\",\"valueRequired\":true,\"valueName\":\"search_term_string\"}}],\"inLanguage\":\"vi-VN\"},{\"@type\":\"Organization\",\"@id\":\"https:\\\/\\\/www.duonix.eu\\\/vi\\\/#organization\",\"name\":\"Duonix Professional diagnostic tool and TPMS for motorcycles and cars\",\"url\":\"https:\\\/\\\/www.duonix.eu\\\/vi\\\/\",\"logo\":{\"@type\":\"ImageObject\",\"inLanguage\":\"vi-VN\",\"@id\":\"https:\\\/\\\/www.duonix.eu\\\/vi\\\/#\\\/schema\\\/logo\\\/image\\\/\",\"url\":\"https:\\\/\\\/www.duonix.eu\\\/wp-content\\\/uploads\\\/2023\\\/02\\\/cropped-logo3-1.png\",\"contentUrl\":\"https:\\\/\\\/www.duonix.eu\\\/wp-content\\\/uploads\\\/2023\\\/02\\\/cropped-logo3-1.png\",\"width\":600,\"height\":400,\"caption\":\"Duonix Professional diagnostic tool and TPMS for motorcycles and cars\"},\"image\":{\"@id\":\"https:\\\/\\\/www.duonix.eu\\\/vi\\\/#\\\/schema\\\/logo\\\/image\\\/\"}}]}<\/script>\n<!-- \/ Yoast SEO plugin. -->","yoast_head_json":{"title":"Bike-Scan 2 Diagnoseger\u00e4t Diagnose Motorrad alle Hersteller OBD","description":"Bike-Scan 2 Motorrad Diagnoseger\u00e4t Diagnose Ducati BMW KTM Aprilia Moto Guzzi Honda Yamaha Harley Kawasaki MV Agusta Piaggio Suzuki Triumph","robots":{"index":"index","follow":"follow","max-snippet":"max-snippet:-1","max-image-preview":"max-image-preview:large","max-video-preview":"max-video-preview:-1"},"canonical":"https:\/\/www.duonix.eu\/vi\/bike-scan-2-pro\/","og_locale":"vi_VN","og_type":"article","og_title":"Bike-Scan 2 Diagnoseger\u00e4t Diagnose Motorrad alle Hersteller OBD","og_description":"Bike-Scan 2 Motorrad Diagnoseger\u00e4t Diagnose Ducati BMW KTM Aprilia Moto Guzzi Honda Yamaha Harley Kawasaki MV Agusta Piaggio Suzuki Triumph","og_url":"https:\/\/www.duonix.eu\/vi\/bike-scan-2-pro\/","og_site_name":"TPMS C\u00f4ng ty gi\u1ea3i ph\u00e1p ch\u1ea9n \u0111o\u00e1n \u00f4 t\u00f4, xe m\u00e1y","article_modified_time":"2023-04-27T08:46:22+00:00","twitter_card":"summary_large_image","twitter_misc":{"Est. reading time":"3 minutes"},"schema":{"@context":"https:\/\/schema.org","@graph":[{"@type":"WebPage","@id":"https:\/\/www.duonix.eu\/vi\/bike-scan-2-pro\/","url":"https:\/\/www.duonix.eu\/vi\/bike-scan-2-pro\/","name":"Bike-Scan 2 Diagnoseger\u00e4t Diagnose Motorrad alle Hersteller OBD","isPartOf":{"@id":"https:\/\/www.duonix.eu\/vi\/#website"},"datePublished":"2023-02-23T10:03:57+00:00","dateModified":"2023-04-27T08:46:22+00:00","description":"Bike-Scan 2 Motorrad Diagnoseger\u00e4t Diagnose Ducati BMW KTM Aprilia Moto Guzzi Honda Yamaha Harley Kawasaki MV Agusta Piaggio Suzuki Triumph","breadcrumb":{"@id":"https:\/\/www.duonix.eu\/vi\/bike-scan-2-pro\/#breadcrumb"},"inLanguage":"vi-VN","potentialAction":[{"@type":"ReadAction","target":["https:\/\/www.duonix.eu\/vi\/bike-scan-2-pro\/"]}]},{"@type":"BreadcrumbList","@id":"https:\/\/www.duonix.eu\/vi\/bike-scan-2-pro\/#breadcrumb","itemListElement":[{"@type":"ListItem","position":1,"name":"Startseite","item":"https:\/\/www.duonix.eu\/vi\/"},{"@type":"ListItem","position":2,"name":"Bike-Scan 2 Pro"}]},{"@type":"WebSite","@id":"https:\/\/www.duonix.eu\/vi\/#website","url":"https:\/\/www.duonix.eu\/vi\/","name":"Duonix Professional diagnostic tool and TPMS for motorcycles and cars","description":"","publisher":{"@id":"https:\/\/www.duonix.eu\/vi\/#organization"},"potentialAction":[{"@type":"SearchAction","target":{"@type":"EntryPoint","urlTemplate":"https:\/\/www.duonix.eu\/vi\/?s={search_term_string}"},"query-input":{"@type":"PropertyValueSpecification","valueRequired":true,"valueName":"search_term_string"}}],"inLanguage":"vi-VN"},{"@type":"Organization","@id":"https:\/\/www.duonix.eu\/vi\/#organization","name":"Duonix Professional diagnostic tool and TPMS for motorcycles and cars","url":"https:\/\/www.duonix.eu\/vi\/","logo":{"@type":"ImageObject","inLanguage":"vi-VN","@id":"https:\/\/www.duonix.eu\/vi\/#\/schema\/logo\/image\/","url":"https:\/\/www.duonix.eu\/wp-content\/uploads\/2023\/02\/cropped-logo3-1.png","contentUrl":"https:\/\/www.duonix.eu\/wp-content\/uploads\/2023\/02\/cropped-logo3-1.png","width":600,"height":400,"caption":"Duonix Professional diagnostic tool and TPMS for motorcycles and cars"},"image":{"@id":"https:\/\/www.duonix.eu\/vi\/#\/schema\/logo\/image\/"}}]}},"_links":{"self":[{"href":"https:\/\/www.duonix.eu\/vi\/wp-json\/wp\/v2\/pages\/4771","targetHints":{"allow":["GET"]}}],"collection":[{"href":"https:\/\/www.duonix.eu\/vi\/wp-json\/wp\/v2\/pages"}],"about":[{"href":"https:\/\/www.duonix.eu\/vi\/wp-json\/wp\/v2\/types\/page"}],"author":[{"embeddable":true,"href":"https:\/\/www.duonix.eu\/vi\/wp-json\/wp\/v2\/users\/1"}],"replies":[{"embeddable":true,"href":"https:\/\/www.duonix.eu\/vi\/wp-json\/wp\/v2\/comments?post=4771"}],"version-history":[{"count":4,"href":"https:\/\/www.duonix.eu\/vi\/wp-json\/wp\/v2\/pages\/4771\/revisions"}],"predecessor-version":[{"id":5538,"href":"https:\/\/www.duonix.eu\/vi\/wp-json\/wp\/v2\/pages\/4771\/revisions\/5538"}],"wp:attachment":[{"href":"https:\/\/www.duonix.eu\/vi\/wp-json\/wp\/v2\/media?parent=4771"}],"curies":[{"name":"wp","href":"https:\/\/api.w.org\/{rel}","templated":true}]}}