{"id":4702,"date":"2023-02-10T07:35:25","date_gmt":"2023-02-10T05:35:25","guid":{"rendered":"https:\/\/www.duonix.eu\/termenii-si-conditii\/"},"modified":"2023-03-03T10:01:27","modified_gmt":"2023-03-03T09:01:27","slug":"termenii-si-conditii","status":"publish","type":"page","link":"https:\/\/www.duonix.eu\/vi\/termenii-si-conditii\/","title":{"rendered":"Termenii \u0219i condi\u021bii"},"content":{"rendered":"<p><span style=\"color: #000000;\">Termenii \u0219i condi\u021biile generale ale DUONIX EUROPE GROUP S.R.L.<\/span><\/p>\n<p><span style=\"color: #000000;\"><strong>1<\/strong> Domeniul de aplicare<\/span><\/p>\n<p><span style=\"color: #000000;\">Ace\u0219ti termeni \u0219i condi\u021bii generale se aplic\u0103 tuturor celor cuprinse \u00eentre<\/span><\/p>\n<p><span style=\"color: #000000;\">DUONIX EUROPE GROUP S.R.L.<\/span><\/p>\n<p><span style=\"color: #000000;\">Num\u0103r \u00eenregistrare<\/span><\/p>\n<p><span style=\"color: #000000;\">J23 \/7034 \/2022<\/span><\/p>\n<p><span style=\"color: #000000;\">CUI<\/span><\/p>\n<p><span style=\"color: #000000;\">46997370<\/span><\/p>\n<p><span style=\"color: #000000;\">Adresa<\/span><\/p>\n<p><span style=\"color: #000000;\">POPESTI LEORDENI, Str. SOS. OLTENITEI,<\/span><\/p>\n<p><span style=\"color: #000000;\">Nr. 24, Sc. 1, Et. 3, Ap. 8,<\/span><\/p>\n<p><span style=\"color: #000000;\">jude\u021b ILFOV<\/span><\/p>\n<p><span style=\"color: #000000;\">(denumit \u00een continuare \u201eDuonix\u201d)<\/span><\/p>\n<p><span style=\"color: #000000;\">\u0219i clientului, precum \u0219i pentru toate declara\u021biile de inten\u021bie \u00een leg\u0103tur\u0103 cu astfel de contracte, tranzac\u021bii juridice sau ac\u021biuni similare tranzac\u021biilor juridice ale clientului. Termenii \u0219i condi\u021biile clientului care se abat de la ace\u0219ti termeni \u0219i condi\u021bii nu se aplic\u0103.<\/span><\/p>\n<p><span style=\"color: #000000;\"><strong>2<\/strong> \u00cencheierea contractului<\/span><\/p>\n<p><span style=\"color: #000000;\">2.1 Produsele oferite de Duonix sunt destinate exclusiv clien\u021bilor comerciali. O v\u00e2nzare c\u0103tre consumatori nu este, din p\u0103cate, posibil\u0103.<\/span><\/p>\n<p><span style=\"color: #000000;\">2.2 Odat\u0103 cu comanda sa, clientul face o ofert\u0103 obligatorie pentru \u00eencheierea unui contract de cump\u0103rare. Duonix poate accepta aceast\u0103 ofert\u0103 \u00een termen de dou\u0103 s\u0103pt\u0103m\u00e2ni printr-o declara\u021bie expres\u0103. Trimiterea m\u0103rfurilor comandate sau a unei facturi c\u0103tre client echivaleaz\u0103 cu o declara\u021bie expres\u0103 de acceptare. Simpla confirmare a primirii comenzii nu constituie o declaratie de acceptare.<\/span><\/p>\n<p><span style=\"color: #000000;\"><strong>3<\/strong> Pre\u021buri \/ Condi\u021bii de plat\u0103 \/ Implicit<\/span><\/p>\n<p><span style=\"color: #000000;\">3.1 Pre\u021burile din momentul comenzii se aplic\u0103 \u00eentotdeauna. Cu excep\u021bia cazului \u00een care se specific\u0103 altfel, toate pre\u021burile sunt exprimate \u00een euro, inclusiv taxa de v\u00e2nzare la cota legal\u0103 \u0219i excluz\u00e2nd costurile de ambalare \u0219i transport, care se percep suplimentar.<\/span><\/p>\n<p><span style=\"color: #000000;\">3.2 Cu excep\u021bia cazului \u00een care sa convenit altfel cu clientul, Duonix livreaz\u0103 numai contra plat\u0103 \u00een avans (plat\u0103 \u00een avans).<\/span><\/p>\n<p><span style=\"color: #000000;\">3.3 Clientul are \u00eent\u00e2rzieri la plat\u0103 f\u0103r\u0103 a fi nevoie de un memento dac\u0103 Duonix nu prime\u0219te plata \u00een termen de 14 zile de la primirea facturii de c\u0103tre client. \u00cen caz de \u00eent\u00e2rziere a pl\u0103\u021bii sau am\u00e2nare, se va percepe o dob\u00e2nd\u0103 de 10% peste rata dob\u00e2nzii de baz\u0103. \u00cen plus, clientului i se va percepe o tax\u0103 de memento de 10,00 EUR pentru fiecare memento, cu excep\u021bia cazului \u00een care este un prim memento care justific\u0103 \u00eent\u00e2rzierea. Dreptul de a revendica daune suplimentare r\u0103m\u00e2ne neafectat.<\/span><\/p>\n<p><span style=\"color: #000000;\"><strong>4<\/strong> Livrare \/ Timp de livrare<\/span><\/p>\n<p><span style=\"color: #000000;\">4.1 Livrarea m\u0103rfurilor comandate are loc exclusiv prin transport. O colectare a bunurilor nu este posibil\u0103.<\/span><\/p>\n<p><span style=\"color: #000000;\">4.2 Cu excep\u021bia cazului \u00een care au fost convenite alte termene de livrare, Duonix va livra imediat bunurile comandate, dar nu mai t\u00e2rziu de 14 zile de la \u00eencheierea contractului, \u00een cazul pl\u0103\u021bii anticipate cel t\u00e2rziu \u00een termen de 14 zile de la primirea pl\u0103\u021bii. Termenul de livrare este indeplinit daca marfa este predata firmei de transport in aceasta perioada.<\/span><\/p>\n<p><span style=\"color: #000000;\">4.3 Clientul trebuie s\u0103 stabileasc\u0103 Duonix o perioad\u0103 de gra\u021bie rezonabil\u0103 dac\u0103 perioada de livrare este dep\u0103\u0219it\u0103.<\/span><\/p>\n<p><span style=\"color: #000000;\"><strong>5<\/strong> Nelivrarea de c\u0103tre prefurnizori<\/span><\/p>\n<p><span style=\"color: #000000;\">\u00cen cazul \u00een care articolul comandat nu este sau temporar nu este disponibil, Duonix va informa clientul despre acest lucru imediat dup\u0103 plasarea comenzii \u0219i la intervale regulate ulterior. Duonix este eliberat de obliga\u021bia de a efectua p\u00e2n\u0103 la furnizarea acestuia de c\u0103tre subfurnizor; acest lucru nu se aplic\u0103 dac\u0103 Duonix este responsabil pentru nelivrarea de c\u0103tre subfurnizor.<\/span><\/p>\n<p><span style=\"color: #000000;\"><strong>6<\/strong> P\u0103strarea titlului<\/span><\/p>\n<p><span style=\"color: #000000;\">6.1. Bunurile livrate r\u0103m\u00e2n proprietatea Duonix p\u00e2n\u0103 la achitarea integral\u0103 a pre\u021bului de achizi\u021bie. Duonix \u00ee\u0219i p\u0103streaz\u0103, de asemenea, proprietatea asupra bunurilor livrate p\u00e2n\u0103 c\u00e2nd toate revendic\u0103rile ap\u0103rute \u00een momentul \u00eencheierii contractului, inclusiv toate revendic\u0103rile din comenzile ulterioare \u0219i comenzile repetate (denumite \u00een continuare \u201erevendicare total\u0103\u201d), au fost \u00eendeplinite.<\/span><\/p>\n<p><span style=\"color: #000000;\">6.2. Prin prezenta, clientul cesioneaz\u0103 lui Duonix \u00een totalitate toate preten\u021biile pe care le dob\u00e2nde\u0219te dintr-o rev\u00e2nzare \u00eempotriva cump\u0103r\u0103torului s\u0103u. Clientul este autorizat \u00een mod revocabil s\u0103 colecteze aceste crean\u021be. Duonix va revoca autoriza\u021bia de a colecta \u0219i colecta \u00een sine crean\u021bele cesionate numai dac\u0103 clientul nu \u00ee\u0219i \u00eendepline\u0219te obliga\u021biile de plat\u0103 fa\u021b\u0103 de Duonix sau a fost depus\u0103 o cerere de deschidere a procedurii de insolven\u021b\u0103 \u00eempotriva activelor clientului.<\/span><\/p>\n<p><span style=\"color: #000000;\">6.3 Duonix este obligat s\u0103 elibereze garan\u021biile existente la cererea clientului \u00een m\u0103sura \u00een care valoarea acestora dep\u0103\u0219e\u0219te cu peste 20% valoarea crean\u021bei totale. Selectarea garan\u021biei care urmeaz\u0103 s\u0103 fie eliberat\u0103 este la discre\u021bia Duonix.<\/span><\/p>\n<p><span style=\"color: #000000;\"><strong>7<\/strong> Obliga\u021bia de a examina \u0219i de a notifica defectele\/garan\u021bia<\/span><\/p>\n<p><span style=\"color: #000000;\">7.1 Clientul este obligat s\u0103 verifice bunurile imediat dup\u0103 primire \u0219i s\u0103 notifice Duonix cu privire la orice defecte evidente \u00een termen de dou\u0103 s\u0103pt\u0103m\u00e2ni. In cazul in care notificarea nu se face la timp, se exclude invocarea revendicarilor in garantie pe baza acestor defecte.<\/span><\/p>\n<p><span style=\"color: #000000;\">7.2 Reclama\u021biile pentru defecte materiale devin prescrise dup\u0103 o perioad\u0103 de un an de la livrarea articolului.<\/span><\/p>\n<p><span style=\"color: #000000;\">7.3 \u00cen cazul \u00een care clientul sus\u021bine preten\u021bii fa\u021b\u0103 de Duonix din cauza defectelor materiale, dar inspec\u021bia m\u0103rfurilor relev\u0103 c\u0103 defectul nu se datoreaz\u0103 unui defect care era deja prezent la momentul livr\u0103rii, Duonix poate cere desp\u0103gubiri de la client pentru lucr\u0103rile de inspec\u021bie. \u0219i costurile suportate \u00een cazul \u00een care clientul Observ\u00e2nd \u00eengrijirea necesar\u0103 ar fi putut recunoa\u0219te c\u0103 defectul nu se bazeaz\u0103 pe un defect care era deja prezent la momentul livr\u0103rii.<\/span><\/p>\n<p><span style=\"color: #000000;\"><strong>8<\/strong> R\u0103spundere<\/span><\/p>\n<p><span style=\"color: #000000;\">Duonix este r\u0103spunz\u0103toare pentru prejudiciul cauzat clientului \u00een mod inten\u021bionat sau din neglijen\u021b\u0103 grav\u0103, care se bazeaz\u0103 pe o \u00eenc\u0103lcare din culp\u0103 a obliga\u021biilor contractuale esen\u021biale, care este rezultatul unei v\u0103t\u0103m\u0103ri a s\u0103n\u0103t\u0103\u021bii, a corpului sau a vie\u021bii sau pentru care r\u0103spunderea este prev\u0103zut\u0103 de Legea privind r\u0103spunderea pentru produse, prevederile legale. \u00cen afar\u0103 de aceasta, r\u0103spunderea \u2013 indiferent de motivul legal \u2013 este exclus\u0103.<\/span><\/p>\n<p><span style=\"color: #000000;\"><strong>9<\/strong> Interdic\u021bia de compensare\/dreptul de re\u021binere<\/span><\/p>\n<p><span style=\"color: #000000;\">9.1 Clientul nu are dreptul la compensare. Aceast\u0103 interdic\u021bie nu se aplic\u0103 pentru compensarea cererilor reconven\u021bionale care nu sunt contestate de Duonix sau care au fost stabilite legal.<\/span><\/p>\n<p><span style=\"color: #000000;\">9.2 Clientul nu poate pretinde un drept de re\u021binere.<\/span><\/p>\n<p><span style=\"color: #000000;\"><strong>10<\/strong> Confiden\u021bialitate<\/span><\/p>\n<p><span style=\"color: #000000;\">Clientul este informat c\u0103 datele personale furnizate de acesta la comanda, precum numele, adresa, num\u0103rul de telefon, num\u0103rul de fax \u0219i adresa de e-mail, vor fi stocate \u0219i prelucrate doar \u00een scopul proces\u0103rii contractului de cump\u0103rare. Datele vor fi accesibile ter\u021bilor numai \u00een m\u0103sura \u00een care este necesar proces\u0103rii contractului de cump\u0103rare.<\/span><\/p>\n<p><span style=\"color: #000000;\"><strong>11<\/strong> Dispozi\u021bii finale<\/span><\/p>\n<p><span style=\"color: #000000;\">11.1 Legea Republicii Federale Rom\u00e2nia se aplic\u0103 exclusiv contractului.<\/span><\/p>\n<p><span style=\"color: #000000;\">Este exclus\u0103 aplicarea legii ONU privind v\u00e2nz\u0103rile.<\/span><\/p>\n","protected":false},"excerpt":{"rendered":"<p>Termenii \u0219i condi\u021biile generale ale DUONIX EUROPE GROUP S.R.L. 1 Domeniul de aplicare Ace\u0219ti termeni \u0219i condi\u021bii generale se aplic\u0103 tuturor celor cuprinse \u00eentre DUONIX EUROPE<span class=\"excerpt-hellip\"> [\u2026]<\/span><\/p>\n","protected":false},"author":1,"featured_media":0,"parent":0,"menu_order":0,"comment_status":"open","ping_status":"closed","template":"","meta":{"footnotes":""},"class_list":["post-4702","page","type-page","status-publish","hentry"],"yoast_head":"<!-- This site is optimized with the Yoast SEO plugin v27.3 - https:\/\/yoast.com\/product\/yoast-seo-wordpress\/ -->\n<title>Termenii \u0219i condi\u021bii - TPMS C\u00f4ng ty gi\u1ea3i ph\u00e1p ch\u1ea9n \u0111o\u00e1n \u00f4 t\u00f4, xe m\u00e1y<\/title>\n<meta name=\"robots\" content=\"index, follow, max-snippet:-1, max-image-preview:large, max-video-preview:-1\" \/>\n<link rel=\"canonical\" href=\"https:\/\/www.duonix.eu\/vi\/termenii-si-conditii\/\" \/>\n<meta property=\"og:locale\" content=\"vi_VN\" \/>\n<meta property=\"og:type\" content=\"article\" \/>\n<meta property=\"og:title\" content=\"Termenii \u0219i condi\u021bii - TPMS C\u00f4ng ty gi\u1ea3i ph\u00e1p ch\u1ea9n \u0111o\u00e1n \u00f4 t\u00f4, xe m\u00e1y\" \/>\n<meta property=\"og:description\" content=\"Termenii \u0219i condi\u021biile generale ale DUONIX EUROPE GROUP S.R.L. 1 Domeniul de aplicare Ace\u0219ti termeni \u0219i condi\u021bii generale se aplic\u0103 tuturor celor cuprinse \u00eentre DUONIX EUROPE [\u2026]\" \/>\n<meta property=\"og:url\" content=\"https:\/\/www.duonix.eu\/vi\/termenii-si-conditii\/\" \/>\n<meta property=\"og:site_name\" content=\"TPMS C\u00f4ng ty gi\u1ea3i ph\u00e1p ch\u1ea9n \u0111o\u00e1n \u00f4 t\u00f4, xe m\u00e1y\" \/>\n<meta property=\"article:modified_time\" content=\"2023-03-03T09:01:27+00:00\" \/>\n<meta name=\"twitter:card\" content=\"summary_large_image\" \/>\n<meta name=\"twitter:label1\" content=\"Est. reading time\" \/>\n\t<meta name=\"twitter:data1\" content=\"5 minutes\" \/>\n<script type=\"application\/ld+json\" class=\"yoast-schema-graph\">{\"@context\":\"https:\\\/\\\/schema.org\",\"@graph\":[{\"@type\":\"WebPage\",\"@id\":\"https:\\\/\\\/www.duonix.eu\\\/vi\\\/termenii-si-conditii\\\/\",\"url\":\"https:\\\/\\\/www.duonix.eu\\\/vi\\\/termenii-si-conditii\\\/\",\"name\":\"Termenii \u0219i condi\u021bii - TPMS C\u00f4ng ty gi\u1ea3i ph\u00e1p ch\u1ea9n \u0111o\u00e1n \u00f4 t\u00f4, xe m\u00e1y\",\"isPartOf\":{\"@id\":\"https:\\\/\\\/www.duonix.eu\\\/vi\\\/#website\"},\"datePublished\":\"2023-02-10T05:35:25+00:00\",\"dateModified\":\"2023-03-03T09:01:27+00:00\",\"breadcrumb\":{\"@id\":\"https:\\\/\\\/www.duonix.eu\\\/vi\\\/termenii-si-conditii\\\/#breadcrumb\"},\"inLanguage\":\"vi-VN\",\"potentialAction\":[{\"@type\":\"ReadAction\",\"target\":[\"https:\\\/\\\/www.duonix.eu\\\/vi\\\/termenii-si-conditii\\\/\"]}]},{\"@type\":\"BreadcrumbList\",\"@id\":\"https:\\\/\\\/www.duonix.eu\\\/vi\\\/termenii-si-conditii\\\/#breadcrumb\",\"itemListElement\":[{\"@type\":\"ListItem\",\"position\":1,\"name\":\"Startseite\",\"item\":\"https:\\\/\\\/www.duonix.eu\\\/vi\\\/\"},{\"@type\":\"ListItem\",\"position\":2,\"name\":\"Termenii \u0219i condi\u021bii\"}]},{\"@type\":\"WebSite\",\"@id\":\"https:\\\/\\\/www.duonix.eu\\\/vi\\\/#website\",\"url\":\"https:\\\/\\\/www.duonix.eu\\\/vi\\\/\",\"name\":\"Duonix Professional diagnostic tool and TPMS for motorcycles and cars\",\"description\":\"\",\"publisher\":{\"@id\":\"https:\\\/\\\/www.duonix.eu\\\/vi\\\/#organization\"},\"potentialAction\":[{\"@type\":\"SearchAction\",\"target\":{\"@type\":\"EntryPoint\",\"urlTemplate\":\"https:\\\/\\\/www.duonix.eu\\\/vi\\\/?s={search_term_string}\"},\"query-input\":{\"@type\":\"PropertyValueSpecification\",\"valueRequired\":true,\"valueName\":\"search_term_string\"}}],\"inLanguage\":\"vi-VN\"},{\"@type\":\"Organization\",\"@id\":\"https:\\\/\\\/www.duonix.eu\\\/vi\\\/#organization\",\"name\":\"Duonix Professional diagnostic tool and TPMS for motorcycles and cars\",\"url\":\"https:\\\/\\\/www.duonix.eu\\\/vi\\\/\",\"logo\":{\"@type\":\"ImageObject\",\"inLanguage\":\"vi-VN\",\"@id\":\"https:\\\/\\\/www.duonix.eu\\\/vi\\\/#\\\/schema\\\/logo\\\/image\\\/\",\"url\":\"https:\\\/\\\/www.duonix.eu\\\/wp-content\\\/uploads\\\/2023\\\/02\\\/cropped-logo3-1.png\",\"contentUrl\":\"https:\\\/\\\/www.duonix.eu\\\/wp-content\\\/uploads\\\/2023\\\/02\\\/cropped-logo3-1.png\",\"width\":600,\"height\":400,\"caption\":\"Duonix Professional diagnostic tool and TPMS for motorcycles and cars\"},\"image\":{\"@id\":\"https:\\\/\\\/www.duonix.eu\\\/vi\\\/#\\\/schema\\\/logo\\\/image\\\/\"}}]}<\/script>\n<!-- \/ Yoast SEO plugin. -->","yoast_head_json":{"title":"Termenii \u0219i condi\u021bii - TPMS C\u00f4ng ty gi\u1ea3i ph\u00e1p ch\u1ea9n \u0111o\u00e1n \u00f4 t\u00f4, xe m\u00e1y","robots":{"index":"index","follow":"follow","max-snippet":"max-snippet:-1","max-image-preview":"max-image-preview:large","max-video-preview":"max-video-preview:-1"},"canonical":"https:\/\/www.duonix.eu\/vi\/termenii-si-conditii\/","og_locale":"vi_VN","og_type":"article","og_title":"Termenii \u0219i condi\u021bii - TPMS C\u00f4ng ty gi\u1ea3i ph\u00e1p ch\u1ea9n \u0111o\u00e1n \u00f4 t\u00f4, xe m\u00e1y","og_description":"Termenii \u0219i condi\u021biile generale ale DUONIX EUROPE GROUP S.R.L. 1 Domeniul de aplicare Ace\u0219ti termeni \u0219i condi\u021bii generale se aplic\u0103 tuturor celor cuprinse \u00eentre DUONIX EUROPE [\u2026]","og_url":"https:\/\/www.duonix.eu\/vi\/termenii-si-conditii\/","og_site_name":"TPMS C\u00f4ng ty gi\u1ea3i ph\u00e1p ch\u1ea9n \u0111o\u00e1n \u00f4 t\u00f4, xe m\u00e1y","article_modified_time":"2023-03-03T09:01:27+00:00","twitter_card":"summary_large_image","twitter_misc":{"Est. reading time":"5 minutes"},"schema":{"@context":"https:\/\/schema.org","@graph":[{"@type":"WebPage","@id":"https:\/\/www.duonix.eu\/vi\/termenii-si-conditii\/","url":"https:\/\/www.duonix.eu\/vi\/termenii-si-conditii\/","name":"Termenii \u0219i condi\u021bii - TPMS C\u00f4ng ty gi\u1ea3i ph\u00e1p ch\u1ea9n \u0111o\u00e1n \u00f4 t\u00f4, xe m\u00e1y","isPartOf":{"@id":"https:\/\/www.duonix.eu\/vi\/#website"},"datePublished":"2023-02-10T05:35:25+00:00","dateModified":"2023-03-03T09:01:27+00:00","breadcrumb":{"@id":"https:\/\/www.duonix.eu\/vi\/termenii-si-conditii\/#breadcrumb"},"inLanguage":"vi-VN","potentialAction":[{"@type":"ReadAction","target":["https:\/\/www.duonix.eu\/vi\/termenii-si-conditii\/"]}]},{"@type":"BreadcrumbList","@id":"https:\/\/www.duonix.eu\/vi\/termenii-si-conditii\/#breadcrumb","itemListElement":[{"@type":"ListItem","position":1,"name":"Startseite","item":"https:\/\/www.duonix.eu\/vi\/"},{"@type":"ListItem","position":2,"name":"Termenii \u0219i condi\u021bii"}]},{"@type":"WebSite","@id":"https:\/\/www.duonix.eu\/vi\/#website","url":"https:\/\/www.duonix.eu\/vi\/","name":"Duonix Professional diagnostic tool and TPMS for motorcycles and cars","description":"","publisher":{"@id":"https:\/\/www.duonix.eu\/vi\/#organization"},"potentialAction":[{"@type":"SearchAction","target":{"@type":"EntryPoint","urlTemplate":"https:\/\/www.duonix.eu\/vi\/?s={search_term_string}"},"query-input":{"@type":"PropertyValueSpecification","valueRequired":true,"valueName":"search_term_string"}}],"inLanguage":"vi-VN"},{"@type":"Organization","@id":"https:\/\/www.duonix.eu\/vi\/#organization","name":"Duonix Professional diagnostic tool and TPMS for motorcycles and cars","url":"https:\/\/www.duonix.eu\/vi\/","logo":{"@type":"ImageObject","inLanguage":"vi-VN","@id":"https:\/\/www.duonix.eu\/vi\/#\/schema\/logo\/image\/","url":"https:\/\/www.duonix.eu\/wp-content\/uploads\/2023\/02\/cropped-logo3-1.png","contentUrl":"https:\/\/www.duonix.eu\/wp-content\/uploads\/2023\/02\/cropped-logo3-1.png","width":600,"height":400,"caption":"Duonix Professional diagnostic tool and TPMS for motorcycles and cars"},"image":{"@id":"https:\/\/www.duonix.eu\/vi\/#\/schema\/logo\/image\/"}}]}},"_links":{"self":[{"href":"https:\/\/www.duonix.eu\/vi\/wp-json\/wp\/v2\/pages\/4702","targetHints":{"allow":["GET"]}}],"collection":[{"href":"https:\/\/www.duonix.eu\/vi\/wp-json\/wp\/v2\/pages"}],"about":[{"href":"https:\/\/www.duonix.eu\/vi\/wp-json\/wp\/v2\/types\/page"}],"author":[{"embeddable":true,"href":"https:\/\/www.duonix.eu\/vi\/wp-json\/wp\/v2\/users\/1"}],"replies":[{"embeddable":true,"href":"https:\/\/www.duonix.eu\/vi\/wp-json\/wp\/v2\/comments?post=4702"}],"version-history":[{"count":1,"href":"https:\/\/www.duonix.eu\/vi\/wp-json\/wp\/v2\/pages\/4702\/revisions"}],"predecessor-version":[{"id":4711,"href":"https:\/\/www.duonix.eu\/vi\/wp-json\/wp\/v2\/pages\/4702\/revisions\/4711"}],"wp:attachment":[{"href":"https:\/\/www.duonix.eu\/vi\/wp-json\/wp\/v2\/media?parent=4702"}],"curies":[{"name":"wp","href":"https:\/\/api.w.org\/{rel}","templated":true}]}}