{"id":5242,"date":"2023-03-12T09:46:38","date_gmt":"2023-03-12T07:46:38","guid":{"rendered":"https:\/\/www.duonix.eu\/produkt\/bike-scan-2-pro-for-suzuki\/"},"modified":"2023-04-12T12:46:54","modified_gmt":"2023-04-12T09:46:54","slug":"bike-scan-2-pro-for-suzuki","status":"publish","type":"product","link":"https:\/\/www.duonix.eu\/tr\/produkt\/bike-scan-2-pro-for-suzuki\/","title":{"rendered":"Bike-Scan 2 Pro i\u00e7in Suzuki"},"content":{"rendered":"<h2 style=\"text-align: center;\"><span class=\"HwtZe\" lang=\"tr\" style=\"color: #000000;\"><span class=\"jCAhz ChMk0b\"><span class=\"ryNqvb\">Taray\u0131c\u0131 te\u015fhis cihaz\u0131 motosiklet<\/span><\/span><\/span><\/h2>\n<h4 style=\"text-align: center;\">Adrress 110 \/ 125<\/h4>\n<h4 style=\"text-align: center;\">B-King<\/h4>\n<h4 style=\"text-align: center;\">Bandit 1200 \/ 1250 \/ 150 \/ 650<\/h4>\n<h4 style=\"text-align: center;\">Boulevard<\/h4>\n<h4 style=\"text-align: center;\">Burgman 125 \/ 200 \/ 250 \/ 400 \/ 650<\/h4>\n<h4 style=\"text-align: center;\">Gladius 400 \/ 650<\/h4>\n<h4 style=\"text-align: center;\">GSR 400 \/ 600 \/ 750<\/h4>\n<h4 style=\"text-align: center;\">GSX<\/h4>\n<h4 style=\"text-align: center;\">Hayabusa<\/h4>\n<h4 style=\"text-align: center;\">Intruder<\/h4>\n<h4 style=\"text-align: center;\">Katana<\/h4>\n<h4 style=\"text-align: center;\">King Quad<\/h4>\n<h4 style=\"text-align: center;\">Lets 4<\/h4>\n<h4 style=\"text-align: center;\">Marauder<\/h4>\n<h4 style=\"text-align: center;\">Sixteen<\/h4>\n<h4 style=\"text-align: center;\">Skywave<\/h4>\n<h4 style=\"text-align: center;\">SV 650 \/ 1000<\/h4>\n<h4 style=\"text-align: center;\">TU<\/h4>\n<h4 style=\"text-align: center;\">V-Strom 1000 \/ 650 \/ 250<\/h4>\n<h4 style=\"text-align: center;\">Volusia<\/h4>\n","protected":false},"excerpt":{"rendered":"<p>Taray\u0131c\u0131 te\u015fhis cihaz\u0131 motosiklet Adrress 110 \/ 125 B-King Bandit 1200 \/ 1250 \/ 150 \/ 650 Boulevard Burgman 125 \/ 200 \/ 250 \/ 400<span class=\"excerpt-hellip\"> [\u2026]<\/span><\/p>\n","protected":false},"featured_media":1767,"template":"","meta":[],"product_brand":[],"product_cat":[104],"product_tag":[],"class_list":{"0":"post-5242","1":"product","2":"type-product","3":"status-publish","4":"has-post-thumbnail","6":"product_cat-diyagnostik","8":"first","9":"instock","10":"taxable","11":"shipping-taxable","12":"purchasable","13":"product-type-variable"},"yoast_head":"<!-- This site is optimized with the Yoast SEO plugin v27.3 - https:\/\/yoast.com\/product\/yoast-seo-wordpress\/ -->\n<title>Bike-Scan 2 Pro i\u00e7in Suzuki - Te\u015fhis cihaz\u0131 taray\u0131c\u0131s\u0131 motosiklet t\u00fcm \u00fcreticiler TPMS programlama<\/title>\n<meta name=\"robots\" content=\"index, follow, max-snippet:-1, max-image-preview:large, max-video-preview:-1\" \/>\n<link rel=\"canonical\" href=\"https:\/\/www.duonix.eu\/tr\/produkt\/bike-scan-2-pro-for-suzuki\/\" \/>\n<meta property=\"og:locale\" content=\"tr_TR\" \/>\n<meta property=\"og:type\" content=\"article\" \/>\n<meta property=\"og:title\" content=\"Bike-Scan 2 Pro i\u00e7in Suzuki - Te\u015fhis cihaz\u0131 taray\u0131c\u0131s\u0131 motosiklet t\u00fcm \u00fcreticiler TPMS programlama\" \/>\n<meta property=\"og:description\" content=\"Taray\u0131c\u0131 te\u015fhis cihaz\u0131 motosiklet Adrress 110 \/ 125 B-King Bandit 1200 \/ 1250 \/ 150 \/ 650 Boulevard Burgman 125 \/ 200 \/ 250 \/ 400 [\u2026]\" \/>\n<meta property=\"og:url\" content=\"https:\/\/www.duonix.eu\/tr\/produkt\/bike-scan-2-pro-for-suzuki\/\" \/>\n<meta property=\"og:site_name\" content=\"Te\u015fhis cihaz\u0131 taray\u0131c\u0131s\u0131 motosiklet t\u00fcm \u00fcreticiler TPMS programlama\" \/>\n<meta property=\"article:modified_time\" content=\"2023-04-12T09:46:54+00:00\" \/>\n<meta property=\"og:image\" content=\"https:\/\/www.duonix.eu\/wp-content\/uploads\/2020\/09\/CZ7A4463_TFa.jpg\" \/>\n\t<meta property=\"og:image:width\" content=\"1344\" \/>\n\t<meta property=\"og:image:height\" content=\"896\" \/>\n\t<meta property=\"og:image:type\" content=\"image\/jpeg\" \/>\n<meta name=\"twitter:card\" content=\"summary_large_image\" \/>\n<script type=\"application\/ld+json\" class=\"yoast-schema-graph\">{\"@context\":\"https:\\\/\\\/schema.org\",\"@graph\":[{\"@type\":\"WebPage\",\"@id\":\"https:\\\/\\\/www.duonix.eu\\\/tr\\\/produkt\\\/bike-scan-2-pro-for-suzuki\\\/\",\"url\":\"https:\\\/\\\/www.duonix.eu\\\/tr\\\/produkt\\\/bike-scan-2-pro-for-suzuki\\\/\",\"name\":\"Bike-Scan 2 Pro i\u00e7in Suzuki - Te\u015fhis cihaz\u0131 taray\u0131c\u0131s\u0131 motosiklet t\u00fcm \u00fcreticiler TPMS programlama\",\"isPartOf\":{\"@id\":\"https:\\\/\\\/www.duonix.eu\\\/tr\\\/#website\"},\"primaryImageOfPage\":{\"@id\":\"https:\\\/\\\/www.duonix.eu\\\/tr\\\/produkt\\\/bike-scan-2-pro-for-suzuki\\\/#primaryimage\"},\"image\":{\"@id\":\"https:\\\/\\\/www.duonix.eu\\\/tr\\\/produkt\\\/bike-scan-2-pro-for-suzuki\\\/#primaryimage\"},\"thumbnailUrl\":\"https:\\\/\\\/www.duonix.eu\\\/wp-content\\\/uploads\\\/2020\\\/09\\\/CZ7A4463_TFa.jpg\",\"datePublished\":\"2023-03-12T07:46:38+00:00\",\"dateModified\":\"2023-04-12T09:46:54+00:00\",\"breadcrumb\":{\"@id\":\"https:\\\/\\\/www.duonix.eu\\\/tr\\\/produkt\\\/bike-scan-2-pro-for-suzuki\\\/#breadcrumb\"},\"inLanguage\":\"tr\",\"potentialAction\":[{\"@type\":\"ReadAction\",\"target\":[\"https:\\\/\\\/www.duonix.eu\\\/tr\\\/produkt\\\/bike-scan-2-pro-for-suzuki\\\/\"]}]},{\"@type\":\"ImageObject\",\"inLanguage\":\"tr\",\"@id\":\"https:\\\/\\\/www.duonix.eu\\\/tr\\\/produkt\\\/bike-scan-2-pro-for-suzuki\\\/#primaryimage\",\"url\":\"https:\\\/\\\/www.duonix.eu\\\/wp-content\\\/uploads\\\/2020\\\/09\\\/CZ7A4463_TFa.jpg\",\"contentUrl\":\"https:\\\/\\\/www.duonix.eu\\\/wp-content\\\/uploads\\\/2020\\\/09\\\/CZ7A4463_TFa.jpg\",\"width\":1344,\"height\":896},{\"@type\":\"BreadcrumbList\",\"@id\":\"https:\\\/\\\/www.duonix.eu\\\/tr\\\/produkt\\\/bike-scan-2-pro-for-suzuki\\\/#breadcrumb\",\"itemListElement\":[{\"@type\":\"ListItem\",\"position\":1,\"name\":\"Startseite\",\"item\":\"https:\\\/\\\/www.duonix.eu\\\/tr\\\/\"},{\"@type\":\"ListItem\",\"position\":2,\"name\":\"\u00dcr\u00fcnler\",\"item\":\"https:\\\/\\\/www.duonix.eu\\\/products\\\/\"},{\"@type\":\"ListItem\",\"position\":3,\"name\":\"Bike-Scan 2 Pro i\u00e7in Suzuki\"}]},{\"@type\":\"WebSite\",\"@id\":\"https:\\\/\\\/www.duonix.eu\\\/tr\\\/#website\",\"url\":\"https:\\\/\\\/www.duonix.eu\\\/tr\\\/\",\"name\":\"Duonix Professional diagnostic tool and TPMS for motorcycles and cars\",\"description\":\"\",\"publisher\":{\"@id\":\"https:\\\/\\\/www.duonix.eu\\\/tr\\\/#organization\"},\"potentialAction\":[{\"@type\":\"SearchAction\",\"target\":{\"@type\":\"EntryPoint\",\"urlTemplate\":\"https:\\\/\\\/www.duonix.eu\\\/tr\\\/?s={search_term_string}\"},\"query-input\":{\"@type\":\"PropertyValueSpecification\",\"valueRequired\":true,\"valueName\":\"search_term_string\"}}],\"inLanguage\":\"tr\"},{\"@type\":\"Organization\",\"@id\":\"https:\\\/\\\/www.duonix.eu\\\/tr\\\/#organization\",\"name\":\"Duonix Professional diagnostic tool and TPMS for motorcycles and cars\",\"url\":\"https:\\\/\\\/www.duonix.eu\\\/tr\\\/\",\"logo\":{\"@type\":\"ImageObject\",\"inLanguage\":\"tr\",\"@id\":\"https:\\\/\\\/www.duonix.eu\\\/tr\\\/#\\\/schema\\\/logo\\\/image\\\/\",\"url\":\"https:\\\/\\\/www.duonix.eu\\\/wp-content\\\/uploads\\\/2023\\\/02\\\/cropped-logo3-1.png\",\"contentUrl\":\"https:\\\/\\\/www.duonix.eu\\\/wp-content\\\/uploads\\\/2023\\\/02\\\/cropped-logo3-1.png\",\"width\":600,\"height\":400,\"caption\":\"Duonix Professional diagnostic tool and TPMS for motorcycles and cars\"},\"image\":{\"@id\":\"https:\\\/\\\/www.duonix.eu\\\/tr\\\/#\\\/schema\\\/logo\\\/image\\\/\"}}]}<\/script>\n<!-- \/ Yoast SEO plugin. -->","yoast_head_json":{"title":"Bike-Scan 2 Pro i\u00e7in Suzuki - Te\u015fhis cihaz\u0131 taray\u0131c\u0131s\u0131 motosiklet t\u00fcm \u00fcreticiler TPMS programlama","robots":{"index":"index","follow":"follow","max-snippet":"max-snippet:-1","max-image-preview":"max-image-preview:large","max-video-preview":"max-video-preview:-1"},"canonical":"https:\/\/www.duonix.eu\/tr\/produkt\/bike-scan-2-pro-for-suzuki\/","og_locale":"tr_TR","og_type":"article","og_title":"Bike-Scan 2 Pro i\u00e7in Suzuki - Te\u015fhis cihaz\u0131 taray\u0131c\u0131s\u0131 motosiklet t\u00fcm \u00fcreticiler TPMS programlama","og_description":"Taray\u0131c\u0131 te\u015fhis cihaz\u0131 motosiklet Adrress 110 \/ 125 B-King Bandit 1200 \/ 1250 \/ 150 \/ 650 Boulevard Burgman 125 \/ 200 \/ 250 \/ 400 [\u2026]","og_url":"https:\/\/www.duonix.eu\/tr\/produkt\/bike-scan-2-pro-for-suzuki\/","og_site_name":"Te\u015fhis cihaz\u0131 taray\u0131c\u0131s\u0131 motosiklet t\u00fcm \u00fcreticiler TPMS programlama","article_modified_time":"2023-04-12T09:46:54+00:00","og_image":[{"width":1344,"height":896,"url":"https:\/\/www.duonix.eu\/wp-content\/uploads\/2020\/09\/CZ7A4463_TFa.jpg","type":"image\/jpeg"}],"twitter_card":"summary_large_image","schema":{"@context":"https:\/\/schema.org","@graph":[{"@type":"WebPage","@id":"https:\/\/www.duonix.eu\/tr\/produkt\/bike-scan-2-pro-for-suzuki\/","url":"https:\/\/www.duonix.eu\/tr\/produkt\/bike-scan-2-pro-for-suzuki\/","name":"Bike-Scan 2 Pro i\u00e7in Suzuki - Te\u015fhis cihaz\u0131 taray\u0131c\u0131s\u0131 motosiklet t\u00fcm \u00fcreticiler TPMS programlama","isPartOf":{"@id":"https:\/\/www.duonix.eu\/tr\/#website"},"primaryImageOfPage":{"@id":"https:\/\/www.duonix.eu\/tr\/produkt\/bike-scan-2-pro-for-suzuki\/#primaryimage"},"image":{"@id":"https:\/\/www.duonix.eu\/tr\/produkt\/bike-scan-2-pro-for-suzuki\/#primaryimage"},"thumbnailUrl":"https:\/\/www.duonix.eu\/wp-content\/uploads\/2020\/09\/CZ7A4463_TFa.jpg","datePublished":"2023-03-12T07:46:38+00:00","dateModified":"2023-04-12T09:46:54+00:00","breadcrumb":{"@id":"https:\/\/www.duonix.eu\/tr\/produkt\/bike-scan-2-pro-for-suzuki\/#breadcrumb"},"inLanguage":"tr","potentialAction":[{"@type":"ReadAction","target":["https:\/\/www.duonix.eu\/tr\/produkt\/bike-scan-2-pro-for-suzuki\/"]}]},{"@type":"ImageObject","inLanguage":"tr","@id":"https:\/\/www.duonix.eu\/tr\/produkt\/bike-scan-2-pro-for-suzuki\/#primaryimage","url":"https:\/\/www.duonix.eu\/wp-content\/uploads\/2020\/09\/CZ7A4463_TFa.jpg","contentUrl":"https:\/\/www.duonix.eu\/wp-content\/uploads\/2020\/09\/CZ7A4463_TFa.jpg","width":1344,"height":896},{"@type":"BreadcrumbList","@id":"https:\/\/www.duonix.eu\/tr\/produkt\/bike-scan-2-pro-for-suzuki\/#breadcrumb","itemListElement":[{"@type":"ListItem","position":1,"name":"Startseite","item":"https:\/\/www.duonix.eu\/tr\/"},{"@type":"ListItem","position":2,"name":"\u00dcr\u00fcnler","item":"https:\/\/www.duonix.eu\/products\/"},{"@type":"ListItem","position":3,"name":"Bike-Scan 2 Pro i\u00e7in Suzuki"}]},{"@type":"WebSite","@id":"https:\/\/www.duonix.eu\/tr\/#website","url":"https:\/\/www.duonix.eu\/tr\/","name":"Duonix Professional diagnostic tool and TPMS for motorcycles and cars","description":"","publisher":{"@id":"https:\/\/www.duonix.eu\/tr\/#organization"},"potentialAction":[{"@type":"SearchAction","target":{"@type":"EntryPoint","urlTemplate":"https:\/\/www.duonix.eu\/tr\/?s={search_term_string}"},"query-input":{"@type":"PropertyValueSpecification","valueRequired":true,"valueName":"search_term_string"}}],"inLanguage":"tr"},{"@type":"Organization","@id":"https:\/\/www.duonix.eu\/tr\/#organization","name":"Duonix Professional diagnostic tool and TPMS for motorcycles and cars","url":"https:\/\/www.duonix.eu\/tr\/","logo":{"@type":"ImageObject","inLanguage":"tr","@id":"https:\/\/www.duonix.eu\/tr\/#\/schema\/logo\/image\/","url":"https:\/\/www.duonix.eu\/wp-content\/uploads\/2023\/02\/cropped-logo3-1.png","contentUrl":"https:\/\/www.duonix.eu\/wp-content\/uploads\/2023\/02\/cropped-logo3-1.png","width":600,"height":400,"caption":"Duonix Professional diagnostic tool and TPMS for motorcycles and cars"},"image":{"@id":"https:\/\/www.duonix.eu\/tr\/#\/schema\/logo\/image\/"}}]}},"_links":{"self":[{"href":"https:\/\/www.duonix.eu\/tr\/wp-json\/wp\/v2\/product\/5242","targetHints":{"allow":["GET"]}}],"collection":[{"href":"https:\/\/www.duonix.eu\/tr\/wp-json\/wp\/v2\/product"}],"about":[{"href":"https:\/\/www.duonix.eu\/tr\/wp-json\/wp\/v2\/types\/product"}],"wp:featuredmedia":[{"embeddable":true,"href":"https:\/\/www.duonix.eu\/tr\/wp-json\/wp\/v2\/media\/1767"}],"wp:attachment":[{"href":"https:\/\/www.duonix.eu\/tr\/wp-json\/wp\/v2\/media?parent=5242"}],"wp:term":[{"taxonomy":"product_brand","embeddable":true,"href":"https:\/\/www.duonix.eu\/tr\/wp-json\/wp\/v2\/product_brand?post=5242"},{"taxonomy":"product_cat","embeddable":true,"href":"https:\/\/www.duonix.eu\/tr\/wp-json\/wp\/v2\/product_cat?post=5242"},{"taxonomy":"product_tag","embeddable":true,"href":"https:\/\/www.duonix.eu\/tr\/wp-json\/wp\/v2\/product_tag?post=5242"}],"curies":[{"name":"wp","href":"https:\/\/api.w.org\/{rel}","templated":true}]}}