{"id":6275,"date":"2025-05-16T10:56:54","date_gmt":"2025-05-16T07:56:54","guid":{"rendered":"https:\/\/www.duonix.eu\/ultra-can-100-security-system\/"},"modified":"2025-05-16T10:56:54","modified_gmt":"2025-05-16T07:56:54","slug":"ultra-can-100-security-system","status":"publish","type":"page","link":"https:\/\/www.duonix.eu\/tr\/ultra-can-100-security-system\/","title":{"rendered":"Ultra CAN 100 Security System"},"content":{"rendered":"","protected":false},"excerpt":{"rendered":"","protected":false},"author":1,"featured_media":0,"parent":0,"menu_order":0,"comment_status":"closed","ping_status":"closed","template":"","meta":{"footnotes":""},"class_list":["post-6275","page","type-page","status-publish","hentry"],"yoast_head":"<!-- This site is optimized with the Yoast SEO plugin v27.3 - https:\/\/yoast.com\/product\/yoast-seo-wordpress\/ -->\n<title>Ultra CAN 100 Security System - Te\u015fhis cihaz\u0131 taray\u0131c\u0131s\u0131 motosiklet t\u00fcm \u00fcreticiler TPMS programlama<\/title>\n<meta name=\"robots\" content=\"index, follow, max-snippet:-1, max-image-preview:large, max-video-preview:-1\" \/>\n<link rel=\"canonical\" href=\"https:\/\/www.duonix.eu\/tr\/ultra-can-100-security-system\/\" \/>\n<meta property=\"og:locale\" content=\"tr_TR\" \/>\n<meta property=\"og:type\" content=\"article\" \/>\n<meta property=\"og:title\" content=\"Ultra CAN 100 Security System - Te\u015fhis cihaz\u0131 taray\u0131c\u0131s\u0131 motosiklet t\u00fcm \u00fcreticiler TPMS programlama\" \/>\n<meta property=\"og:url\" content=\"https:\/\/www.duonix.eu\/tr\/ultra-can-100-security-system\/\" \/>\n<meta property=\"og:site_name\" content=\"Te\u015fhis cihaz\u0131 taray\u0131c\u0131s\u0131 motosiklet t\u00fcm \u00fcreticiler TPMS programlama\" \/>\n<meta name=\"twitter:card\" content=\"summary_large_image\" \/>\n<script type=\"application\/ld+json\" class=\"yoast-schema-graph\">{\"@context\":\"https:\\\/\\\/schema.org\",\"@graph\":[{\"@type\":\"WebPage\",\"@id\":\"https:\\\/\\\/www.duonix.eu\\\/tr\\\/ultra-can-100-security-system\\\/\",\"url\":\"https:\\\/\\\/www.duonix.eu\\\/tr\\\/ultra-can-100-security-system\\\/\",\"name\":\"Ultra CAN 100 Security System - Te\u015fhis cihaz\u0131 taray\u0131c\u0131s\u0131 motosiklet t\u00fcm \u00fcreticiler TPMS programlama\",\"isPartOf\":{\"@id\":\"https:\\\/\\\/www.duonix.eu\\\/tr\\\/#website\"},\"datePublished\":\"2025-05-16T07:56:54+00:00\",\"breadcrumb\":{\"@id\":\"https:\\\/\\\/www.duonix.eu\\\/tr\\\/ultra-can-100-security-system\\\/#breadcrumb\"},\"inLanguage\":\"tr\",\"potentialAction\":[{\"@type\":\"ReadAction\",\"target\":[\"https:\\\/\\\/www.duonix.eu\\\/tr\\\/ultra-can-100-security-system\\\/\"]}]},{\"@type\":\"BreadcrumbList\",\"@id\":\"https:\\\/\\\/www.duonix.eu\\\/tr\\\/ultra-can-100-security-system\\\/#breadcrumb\",\"itemListElement\":[{\"@type\":\"ListItem\",\"position\":1,\"name\":\"Startseite\",\"item\":\"https:\\\/\\\/www.duonix.eu\\\/tr\\\/\"},{\"@type\":\"ListItem\",\"position\":2,\"name\":\"Ultra CAN 100 Security System\"}]},{\"@type\":\"WebSite\",\"@id\":\"https:\\\/\\\/www.duonix.eu\\\/tr\\\/#website\",\"url\":\"https:\\\/\\\/www.duonix.eu\\\/tr\\\/\",\"name\":\"Duonix Professional diagnostic tool and TPMS for motorcycles and cars\",\"description\":\"\",\"publisher\":{\"@id\":\"https:\\\/\\\/www.duonix.eu\\\/tr\\\/#organization\"},\"potentialAction\":[{\"@type\":\"SearchAction\",\"target\":{\"@type\":\"EntryPoint\",\"urlTemplate\":\"https:\\\/\\\/www.duonix.eu\\\/tr\\\/?s={search_term_string}\"},\"query-input\":{\"@type\":\"PropertyValueSpecification\",\"valueRequired\":true,\"valueName\":\"search_term_string\"}}],\"inLanguage\":\"tr\"},{\"@type\":\"Organization\",\"@id\":\"https:\\\/\\\/www.duonix.eu\\\/tr\\\/#organization\",\"name\":\"Duonix Professional diagnostic tool and TPMS for motorcycles and cars\",\"url\":\"https:\\\/\\\/www.duonix.eu\\\/tr\\\/\",\"logo\":{\"@type\":\"ImageObject\",\"inLanguage\":\"tr\",\"@id\":\"https:\\\/\\\/www.duonix.eu\\\/tr\\\/#\\\/schema\\\/logo\\\/image\\\/\",\"url\":\"https:\\\/\\\/www.duonix.eu\\\/wp-content\\\/uploads\\\/2023\\\/02\\\/cropped-logo3-1.png\",\"contentUrl\":\"https:\\\/\\\/www.duonix.eu\\\/wp-content\\\/uploads\\\/2023\\\/02\\\/cropped-logo3-1.png\",\"width\":600,\"height\":400,\"caption\":\"Duonix Professional diagnostic tool and TPMS for motorcycles and cars\"},\"image\":{\"@id\":\"https:\\\/\\\/www.duonix.eu\\\/tr\\\/#\\\/schema\\\/logo\\\/image\\\/\"}}]}<\/script>\n<!-- \/ Yoast SEO plugin. -->","yoast_head_json":{"title":"Ultra CAN 100 Security System - Te\u015fhis cihaz\u0131 taray\u0131c\u0131s\u0131 motosiklet t\u00fcm \u00fcreticiler TPMS programlama","robots":{"index":"index","follow":"follow","max-snippet":"max-snippet:-1","max-image-preview":"max-image-preview:large","max-video-preview":"max-video-preview:-1"},"canonical":"https:\/\/www.duonix.eu\/tr\/ultra-can-100-security-system\/","og_locale":"tr_TR","og_type":"article","og_title":"Ultra CAN 100 Security System - Te\u015fhis cihaz\u0131 taray\u0131c\u0131s\u0131 motosiklet t\u00fcm \u00fcreticiler TPMS programlama","og_url":"https:\/\/www.duonix.eu\/tr\/ultra-can-100-security-system\/","og_site_name":"Te\u015fhis cihaz\u0131 taray\u0131c\u0131s\u0131 motosiklet t\u00fcm \u00fcreticiler TPMS programlama","twitter_card":"summary_large_image","schema":{"@context":"https:\/\/schema.org","@graph":[{"@type":"WebPage","@id":"https:\/\/www.duonix.eu\/tr\/ultra-can-100-security-system\/","url":"https:\/\/www.duonix.eu\/tr\/ultra-can-100-security-system\/","name":"Ultra CAN 100 Security System - Te\u015fhis cihaz\u0131 taray\u0131c\u0131s\u0131 motosiklet t\u00fcm \u00fcreticiler TPMS programlama","isPartOf":{"@id":"https:\/\/www.duonix.eu\/tr\/#website"},"datePublished":"2025-05-16T07:56:54+00:00","breadcrumb":{"@id":"https:\/\/www.duonix.eu\/tr\/ultra-can-100-security-system\/#breadcrumb"},"inLanguage":"tr","potentialAction":[{"@type":"ReadAction","target":["https:\/\/www.duonix.eu\/tr\/ultra-can-100-security-system\/"]}]},{"@type":"BreadcrumbList","@id":"https:\/\/www.duonix.eu\/tr\/ultra-can-100-security-system\/#breadcrumb","itemListElement":[{"@type":"ListItem","position":1,"name":"Startseite","item":"https:\/\/www.duonix.eu\/tr\/"},{"@type":"ListItem","position":2,"name":"Ultra CAN 100 Security System"}]},{"@type":"WebSite","@id":"https:\/\/www.duonix.eu\/tr\/#website","url":"https:\/\/www.duonix.eu\/tr\/","name":"Duonix Professional diagnostic tool and TPMS for motorcycles and cars","description":"","publisher":{"@id":"https:\/\/www.duonix.eu\/tr\/#organization"},"potentialAction":[{"@type":"SearchAction","target":{"@type":"EntryPoint","urlTemplate":"https:\/\/www.duonix.eu\/tr\/?s={search_term_string}"},"query-input":{"@type":"PropertyValueSpecification","valueRequired":true,"valueName":"search_term_string"}}],"inLanguage":"tr"},{"@type":"Organization","@id":"https:\/\/www.duonix.eu\/tr\/#organization","name":"Duonix Professional diagnostic tool and TPMS for motorcycles and cars","url":"https:\/\/www.duonix.eu\/tr\/","logo":{"@type":"ImageObject","inLanguage":"tr","@id":"https:\/\/www.duonix.eu\/tr\/#\/schema\/logo\/image\/","url":"https:\/\/www.duonix.eu\/wp-content\/uploads\/2023\/02\/cropped-logo3-1.png","contentUrl":"https:\/\/www.duonix.eu\/wp-content\/uploads\/2023\/02\/cropped-logo3-1.png","width":600,"height":400,"caption":"Duonix Professional diagnostic tool and TPMS for motorcycles and cars"},"image":{"@id":"https:\/\/www.duonix.eu\/tr\/#\/schema\/logo\/image\/"}}]}},"_links":{"self":[{"href":"https:\/\/www.duonix.eu\/tr\/wp-json\/wp\/v2\/pages\/6275","targetHints":{"allow":["GET"]}}],"collection":[{"href":"https:\/\/www.duonix.eu\/tr\/wp-json\/wp\/v2\/pages"}],"about":[{"href":"https:\/\/www.duonix.eu\/tr\/wp-json\/wp\/v2\/types\/page"}],"author":[{"embeddable":true,"href":"https:\/\/www.duonix.eu\/tr\/wp-json\/wp\/v2\/users\/1"}],"replies":[{"embeddable":true,"href":"https:\/\/www.duonix.eu\/tr\/wp-json\/wp\/v2\/comments?post=6275"}],"version-history":[{"count":0,"href":"https:\/\/www.duonix.eu\/tr\/wp-json\/wp\/v2\/pages\/6275\/revisions"}],"wp:attachment":[{"href":"https:\/\/www.duonix.eu\/tr\/wp-json\/wp\/v2\/media?parent=6275"}],"curies":[{"name":"wp","href":"https:\/\/api.w.org\/{rel}","templated":true}]}}