{"id":6101,"date":"2023-10-19T14:40:21","date_gmt":"2023-10-19T11:40:21","guid":{"rendered":"https:\/\/www.duonix.eu\/suzuki\/"},"modified":"2023-12-16T20:02:02","modified_gmt":"2023-12-16T18:02:02","slug":"suzuki","status":"publish","type":"page","link":"https:\/\/www.duonix.eu\/tr\/suzuki\/","title":{"rendered":"Suzuki"},"content":{"rendered":"<h2 style=\"text-align: center;\"><span style=\"color: #000000;\">Suzuki motosikletler i\u00e7in ar\u0131za tespit cihaz\u0131<\/span><\/h2>\n<h4 style=\"text-align: center;\"><span style=\"color: #000000;\">Sistem motosikletin t\u00fcm elektronik aksam\u0131n\u0131 kapsar ve motosiklette sorun gidermeyi kullan\u0131c\u0131 i\u00e7in kolayla\u015ft\u0131r\u0131r.<\/span><\/h4>\n<p style=\"text-align: center;\"><img loading=\"lazy\" decoding=\"async\" class=\"alignnone size-full wp-image-2535\" src=\"https:\/\/www.duonix.eu\/wp-content\/uploads\/2020\/09\/CZ7A4618_TFa.jpg\" alt=\"\" width=\"1344\" height=\"896\" srcset=\"https:\/\/www.duonix.eu\/wp-content\/uploads\/2020\/09\/CZ7A4618_TFa.jpg 1344w, https:\/\/www.duonix.eu\/wp-content\/uploads\/2020\/09\/CZ7A4618_TFa-300x200.jpg 300w, https:\/\/www.duonix.eu\/wp-content\/uploads\/2020\/09\/CZ7A4618_TFa-1024x683.jpg 1024w, https:\/\/www.duonix.eu\/wp-content\/uploads\/2020\/09\/CZ7A4618_TFa-768x512.jpg 768w, https:\/\/www.duonix.eu\/wp-content\/uploads\/2020\/09\/CZ7A4618_TFa-219x146.jpg 219w, https:\/\/www.duonix.eu\/wp-content\/uploads\/2020\/09\/CZ7A4618_TFa-50x33.jpg 50w, https:\/\/www.duonix.eu\/wp-content\/uploads\/2020\/09\/CZ7A4618_TFa-113x75.jpg 113w, https:\/\/www.duonix.eu\/wp-content\/uploads\/2020\/09\/CZ7A4618_TFa-1320x880.jpg 1320w, https:\/\/www.duonix.eu\/wp-content\/uploads\/2020\/09\/CZ7A4618_TFa-800x533.jpg 800w\" sizes=\"auto, (max-width:767px) 480px, (max-width:1344px) 100vw, 1344px\" \/><\/p>\n<h4 style=\"text-align: center;\"><span style=\"color: #000000;\"><strong>A\u015fa\u011f\u0131daki Suzuki modellerini destekler:<\/strong><\/span><\/h4>\n<p style=\"text-align: center;\"><span style=\"color: #000000;\">Adrress 110 \/ 125<\/span><\/p>\n<p style=\"text-align: center;\"><span style=\"color: #000000;\">B-King<\/span><br \/>\n<span style=\"color: #000000;\">Bandit 1200 \/ 1250 \/ 150 \/ 650<\/span><br \/>\n<span style=\"color: #000000;\">Boulevard<\/span><br \/>\n<span style=\"color: #000000;\">Burgman 125 \/ 200 \/ 250 \/ 400 \/ 650<\/span><br \/>\n<span style=\"color: #000000;\">Gladius 400 \/ 650<\/span><br \/>\n<span style=\"color: #000000;\">GSR 400 \/ 600 \/ 750<\/span><br \/>\n<span style=\"color: #000000;\">GSX<\/span><br \/>\n<span style=\"color: #000000;\">Hayabusa<\/span><br \/>\n<span style=\"color: #000000;\">Intruder<\/span><br \/>\n<span style=\"color: #000000;\">Katana<\/span><br \/>\n<span style=\"color: #000000;\">King Quad<\/span><br \/>\n<span style=\"color: #000000;\">Lets 4<\/span><br \/>\n<span style=\"color: #000000;\">Marauder<\/span><br \/>\n<span style=\"color: #000000;\">Sixteen<\/span><br \/>\n<span style=\"color: #000000;\">Skywave<\/span><br \/>\n<span style=\"color: #000000;\">SV 650 \/ 1000<\/span><br \/>\n<span style=\"color: #000000;\">TU<\/span><br \/>\n<span style=\"color: #000000;\">V-Strom 1000 \/ 650 \/ 250 \/ 1050<\/span><br \/>\n<span style=\"color: #000000;\">Volusia<\/span><\/p>\n<h4 style=\"text-align: center;\"><span style=\"color: #000000;\"><strong>\u00d6zel fonksiyonlara \u00f6rnekler:<\/strong><\/span><\/h4>\n<p style=\"text-align: center;\"><span style=\"color: #000000;\">Servis s\u0131f\u0131rlama<\/span><\/p>\n<p style=\"text-align: center;\"><span style=\"color: #000000;\">ABS mod\u00fclat\u00f6r\u00fc Hava Alma<\/span><\/p>\n<p style=\"text-align: center;\"><span style=\"color: #000000;\">Akt\u00fcat\u00f6r te\u015fhisi<\/span><\/p>\n<p style=\"text-align: center;\"><span style=\"color: #000000;\">Sens\u00f6rlerin kalibrasyonu<\/span><\/p>\n<p style=\"text-align: center;\"><span style=\"color: #000000;\">Uyarlama de\u011ferlerini sil<\/span><\/p>\n<p style=\"text-align: center;\"><span style=\"color: #000000;\">TPMS sens\u00f6rlerini programlama<\/span><\/p>\n<p style=\"text-align: center;\"><span style=\"color: #000000;\">VIN \/ KM Yazma<\/span><\/p>\n<p style=\"text-align: center;\"><span style=\"color: #000000;\">TP s\u0131f\u0131r S\u0131f\u0131rlama<\/span><\/p>\n<p style=\"text-align: center;\"><span style=\"color: #000000;\">ISC s\u0131f\u0131r S\u0131f\u0131rlama<\/span><\/p>\n<p style=\"text-align: center;\"><span style=\"color: #000000;\">PPS \u00d6\u011frenilen De\u011fer S\u0131f\u0131rlama<\/span><\/p>\n<p style=\"text-align: center;\"><span style=\"color: #000000;\">Motor zaman\u0131 S\u0131f\u0131rlama<\/span><\/p>\n<p style=\"text-align: center;\"><span style=\"color: #000000;\">ve \u00e7ok daha fazlas\u0131&#8230;<\/span><\/p>\n<p>&nbsp;<\/p>\n","protected":false},"excerpt":{"rendered":"<p>Suzuki motosikletler i\u00e7in ar\u0131za tespit cihaz\u0131 Sistem motosikletin t\u00fcm elektronik aksam\u0131n\u0131 kapsar ve motosiklette sorun gidermeyi kullan\u0131c\u0131 i\u00e7in kolayla\u015ft\u0131r\u0131r. A\u015fa\u011f\u0131daki Suzuki modellerini destekler: Adrress 110 \/<span class=\"excerpt-hellip\"> [\u2026]<\/span><\/p>\n","protected":false},"author":1,"featured_media":0,"parent":0,"menu_order":0,"comment_status":"closed","ping_status":"closed","template":"","meta":{"footnotes":""},"class_list":["post-6101","page","type-page","status-publish","hentry"],"yoast_head":"<!-- This site is optimized with the Yoast SEO plugin v27.3 - https:\/\/yoast.com\/product\/yoast-seo-wordpress\/ -->\n<title>motosiklet te\u015fhis T\u00dcRK\u00c7E ARIZA TESP\u0130T C\u0130HAZI bikescan Euro 5<\/title>\n<meta name=\"description\" content=\"motosiklet te\u015fhis T\u00dcRK\u00c7E ARIZA TESP\u0130T C\u0130HAZI bikescan Euro 5 Suzuki Honda Kawasaki BMW KTM Moto Guzzi Aprilia Yamaha Ducati Triumph SYM VESPA\" \/>\n<meta name=\"robots\" content=\"index, follow, max-snippet:-1, max-image-preview:large, max-video-preview:-1\" \/>\n<link rel=\"canonical\" href=\"https:\/\/www.duonix.eu\/tr\/suzuki\/\" \/>\n<meta property=\"og:locale\" content=\"tr_TR\" \/>\n<meta property=\"og:type\" content=\"article\" \/>\n<meta property=\"og:title\" content=\"motosiklet te\u015fhis T\u00dcRK\u00c7E ARIZA TESP\u0130T C\u0130HAZI bikescan Euro 5\" \/>\n<meta property=\"og:description\" content=\"motosiklet te\u015fhis T\u00dcRK\u00c7E ARIZA TESP\u0130T C\u0130HAZI bikescan Euro 5 Suzuki Honda Kawasaki BMW KTM Moto Guzzi Aprilia Yamaha Ducati Triumph SYM VESPA\" \/>\n<meta property=\"og:url\" content=\"https:\/\/www.duonix.eu\/tr\/suzuki\/\" \/>\n<meta property=\"og:site_name\" content=\"Te\u015fhis cihaz\u0131 taray\u0131c\u0131s\u0131 motosiklet t\u00fcm \u00fcreticiler TPMS programlama\" \/>\n<meta property=\"article:modified_time\" content=\"2023-12-16T18:02:02+00:00\" \/>\n<meta property=\"og:image\" content=\"https:\/\/www.duonix.eu\/wp-content\/uploads\/2020\/09\/CZ7A4618_TFa.jpg\" \/>\n<meta name=\"twitter:card\" content=\"summary_large_image\" \/>\n<meta name=\"twitter:label1\" content=\"Tahmini okuma s\u00fcresi\" \/>\n\t<meta name=\"twitter:data1\" content=\"1 dakika\" \/>\n<script type=\"application\/ld+json\" class=\"yoast-schema-graph\">{\"@context\":\"https:\\\/\\\/schema.org\",\"@graph\":[{\"@type\":\"WebPage\",\"@id\":\"https:\\\/\\\/www.duonix.eu\\\/tr\\\/suzuki\\\/\",\"url\":\"https:\\\/\\\/www.duonix.eu\\\/tr\\\/suzuki\\\/\",\"name\":\"motosiklet te\u015fhis T\u00dcRK\u00c7E ARIZA TESP\u0130T C\u0130HAZI bikescan Euro 5\",\"isPartOf\":{\"@id\":\"https:\\\/\\\/www.duonix.eu\\\/tr\\\/#website\"},\"primaryImageOfPage\":{\"@id\":\"https:\\\/\\\/www.duonix.eu\\\/tr\\\/suzuki\\\/#primaryimage\"},\"image\":{\"@id\":\"https:\\\/\\\/www.duonix.eu\\\/tr\\\/suzuki\\\/#primaryimage\"},\"thumbnailUrl\":\"https:\\\/\\\/www.duonix.eu\\\/wp-content\\\/uploads\\\/2020\\\/09\\\/CZ7A4618_TFa.jpg\",\"datePublished\":\"2023-10-19T11:40:21+00:00\",\"dateModified\":\"2023-12-16T18:02:02+00:00\",\"description\":\"motosiklet te\u015fhis T\u00dcRK\u00c7E ARIZA TESP\u0130T C\u0130HAZI bikescan Euro 5 Suzuki Honda Kawasaki BMW KTM Moto Guzzi Aprilia Yamaha Ducati Triumph SYM VESPA\",\"breadcrumb\":{\"@id\":\"https:\\\/\\\/www.duonix.eu\\\/tr\\\/suzuki\\\/#breadcrumb\"},\"inLanguage\":\"tr\",\"potentialAction\":[{\"@type\":\"ReadAction\",\"target\":[\"https:\\\/\\\/www.duonix.eu\\\/tr\\\/suzuki\\\/\"]}]},{\"@type\":\"ImageObject\",\"inLanguage\":\"tr\",\"@id\":\"https:\\\/\\\/www.duonix.eu\\\/tr\\\/suzuki\\\/#primaryimage\",\"url\":\"https:\\\/\\\/www.duonix.eu\\\/wp-content\\\/uploads\\\/2020\\\/09\\\/CZ7A4618_TFa.jpg\",\"contentUrl\":\"https:\\\/\\\/www.duonix.eu\\\/wp-content\\\/uploads\\\/2020\\\/09\\\/CZ7A4618_TFa.jpg\"},{\"@type\":\"BreadcrumbList\",\"@id\":\"https:\\\/\\\/www.duonix.eu\\\/tr\\\/suzuki\\\/#breadcrumb\",\"itemListElement\":[{\"@type\":\"ListItem\",\"position\":1,\"name\":\"Startseite\",\"item\":\"https:\\\/\\\/www.duonix.eu\\\/tr\\\/\"},{\"@type\":\"ListItem\",\"position\":2,\"name\":\"Suzuki\"}]},{\"@type\":\"WebSite\",\"@id\":\"https:\\\/\\\/www.duonix.eu\\\/tr\\\/#website\",\"url\":\"https:\\\/\\\/www.duonix.eu\\\/tr\\\/\",\"name\":\"Duonix Professional diagnostic tool and TPMS for motorcycles and cars\",\"description\":\"\",\"publisher\":{\"@id\":\"https:\\\/\\\/www.duonix.eu\\\/tr\\\/#organization\"},\"potentialAction\":[{\"@type\":\"SearchAction\",\"target\":{\"@type\":\"EntryPoint\",\"urlTemplate\":\"https:\\\/\\\/www.duonix.eu\\\/tr\\\/?s={search_term_string}\"},\"query-input\":{\"@type\":\"PropertyValueSpecification\",\"valueRequired\":true,\"valueName\":\"search_term_string\"}}],\"inLanguage\":\"tr\"},{\"@type\":\"Organization\",\"@id\":\"https:\\\/\\\/www.duonix.eu\\\/tr\\\/#organization\",\"name\":\"Duonix Professional diagnostic tool and TPMS for motorcycles and cars\",\"url\":\"https:\\\/\\\/www.duonix.eu\\\/tr\\\/\",\"logo\":{\"@type\":\"ImageObject\",\"inLanguage\":\"tr\",\"@id\":\"https:\\\/\\\/www.duonix.eu\\\/tr\\\/#\\\/schema\\\/logo\\\/image\\\/\",\"url\":\"https:\\\/\\\/www.duonix.eu\\\/wp-content\\\/uploads\\\/2023\\\/02\\\/cropped-logo3-1.png\",\"contentUrl\":\"https:\\\/\\\/www.duonix.eu\\\/wp-content\\\/uploads\\\/2023\\\/02\\\/cropped-logo3-1.png\",\"width\":600,\"height\":400,\"caption\":\"Duonix Professional diagnostic tool and TPMS for motorcycles and cars\"},\"image\":{\"@id\":\"https:\\\/\\\/www.duonix.eu\\\/tr\\\/#\\\/schema\\\/logo\\\/image\\\/\"}}]}<\/script>\n<!-- \/ Yoast SEO plugin. -->","yoast_head_json":{"title":"motosiklet te\u015fhis T\u00dcRK\u00c7E ARIZA TESP\u0130T C\u0130HAZI bikescan Euro 5","description":"motosiklet te\u015fhis T\u00dcRK\u00c7E ARIZA TESP\u0130T C\u0130HAZI bikescan Euro 5 Suzuki Honda Kawasaki BMW KTM Moto Guzzi Aprilia Yamaha Ducati Triumph SYM VESPA","robots":{"index":"index","follow":"follow","max-snippet":"max-snippet:-1","max-image-preview":"max-image-preview:large","max-video-preview":"max-video-preview:-1"},"canonical":"https:\/\/www.duonix.eu\/tr\/suzuki\/","og_locale":"tr_TR","og_type":"article","og_title":"motosiklet te\u015fhis T\u00dcRK\u00c7E ARIZA TESP\u0130T C\u0130HAZI bikescan Euro 5","og_description":"motosiklet te\u015fhis T\u00dcRK\u00c7E ARIZA TESP\u0130T C\u0130HAZI bikescan Euro 5 Suzuki Honda Kawasaki BMW KTM Moto Guzzi Aprilia Yamaha Ducati Triumph SYM VESPA","og_url":"https:\/\/www.duonix.eu\/tr\/suzuki\/","og_site_name":"Te\u015fhis cihaz\u0131 taray\u0131c\u0131s\u0131 motosiklet t\u00fcm \u00fcreticiler TPMS programlama","article_modified_time":"2023-12-16T18:02:02+00:00","og_image":[{"url":"https:\/\/www.duonix.eu\/wp-content\/uploads\/2020\/09\/CZ7A4618_TFa.jpg","type":"","width":"","height":""}],"twitter_card":"summary_large_image","twitter_misc":{"Tahmini okuma s\u00fcresi":"1 dakika"},"schema":{"@context":"https:\/\/schema.org","@graph":[{"@type":"WebPage","@id":"https:\/\/www.duonix.eu\/tr\/suzuki\/","url":"https:\/\/www.duonix.eu\/tr\/suzuki\/","name":"motosiklet te\u015fhis T\u00dcRK\u00c7E ARIZA TESP\u0130T C\u0130HAZI bikescan Euro 5","isPartOf":{"@id":"https:\/\/www.duonix.eu\/tr\/#website"},"primaryImageOfPage":{"@id":"https:\/\/www.duonix.eu\/tr\/suzuki\/#primaryimage"},"image":{"@id":"https:\/\/www.duonix.eu\/tr\/suzuki\/#primaryimage"},"thumbnailUrl":"https:\/\/www.duonix.eu\/wp-content\/uploads\/2020\/09\/CZ7A4618_TFa.jpg","datePublished":"2023-10-19T11:40:21+00:00","dateModified":"2023-12-16T18:02:02+00:00","description":"motosiklet te\u015fhis T\u00dcRK\u00c7E ARIZA TESP\u0130T C\u0130HAZI bikescan Euro 5 Suzuki Honda Kawasaki BMW KTM Moto Guzzi Aprilia Yamaha Ducati Triumph SYM VESPA","breadcrumb":{"@id":"https:\/\/www.duonix.eu\/tr\/suzuki\/#breadcrumb"},"inLanguage":"tr","potentialAction":[{"@type":"ReadAction","target":["https:\/\/www.duonix.eu\/tr\/suzuki\/"]}]},{"@type":"ImageObject","inLanguage":"tr","@id":"https:\/\/www.duonix.eu\/tr\/suzuki\/#primaryimage","url":"https:\/\/www.duonix.eu\/wp-content\/uploads\/2020\/09\/CZ7A4618_TFa.jpg","contentUrl":"https:\/\/www.duonix.eu\/wp-content\/uploads\/2020\/09\/CZ7A4618_TFa.jpg"},{"@type":"BreadcrumbList","@id":"https:\/\/www.duonix.eu\/tr\/suzuki\/#breadcrumb","itemListElement":[{"@type":"ListItem","position":1,"name":"Startseite","item":"https:\/\/www.duonix.eu\/tr\/"},{"@type":"ListItem","position":2,"name":"Suzuki"}]},{"@type":"WebSite","@id":"https:\/\/www.duonix.eu\/tr\/#website","url":"https:\/\/www.duonix.eu\/tr\/","name":"Duonix Professional diagnostic tool and TPMS for motorcycles and cars","description":"","publisher":{"@id":"https:\/\/www.duonix.eu\/tr\/#organization"},"potentialAction":[{"@type":"SearchAction","target":{"@type":"EntryPoint","urlTemplate":"https:\/\/www.duonix.eu\/tr\/?s={search_term_string}"},"query-input":{"@type":"PropertyValueSpecification","valueRequired":true,"valueName":"search_term_string"}}],"inLanguage":"tr"},{"@type":"Organization","@id":"https:\/\/www.duonix.eu\/tr\/#organization","name":"Duonix Professional diagnostic tool and TPMS for motorcycles and cars","url":"https:\/\/www.duonix.eu\/tr\/","logo":{"@type":"ImageObject","inLanguage":"tr","@id":"https:\/\/www.duonix.eu\/tr\/#\/schema\/logo\/image\/","url":"https:\/\/www.duonix.eu\/wp-content\/uploads\/2023\/02\/cropped-logo3-1.png","contentUrl":"https:\/\/www.duonix.eu\/wp-content\/uploads\/2023\/02\/cropped-logo3-1.png","width":600,"height":400,"caption":"Duonix Professional diagnostic tool and TPMS for motorcycles and cars"},"image":{"@id":"https:\/\/www.duonix.eu\/tr\/#\/schema\/logo\/image\/"}}]}},"_links":{"self":[{"href":"https:\/\/www.duonix.eu\/tr\/wp-json\/wp\/v2\/pages\/6101","targetHints":{"allow":["GET"]}}],"collection":[{"href":"https:\/\/www.duonix.eu\/tr\/wp-json\/wp\/v2\/pages"}],"about":[{"href":"https:\/\/www.duonix.eu\/tr\/wp-json\/wp\/v2\/types\/page"}],"author":[{"embeddable":true,"href":"https:\/\/www.duonix.eu\/tr\/wp-json\/wp\/v2\/users\/1"}],"replies":[{"embeddable":true,"href":"https:\/\/www.duonix.eu\/tr\/wp-json\/wp\/v2\/comments?post=6101"}],"version-history":[{"count":2,"href":"https:\/\/www.duonix.eu\/tr\/wp-json\/wp\/v2\/pages\/6101\/revisions"}],"predecessor-version":[{"id":6104,"href":"https:\/\/www.duonix.eu\/tr\/wp-json\/wp\/v2\/pages\/6101\/revisions\/6104"}],"wp:attachment":[{"href":"https:\/\/www.duonix.eu\/tr\/wp-json\/wp\/v2\/media?parent=6101"}],"curies":[{"name":"wp","href":"https:\/\/api.w.org\/{rel}","templated":true}]}}