{"id":6098,"date":"2023-10-19T14:40:21","date_gmt":"2023-10-19T11:40:21","guid":{"rendered":"https:\/\/www.duonix.eu\/suzuki\/"},"modified":"2023-12-16T20:19:40","modified_gmt":"2023-12-16T18:19:40","slug":"suzuki","status":"publish","type":"page","link":"https:\/\/www.duonix.eu\/ro\/suzuki\/","title":{"rendered":"Suzuki"},"content":{"rendered":"<h2 style=\"text-align: center;\"><span style=\"color: #000000;\">Instrument de diagnosticare pentru motociclete Suzuki<\/span><\/h2>\n<h4 style=\"text-align: center;\"><span style=\"color: #000000;\">Sistemul acoper\u0103 toate componentele electronice ale motocicletei \u0219i faciliteaz\u0103 depanarea pe motociclet\u0103 pentru utilizator.<\/span><\/h4>\n<p style=\"text-align: center;\"><img loading=\"lazy\" decoding=\"async\" class=\"alignnone size-full wp-image-2535\" src=\"https:\/\/www.duonix.eu\/wp-content\/uploads\/2020\/09\/CZ7A4618_TFa.jpg\" alt=\"\" width=\"1344\" height=\"896\" srcset=\"https:\/\/www.duonix.eu\/wp-content\/uploads\/2020\/09\/CZ7A4618_TFa.jpg 1344w, https:\/\/www.duonix.eu\/wp-content\/uploads\/2020\/09\/CZ7A4618_TFa-300x200.jpg 300w, https:\/\/www.duonix.eu\/wp-content\/uploads\/2020\/09\/CZ7A4618_TFa-1024x683.jpg 1024w, https:\/\/www.duonix.eu\/wp-content\/uploads\/2020\/09\/CZ7A4618_TFa-768x512.jpg 768w, https:\/\/www.duonix.eu\/wp-content\/uploads\/2020\/09\/CZ7A4618_TFa-219x146.jpg 219w, https:\/\/www.duonix.eu\/wp-content\/uploads\/2020\/09\/CZ7A4618_TFa-50x33.jpg 50w, https:\/\/www.duonix.eu\/wp-content\/uploads\/2020\/09\/CZ7A4618_TFa-113x75.jpg 113w, https:\/\/www.duonix.eu\/wp-content\/uploads\/2020\/09\/CZ7A4618_TFa-1320x880.jpg 1320w, https:\/\/www.duonix.eu\/wp-content\/uploads\/2020\/09\/CZ7A4618_TFa-800x533.jpg 800w\" sizes=\"auto, (max-width:767px) 480px, (max-width:1344px) 100vw, 1344px\" \/><\/p>\n<h4 style=\"text-align: center;\"><span style=\"color: #000000;\"><strong>Compatibil cu urm\u0103toarele modele Suzuki:<\/strong><\/span><\/h4>\n<p style=\"text-align: center;\"><span style=\"color: #000000;\">Adrress 110 \/ 125<\/span><\/p>\n<p style=\"text-align: center;\"><span style=\"color: #000000;\">B-King<\/span><br \/>\n<span style=\"color: #000000;\">Bandit 1200 \/ 1250 \/ 150 \/ 650<\/span><br \/>\n<span style=\"color: #000000;\">Boulevard<\/span><br \/>\n<span style=\"color: #000000;\">Burgman 125 \/ 200 \/ 250 \/ 400 \/ 650<\/span><br \/>\n<span style=\"color: #000000;\">Gladius 400 \/ 650<\/span><br \/>\n<span style=\"color: #000000;\">GSR 400 \/ 600 \/ 750<\/span><br \/>\n<span style=\"color: #000000;\">GSX<\/span><br \/>\n<span style=\"color: #000000;\">Hayabusa<\/span><br \/>\n<span style=\"color: #000000;\">Intruder<\/span><br \/>\n<span style=\"color: #000000;\">Katana<\/span><br \/>\n<span style=\"color: #000000;\">King Quad<\/span><br \/>\n<span style=\"color: #000000;\">Lets 4<\/span><br \/>\n<span style=\"color: #000000;\">Marauder<\/span><br \/>\n<span style=\"color: #000000;\">Sixteen<\/span><br \/>\n<span style=\"color: #000000;\">Skywave<\/span><br \/>\n<span style=\"color: #000000;\">SV 650 \/ 1000<\/span><br \/>\n<span style=\"color: #000000;\">TU<\/span><br \/>\n<span style=\"color: #000000;\">V-Strom 1000 \/ 650 \/ 250 \/ 1050<\/span><br \/>\n<span style=\"color: #000000;\">Volusia<\/span><\/p>\n<h4 style=\"text-align: center;\"><span style=\"color: #000000;\"><strong>Exemple de func\u021bii speciale:<\/strong><\/span><\/h4>\n<p style=\"text-align: center;\"><span style=\"color: #000000;\">Resetarea serviciului<\/span><\/p>\n<p style=\"text-align: center;\"><span style=\"color: #000000;\">Modulator ABS S\u00e2ngerare<\/span><\/p>\n<p style=\"text-align: center;\"><span style=\"color: #000000;\">Diagnosticarea actuatorului<\/span><\/p>\n<p style=\"text-align: center;\"><span style=\"color: #000000;\">Calibrarea senzorilor<\/span><\/p>\n<p style=\"text-align: center;\"><span style=\"color: #000000;\">\u0218tergerea valorilor de adaptare<\/span><\/p>\n<p style=\"text-align: center;\"><span style=\"color: #000000;\">Programarea senzorilor TPMS<\/span><\/p>\n<p style=\"text-align: center;\"><span style=\"color: #000000;\">Scriere VIN \/ KM<\/span><\/p>\n<p style=\"text-align: center;\"><span style=\"color: #000000;\">Resetare TP zero<\/span><\/p>\n<p style=\"text-align: center;\"><span style=\"color: #000000;\">Resetare zero ISC<\/span><\/p>\n<p style=\"text-align: center;\"><span style=\"color: #000000;\">Resetare valoare \u00eenv\u0103\u021bat\u0103 PPS<\/span><\/p>\n<p style=\"text-align: center;\"><span style=\"color: #000000;\">Timpul motorului Resetare<\/span><\/p>\n<p style=\"text-align: center;\"><span style=\"color: #000000;\">\u0219i multe altele&#8230;<\/span><\/p>\n<p>&nbsp;<\/p>\n","protected":false},"excerpt":{"rendered":"<p>Instrument de diagnosticare pentru motociclete Suzuki Sistemul acoper\u0103 toate componentele electronice ale motocicletei \u0219i faciliteaz\u0103 depanarea pe motociclet\u0103 pentru utilizator. Compatibil cu urm\u0103toarele modele Suzuki: Adrress<span class=\"excerpt-hellip\"> [\u2026]<\/span><\/p>\n","protected":false},"author":1,"featured_media":0,"parent":0,"menu_order":0,"comment_status":"closed","ping_status":"closed","template":"","meta":{"footnotes":""},"class_list":["post-6098","page","type-page","status-publish","hentry"],"yoast_head":"<!-- This site is optimized with the Yoast SEO plugin v27.3 - https:\/\/yoast.com\/product\/yoast-seo-wordpress\/ -->\n<title>Instrument de diagnosticare pentru motociclete Suzuki Bikescan 2<\/title>\n<meta name=\"description\" content=\"Instrument de diagnosticare pentru motociclete Suzuki Bikescan 2 senzorilor TPMS Scriere VIN KM TP zero ISC Resetare valoare \u00eenv\u0103\u021bat\u0103 PPS\" \/>\n<meta name=\"robots\" content=\"index, follow, max-snippet:-1, max-image-preview:large, max-video-preview:-1\" \/>\n<link rel=\"canonical\" href=\"https:\/\/www.duonix.eu\/ro\/suzuki\/\" \/>\n<meta property=\"og:locale\" content=\"ro_RO\" \/>\n<meta property=\"og:type\" content=\"article\" \/>\n<meta property=\"og:title\" content=\"Instrument de diagnosticare pentru motociclete Suzuki Bikescan 2\" \/>\n<meta property=\"og:description\" content=\"Instrument de diagnosticare pentru motociclete Suzuki Bikescan 2 senzorilor TPMS Scriere VIN KM TP zero ISC Resetare valoare \u00eenv\u0103\u021bat\u0103 PPS\" \/>\n<meta property=\"og:url\" content=\"https:\/\/www.duonix.eu\/ro\/suzuki\/\" \/>\n<meta property=\"og:site_name\" content=\"Dispozitiv de diagnosticare Scaner de diagnosticare motociclete \u0219i programare TPMS\" \/>\n<meta property=\"article:modified_time\" content=\"2023-12-16T18:19:40+00:00\" \/>\n<meta property=\"og:image\" content=\"https:\/\/www.duonix.eu\/wp-content\/uploads\/2020\/09\/CZ7A4618_TFa.jpg\" \/>\n<meta name=\"twitter:card\" content=\"summary_large_image\" \/>\n<meta name=\"twitter:label1\" content=\"Timp estimat pentru citire\" \/>\n\t<meta name=\"twitter:data1\" content=\"1 minut\" \/>\n<script type=\"application\/ld+json\" class=\"yoast-schema-graph\">{\"@context\":\"https:\\\/\\\/schema.org\",\"@graph\":[{\"@type\":\"WebPage\",\"@id\":\"https:\\\/\\\/www.duonix.eu\\\/ro\\\/suzuki\\\/\",\"url\":\"https:\\\/\\\/www.duonix.eu\\\/ro\\\/suzuki\\\/\",\"name\":\"Instrument de diagnosticare pentru motociclete Suzuki Bikescan 2\",\"isPartOf\":{\"@id\":\"https:\\\/\\\/www.duonix.eu\\\/ro\\\/#website\"},\"primaryImageOfPage\":{\"@id\":\"https:\\\/\\\/www.duonix.eu\\\/ro\\\/suzuki\\\/#primaryimage\"},\"image\":{\"@id\":\"https:\\\/\\\/www.duonix.eu\\\/ro\\\/suzuki\\\/#primaryimage\"},\"thumbnailUrl\":\"https:\\\/\\\/www.duonix.eu\\\/wp-content\\\/uploads\\\/2020\\\/09\\\/CZ7A4618_TFa.jpg\",\"datePublished\":\"2023-10-19T11:40:21+00:00\",\"dateModified\":\"2023-12-16T18:19:40+00:00\",\"description\":\"Instrument de diagnosticare pentru motociclete Suzuki Bikescan 2 senzorilor TPMS Scriere VIN KM TP zero ISC Resetare valoare \u00eenv\u0103\u021bat\u0103 PPS\",\"breadcrumb\":{\"@id\":\"https:\\\/\\\/www.duonix.eu\\\/ro\\\/suzuki\\\/#breadcrumb\"},\"inLanguage\":\"ro-RO\",\"potentialAction\":[{\"@type\":\"ReadAction\",\"target\":[\"https:\\\/\\\/www.duonix.eu\\\/ro\\\/suzuki\\\/\"]}]},{\"@type\":\"ImageObject\",\"inLanguage\":\"ro-RO\",\"@id\":\"https:\\\/\\\/www.duonix.eu\\\/ro\\\/suzuki\\\/#primaryimage\",\"url\":\"https:\\\/\\\/www.duonix.eu\\\/wp-content\\\/uploads\\\/2020\\\/09\\\/CZ7A4618_TFa.jpg\",\"contentUrl\":\"https:\\\/\\\/www.duonix.eu\\\/wp-content\\\/uploads\\\/2020\\\/09\\\/CZ7A4618_TFa.jpg\"},{\"@type\":\"BreadcrumbList\",\"@id\":\"https:\\\/\\\/www.duonix.eu\\\/ro\\\/suzuki\\\/#breadcrumb\",\"itemListElement\":[{\"@type\":\"ListItem\",\"position\":1,\"name\":\"Startseite\",\"item\":\"https:\\\/\\\/www.duonix.eu\\\/ro\\\/\"},{\"@type\":\"ListItem\",\"position\":2,\"name\":\"Suzuki\"}]},{\"@type\":\"WebSite\",\"@id\":\"https:\\\/\\\/www.duonix.eu\\\/ro\\\/#website\",\"url\":\"https:\\\/\\\/www.duonix.eu\\\/ro\\\/\",\"name\":\"Duonix Professional diagnostic tool and TPMS for motorcycles and cars\",\"description\":\"\",\"publisher\":{\"@id\":\"https:\\\/\\\/www.duonix.eu\\\/ro\\\/#organization\"},\"potentialAction\":[{\"@type\":\"SearchAction\",\"target\":{\"@type\":\"EntryPoint\",\"urlTemplate\":\"https:\\\/\\\/www.duonix.eu\\\/ro\\\/?s={search_term_string}\"},\"query-input\":{\"@type\":\"PropertyValueSpecification\",\"valueRequired\":true,\"valueName\":\"search_term_string\"}}],\"inLanguage\":\"ro-RO\"},{\"@type\":\"Organization\",\"@id\":\"https:\\\/\\\/www.duonix.eu\\\/ro\\\/#organization\",\"name\":\"Duonix Professional diagnostic tool and TPMS for motorcycles and cars\",\"url\":\"https:\\\/\\\/www.duonix.eu\\\/ro\\\/\",\"logo\":{\"@type\":\"ImageObject\",\"inLanguage\":\"ro-RO\",\"@id\":\"https:\\\/\\\/www.duonix.eu\\\/ro\\\/#\\\/schema\\\/logo\\\/image\\\/\",\"url\":\"https:\\\/\\\/www.duonix.eu\\\/wp-content\\\/uploads\\\/2023\\\/02\\\/cropped-logo3-1.png\",\"contentUrl\":\"https:\\\/\\\/www.duonix.eu\\\/wp-content\\\/uploads\\\/2023\\\/02\\\/cropped-logo3-1.png\",\"width\":600,\"height\":400,\"caption\":\"Duonix Professional diagnostic tool and TPMS for motorcycles and cars\"},\"image\":{\"@id\":\"https:\\\/\\\/www.duonix.eu\\\/ro\\\/#\\\/schema\\\/logo\\\/image\\\/\"}}]}<\/script>\n<!-- \/ Yoast SEO plugin. -->","yoast_head_json":{"title":"Instrument de diagnosticare pentru motociclete Suzuki Bikescan 2","description":"Instrument de diagnosticare pentru motociclete Suzuki Bikescan 2 senzorilor TPMS Scriere VIN KM TP zero ISC Resetare valoare \u00eenv\u0103\u021bat\u0103 PPS","robots":{"index":"index","follow":"follow","max-snippet":"max-snippet:-1","max-image-preview":"max-image-preview:large","max-video-preview":"max-video-preview:-1"},"canonical":"https:\/\/www.duonix.eu\/ro\/suzuki\/","og_locale":"ro_RO","og_type":"article","og_title":"Instrument de diagnosticare pentru motociclete Suzuki Bikescan 2","og_description":"Instrument de diagnosticare pentru motociclete Suzuki Bikescan 2 senzorilor TPMS Scriere VIN KM TP zero ISC Resetare valoare \u00eenv\u0103\u021bat\u0103 PPS","og_url":"https:\/\/www.duonix.eu\/ro\/suzuki\/","og_site_name":"Dispozitiv de diagnosticare Scaner de diagnosticare motociclete \u0219i programare TPMS","article_modified_time":"2023-12-16T18:19:40+00:00","og_image":[{"url":"https:\/\/www.duonix.eu\/wp-content\/uploads\/2020\/09\/CZ7A4618_TFa.jpg","type":"","width":"","height":""}],"twitter_card":"summary_large_image","twitter_misc":{"Timp estimat pentru citire":"1 minut"},"schema":{"@context":"https:\/\/schema.org","@graph":[{"@type":"WebPage","@id":"https:\/\/www.duonix.eu\/ro\/suzuki\/","url":"https:\/\/www.duonix.eu\/ro\/suzuki\/","name":"Instrument de diagnosticare pentru motociclete Suzuki Bikescan 2","isPartOf":{"@id":"https:\/\/www.duonix.eu\/ro\/#website"},"primaryImageOfPage":{"@id":"https:\/\/www.duonix.eu\/ro\/suzuki\/#primaryimage"},"image":{"@id":"https:\/\/www.duonix.eu\/ro\/suzuki\/#primaryimage"},"thumbnailUrl":"https:\/\/www.duonix.eu\/wp-content\/uploads\/2020\/09\/CZ7A4618_TFa.jpg","datePublished":"2023-10-19T11:40:21+00:00","dateModified":"2023-12-16T18:19:40+00:00","description":"Instrument de diagnosticare pentru motociclete Suzuki Bikescan 2 senzorilor TPMS Scriere VIN KM TP zero ISC Resetare valoare \u00eenv\u0103\u021bat\u0103 PPS","breadcrumb":{"@id":"https:\/\/www.duonix.eu\/ro\/suzuki\/#breadcrumb"},"inLanguage":"ro-RO","potentialAction":[{"@type":"ReadAction","target":["https:\/\/www.duonix.eu\/ro\/suzuki\/"]}]},{"@type":"ImageObject","inLanguage":"ro-RO","@id":"https:\/\/www.duonix.eu\/ro\/suzuki\/#primaryimage","url":"https:\/\/www.duonix.eu\/wp-content\/uploads\/2020\/09\/CZ7A4618_TFa.jpg","contentUrl":"https:\/\/www.duonix.eu\/wp-content\/uploads\/2020\/09\/CZ7A4618_TFa.jpg"},{"@type":"BreadcrumbList","@id":"https:\/\/www.duonix.eu\/ro\/suzuki\/#breadcrumb","itemListElement":[{"@type":"ListItem","position":1,"name":"Startseite","item":"https:\/\/www.duonix.eu\/ro\/"},{"@type":"ListItem","position":2,"name":"Suzuki"}]},{"@type":"WebSite","@id":"https:\/\/www.duonix.eu\/ro\/#website","url":"https:\/\/www.duonix.eu\/ro\/","name":"Duonix Professional diagnostic tool and TPMS for motorcycles and cars","description":"","publisher":{"@id":"https:\/\/www.duonix.eu\/ro\/#organization"},"potentialAction":[{"@type":"SearchAction","target":{"@type":"EntryPoint","urlTemplate":"https:\/\/www.duonix.eu\/ro\/?s={search_term_string}"},"query-input":{"@type":"PropertyValueSpecification","valueRequired":true,"valueName":"search_term_string"}}],"inLanguage":"ro-RO"},{"@type":"Organization","@id":"https:\/\/www.duonix.eu\/ro\/#organization","name":"Duonix Professional diagnostic tool and TPMS for motorcycles and cars","url":"https:\/\/www.duonix.eu\/ro\/","logo":{"@type":"ImageObject","inLanguage":"ro-RO","@id":"https:\/\/www.duonix.eu\/ro\/#\/schema\/logo\/image\/","url":"https:\/\/www.duonix.eu\/wp-content\/uploads\/2023\/02\/cropped-logo3-1.png","contentUrl":"https:\/\/www.duonix.eu\/wp-content\/uploads\/2023\/02\/cropped-logo3-1.png","width":600,"height":400,"caption":"Duonix Professional diagnostic tool and TPMS for motorcycles and cars"},"image":{"@id":"https:\/\/www.duonix.eu\/ro\/#\/schema\/logo\/image\/"}}]}},"_links":{"self":[{"href":"https:\/\/www.duonix.eu\/ro\/wp-json\/wp\/v2\/pages\/6098","targetHints":{"allow":["GET"]}}],"collection":[{"href":"https:\/\/www.duonix.eu\/ro\/wp-json\/wp\/v2\/pages"}],"about":[{"href":"https:\/\/www.duonix.eu\/ro\/wp-json\/wp\/v2\/types\/page"}],"author":[{"embeddable":true,"href":"https:\/\/www.duonix.eu\/ro\/wp-json\/wp\/v2\/users\/1"}],"replies":[{"embeddable":true,"href":"https:\/\/www.duonix.eu\/ro\/wp-json\/wp\/v2\/comments?post=6098"}],"version-history":[{"count":2,"href":"https:\/\/www.duonix.eu\/ro\/wp-json\/wp\/v2\/pages\/6098\/revisions"}],"predecessor-version":[{"id":6112,"href":"https:\/\/www.duonix.eu\/ro\/wp-json\/wp\/v2\/pages\/6098\/revisions\/6112"}],"wp:attachment":[{"href":"https:\/\/www.duonix.eu\/ro\/wp-json\/wp\/v2\/media?parent=6098"}],"curies":[{"name":"wp","href":"https:\/\/api.w.org\/{rel}","templated":true}]}}