{"id":5273,"date":"2020-09-21T13:30:41","date_gmt":"2020-09-21T10:30:41","guid":{"rendered":"https:\/\/www.duonix.eu\/produkt\/tpms-pro\/"},"modified":"2023-04-09T19:57:43","modified_gmt":"2023-04-09T16:57:43","slug":"tpms-pro","status":"publish","type":"product","link":"https:\/\/www.duonix.eu\/pt-br\/produkt\/tpms-pro\/","title":{"rendered":"TPMS Pro Diagn\u00f3stico e programador"},"content":{"rendered":"<h5><span style=\"color: #000000;\"><strong>Diagn\u00f3stico e programador TPMS Pro para todos os sensores de equipamento original.<\/strong><\/span><\/h5>\n<h3 style=\"text-align: center;\"><\/h3>\n<p>&nbsp;<\/p>\n","protected":false},"excerpt":{"rendered":"<p>Diagn\u00f3stico e programador TPMS Pro para todos os sensores de equipamento original. &nbsp;<\/p>\n","protected":false},"featured_media":3842,"template":"","meta":[],"product_brand":[],"product_cat":[108],"product_tag":[],"class_list":{"0":"post-5273","1":"product","2":"type-product","3":"status-publish","4":"has-post-thumbnail","6":"product_cat-dispositivo-tpms","8":"first","9":"instock","10":"taxable","11":"shipping-taxable","12":"purchasable","13":"product-type-simple"},"yoast_head":"<!-- This site is optimized with the Yoast SEO plugin v27.3 - https:\/\/yoast.com\/product\/yoast-seo-wordpress\/ -->\n<title>TPMS Pro Diagn\u00f3stico e programador - Motocicletas Bike-Scan 2 Diagn\u00f3stico dispositivo Programador TPMS<\/title>\n<meta name=\"robots\" content=\"index, follow, max-snippet:-1, max-image-preview:large, max-video-preview:-1\" \/>\n<link rel=\"canonical\" href=\"https:\/\/www.duonix.eu\/pt-br\/produkt\/tpms-pro\/\" \/>\n<meta property=\"og:locale\" content=\"pt_BR\" \/>\n<meta property=\"og:type\" content=\"article\" \/>\n<meta property=\"og:title\" content=\"TPMS Pro Diagn\u00f3stico e programador - Motocicletas Bike-Scan 2 Diagn\u00f3stico dispositivo Programador TPMS\" \/>\n<meta property=\"og:description\" content=\"Diagn\u00f3stico e programador TPMS Pro para todos os sensores de equipamento original. &nbsp;\" \/>\n<meta property=\"og:url\" content=\"https:\/\/www.duonix.eu\/pt-br\/produkt\/tpms-pro\/\" \/>\n<meta property=\"og:site_name\" content=\"Motocicletas Bike-Scan 2 Diagn\u00f3stico dispositivo Programador TPMS\" \/>\n<meta property=\"article:modified_time\" content=\"2023-04-09T16:57:43+00:00\" \/>\n<meta property=\"og:image\" content=\"https:\/\/www.duonix.eu\/wp-content\/uploads\/2020\/09\/CZ7A0713g_JPG-scaled.jpg\" \/>\n\t<meta property=\"og:image:width\" content=\"2560\" \/>\n\t<meta property=\"og:image:height\" content=\"1707\" \/>\n\t<meta property=\"og:image:type\" content=\"image\/jpeg\" \/>\n<meta name=\"twitter:card\" content=\"summary_large_image\" \/>\n<script type=\"application\/ld+json\" class=\"yoast-schema-graph\">{\"@context\":\"https:\\\/\\\/schema.org\",\"@graph\":[{\"@type\":\"WebPage\",\"@id\":\"https:\\\/\\\/www.duonix.eu\\\/pt-br\\\/produkt\\\/tpms-pro\\\/\",\"url\":\"https:\\\/\\\/www.duonix.eu\\\/pt-br\\\/produkt\\\/tpms-pro\\\/\",\"name\":\"TPMS Pro Diagn\u00f3stico e programador - Motocicletas Bike-Scan 2 Diagn\u00f3stico dispositivo Programador TPMS\",\"isPartOf\":{\"@id\":\"https:\\\/\\\/www.duonix.eu\\\/pt-br\\\/#website\"},\"primaryImageOfPage\":{\"@id\":\"https:\\\/\\\/www.duonix.eu\\\/pt-br\\\/produkt\\\/tpms-pro\\\/#primaryimage\"},\"image\":{\"@id\":\"https:\\\/\\\/www.duonix.eu\\\/pt-br\\\/produkt\\\/tpms-pro\\\/#primaryimage\"},\"thumbnailUrl\":\"https:\\\/\\\/www.duonix.eu\\\/wp-content\\\/uploads\\\/2020\\\/09\\\/CZ7A0713g_JPG-scaled.jpg\",\"datePublished\":\"2020-09-21T10:30:41+00:00\",\"dateModified\":\"2023-04-09T16:57:43+00:00\",\"breadcrumb\":{\"@id\":\"https:\\\/\\\/www.duonix.eu\\\/pt-br\\\/produkt\\\/tpms-pro\\\/#breadcrumb\"},\"inLanguage\":\"pt-BR\",\"potentialAction\":[{\"@type\":\"ReadAction\",\"target\":[\"https:\\\/\\\/www.duonix.eu\\\/pt-br\\\/produkt\\\/tpms-pro\\\/\"]}]},{\"@type\":\"ImageObject\",\"inLanguage\":\"pt-BR\",\"@id\":\"https:\\\/\\\/www.duonix.eu\\\/pt-br\\\/produkt\\\/tpms-pro\\\/#primaryimage\",\"url\":\"https:\\\/\\\/www.duonix.eu\\\/wp-content\\\/uploads\\\/2020\\\/09\\\/CZ7A0713g_JPG-scaled.jpg\",\"contentUrl\":\"https:\\\/\\\/www.duonix.eu\\\/wp-content\\\/uploads\\\/2020\\\/09\\\/CZ7A0713g_JPG-scaled.jpg\",\"width\":2560,\"height\":1707},{\"@type\":\"BreadcrumbList\",\"@id\":\"https:\\\/\\\/www.duonix.eu\\\/pt-br\\\/produkt\\\/tpms-pro\\\/#breadcrumb\",\"itemListElement\":[{\"@type\":\"ListItem\",\"position\":1,\"name\":\"Startseite\",\"item\":\"https:\\\/\\\/www.duonix.eu\\\/pt-br\\\/\"},{\"@type\":\"ListItem\",\"position\":2,\"name\":\"Produtos\",\"item\":\"https:\\\/\\\/www.duonix.eu\\\/pt-br\\\/produtos\\\/\"},{\"@type\":\"ListItem\",\"position\":3,\"name\":\"TPMS Pro Diagn\u00f3stico e programador\"}]},{\"@type\":\"WebSite\",\"@id\":\"https:\\\/\\\/www.duonix.eu\\\/pt-br\\\/#website\",\"url\":\"https:\\\/\\\/www.duonix.eu\\\/pt-br\\\/\",\"name\":\"Duonix Professional diagnostic tool and TPMS for motorcycles and cars\",\"description\":\"\",\"publisher\":{\"@id\":\"https:\\\/\\\/www.duonix.eu\\\/pt-br\\\/#organization\"},\"potentialAction\":[{\"@type\":\"SearchAction\",\"target\":{\"@type\":\"EntryPoint\",\"urlTemplate\":\"https:\\\/\\\/www.duonix.eu\\\/pt-br\\\/?s={search_term_string}\"},\"query-input\":{\"@type\":\"PropertyValueSpecification\",\"valueRequired\":true,\"valueName\":\"search_term_string\"}}],\"inLanguage\":\"pt-BR\"},{\"@type\":\"Organization\",\"@id\":\"https:\\\/\\\/www.duonix.eu\\\/pt-br\\\/#organization\",\"name\":\"Duonix Professional diagnostic tool and TPMS for motorcycles and cars\",\"url\":\"https:\\\/\\\/www.duonix.eu\\\/pt-br\\\/\",\"logo\":{\"@type\":\"ImageObject\",\"inLanguage\":\"pt-BR\",\"@id\":\"https:\\\/\\\/www.duonix.eu\\\/pt-br\\\/#\\\/schema\\\/logo\\\/image\\\/\",\"url\":\"https:\\\/\\\/www.duonix.eu\\\/wp-content\\\/uploads\\\/2023\\\/02\\\/cropped-logo3-1.png\",\"contentUrl\":\"https:\\\/\\\/www.duonix.eu\\\/wp-content\\\/uploads\\\/2023\\\/02\\\/cropped-logo3-1.png\",\"width\":600,\"height\":400,\"caption\":\"Duonix Professional diagnostic tool and TPMS for motorcycles and cars\"},\"image\":{\"@id\":\"https:\\\/\\\/www.duonix.eu\\\/pt-br\\\/#\\\/schema\\\/logo\\\/image\\\/\"}}]}<\/script>\n<!-- \/ Yoast SEO plugin. -->","yoast_head_json":{"title":"TPMS Pro Diagn\u00f3stico e programador - Motocicletas Bike-Scan 2 Diagn\u00f3stico dispositivo Programador TPMS","robots":{"index":"index","follow":"follow","max-snippet":"max-snippet:-1","max-image-preview":"max-image-preview:large","max-video-preview":"max-video-preview:-1"},"canonical":"https:\/\/www.duonix.eu\/pt-br\/produkt\/tpms-pro\/","og_locale":"pt_BR","og_type":"article","og_title":"TPMS Pro Diagn\u00f3stico e programador - Motocicletas Bike-Scan 2 Diagn\u00f3stico dispositivo Programador TPMS","og_description":"Diagn\u00f3stico e programador TPMS Pro para todos os sensores de equipamento original. &nbsp;","og_url":"https:\/\/www.duonix.eu\/pt-br\/produkt\/tpms-pro\/","og_site_name":"Motocicletas Bike-Scan 2 Diagn\u00f3stico dispositivo Programador TPMS","article_modified_time":"2023-04-09T16:57:43+00:00","og_image":[{"width":2560,"height":1707,"url":"https:\/\/www.duonix.eu\/wp-content\/uploads\/2020\/09\/CZ7A0713g_JPG-scaled.jpg","type":"image\/jpeg"}],"twitter_card":"summary_large_image","schema":{"@context":"https:\/\/schema.org","@graph":[{"@type":"WebPage","@id":"https:\/\/www.duonix.eu\/pt-br\/produkt\/tpms-pro\/","url":"https:\/\/www.duonix.eu\/pt-br\/produkt\/tpms-pro\/","name":"TPMS Pro Diagn\u00f3stico e programador - Motocicletas Bike-Scan 2 Diagn\u00f3stico dispositivo Programador TPMS","isPartOf":{"@id":"https:\/\/www.duonix.eu\/pt-br\/#website"},"primaryImageOfPage":{"@id":"https:\/\/www.duonix.eu\/pt-br\/produkt\/tpms-pro\/#primaryimage"},"image":{"@id":"https:\/\/www.duonix.eu\/pt-br\/produkt\/tpms-pro\/#primaryimage"},"thumbnailUrl":"https:\/\/www.duonix.eu\/wp-content\/uploads\/2020\/09\/CZ7A0713g_JPG-scaled.jpg","datePublished":"2020-09-21T10:30:41+00:00","dateModified":"2023-04-09T16:57:43+00:00","breadcrumb":{"@id":"https:\/\/www.duonix.eu\/pt-br\/produkt\/tpms-pro\/#breadcrumb"},"inLanguage":"pt-BR","potentialAction":[{"@type":"ReadAction","target":["https:\/\/www.duonix.eu\/pt-br\/produkt\/tpms-pro\/"]}]},{"@type":"ImageObject","inLanguage":"pt-BR","@id":"https:\/\/www.duonix.eu\/pt-br\/produkt\/tpms-pro\/#primaryimage","url":"https:\/\/www.duonix.eu\/wp-content\/uploads\/2020\/09\/CZ7A0713g_JPG-scaled.jpg","contentUrl":"https:\/\/www.duonix.eu\/wp-content\/uploads\/2020\/09\/CZ7A0713g_JPG-scaled.jpg","width":2560,"height":1707},{"@type":"BreadcrumbList","@id":"https:\/\/www.duonix.eu\/pt-br\/produkt\/tpms-pro\/#breadcrumb","itemListElement":[{"@type":"ListItem","position":1,"name":"Startseite","item":"https:\/\/www.duonix.eu\/pt-br\/"},{"@type":"ListItem","position":2,"name":"Produtos","item":"https:\/\/www.duonix.eu\/pt-br\/produtos\/"},{"@type":"ListItem","position":3,"name":"TPMS Pro Diagn\u00f3stico e programador"}]},{"@type":"WebSite","@id":"https:\/\/www.duonix.eu\/pt-br\/#website","url":"https:\/\/www.duonix.eu\/pt-br\/","name":"Duonix Professional diagnostic tool and TPMS for motorcycles and cars","description":"","publisher":{"@id":"https:\/\/www.duonix.eu\/pt-br\/#organization"},"potentialAction":[{"@type":"SearchAction","target":{"@type":"EntryPoint","urlTemplate":"https:\/\/www.duonix.eu\/pt-br\/?s={search_term_string}"},"query-input":{"@type":"PropertyValueSpecification","valueRequired":true,"valueName":"search_term_string"}}],"inLanguage":"pt-BR"},{"@type":"Organization","@id":"https:\/\/www.duonix.eu\/pt-br\/#organization","name":"Duonix Professional diagnostic tool and TPMS for motorcycles and cars","url":"https:\/\/www.duonix.eu\/pt-br\/","logo":{"@type":"ImageObject","inLanguage":"pt-BR","@id":"https:\/\/www.duonix.eu\/pt-br\/#\/schema\/logo\/image\/","url":"https:\/\/www.duonix.eu\/wp-content\/uploads\/2023\/02\/cropped-logo3-1.png","contentUrl":"https:\/\/www.duonix.eu\/wp-content\/uploads\/2023\/02\/cropped-logo3-1.png","width":600,"height":400,"caption":"Duonix Professional diagnostic tool and TPMS for motorcycles and cars"},"image":{"@id":"https:\/\/www.duonix.eu\/pt-br\/#\/schema\/logo\/image\/"}}]}},"_links":{"self":[{"href":"https:\/\/www.duonix.eu\/pt-br\/wp-json\/wp\/v2\/product\/5273","targetHints":{"allow":["GET"]}}],"collection":[{"href":"https:\/\/www.duonix.eu\/pt-br\/wp-json\/wp\/v2\/product"}],"about":[{"href":"https:\/\/www.duonix.eu\/pt-br\/wp-json\/wp\/v2\/types\/product"}],"wp:featuredmedia":[{"embeddable":true,"href":"https:\/\/www.duonix.eu\/pt-br\/wp-json\/wp\/v2\/media\/3842"}],"wp:attachment":[{"href":"https:\/\/www.duonix.eu\/pt-br\/wp-json\/wp\/v2\/media?parent=5273"}],"wp:term":[{"taxonomy":"product_brand","embeddable":true,"href":"https:\/\/www.duonix.eu\/pt-br\/wp-json\/wp\/v2\/product_brand?post=5273"},{"taxonomy":"product_cat","embeddable":true,"href":"https:\/\/www.duonix.eu\/pt-br\/wp-json\/wp\/v2\/product_cat?post=5273"},{"taxonomy":"product_tag","embeddable":true,"href":"https:\/\/www.duonix.eu\/pt-br\/wp-json\/wp\/v2\/product_tag?post=5273"}],"curies":[{"name":"wp","href":"https:\/\/api.w.org\/{rel}","templated":true}]}}