{"id":59,"date":"2020-09-21T13:30:59","date_gmt":"2020-09-21T13:30:59","guid":{"rendered":"https:\/\/www.duonix.eu\/?post_type=product&#038;p=59"},"modified":"2023-04-13T13:49:10","modified_gmt":"2023-04-13T10:49:10","slug":"bike-scan-2-pro-fuer-bmw","status":"publish","type":"product","link":"https:\/\/www.duonix.eu\/de\/produkt\/bike-scan-2-pro-fuer-bmw\/","title":{"rendered":"Bike-Scan 2 Pro f\u00fcr BMW"},"content":{"rendered":"<h4 style=\"text-align: center;\"><span style=\"color: #000000;\">BMW Diagnoseger\u00e4t Diagnose Scanner Bike-Scan 2 Motorrad<\/span><\/h4>\n<h4 style=\"text-align: center;\"><span style=\"color: #000000;\"><strong>Welche Modelle werden unterst\u00fctzt?<\/strong><\/span><\/h4>\n<h4 style=\"text-align: center;\"><span style=\"color: #000000;\">F\u00fcr alle BMW Baureihen \/ Modelle <strong>C1\/R\/K\/F\/G\/HP\/S<\/strong> mit 10 Pol. und 16 Pol. Diagnosestecker <strong>ab Bj. 1998- 2023. <\/strong><\/span><\/h4>\n<p style=\"text-align: center;\"><span style=\"color: #000000;\">Roller C1, <\/span><span style=\"color: #000000;\">R1100S , <\/span><span style=\"color: #000000;\">R1150, <\/span><span style=\"color: #000000;\">R1200R, <\/span><span style=\"color: #000000;\">R1200RT, <\/span><span style=\"color: #000000;\">R1200GS + Adventure, <\/span><span style=\"color: #000000;\">K1200S, <\/span><span style=\"color: #000000;\">K1300S, <\/span><span style=\"color: #000000;\">K1300R, <\/span><span style=\"color: #000000;\">K1300GT, <\/span><span style=\"color: #000000;\">F650GS, <\/span><span style=\"color: #000000;\">F800ST, <\/span><span style=\"color: #000000;\">F800GT<\/span><br \/>\n<span style=\"color: #000000;\">F800GS, <\/span><span style=\"color: #000000;\">F800R, <\/span><span style=\"color: #000000;\">HP4, <\/span><span style=\"color: #000000;\">HP2 Sport + Megamoto, <\/span><span style=\"color: #000000;\">S1000RR, <\/span><span style=\"color: #000000;\">S1000R, <\/span><span style=\"color: #000000;\">S1000XR, <\/span><span style=\"color: #000000;\">K21 R nineT , <\/span><span style=\"color: #000000;\">K23 R nineT Scrambler, <\/span><span style=\"color: #000000;\">K1600, <\/span><span style=\"color: #000000;\">K50 R1200 LC<\/span><br \/>\n<span style=\"color: #000000;\">K50 R1250 GS, <\/span><span style=\"color: #000000;\">K51 R1200GS Adventure, <\/span><span style=\"color: #000000;\">K52 R1200RT, <\/span><span style=\"color: #000000;\">K53 R1200R, <\/span><span style=\"color: #000000;\">K54 R1200RS, <\/span><span style=\"color: #000000;\">F700GS, <\/span><span style=\"color: #000000;\">G650GS , <\/span><span style=\"color: #000000;\">C600, <\/span><span style=\"color: #000000;\">C650, <\/span><span style=\"color: #000000;\">G450, <\/span><span style=\"color: #000000;\">F850GS<\/span><br \/>\n<span style=\"color: #000000;\">F750, <\/span><span style=\"color: #000000;\">K17 C-evolution , <\/span><span style=\"color: #000000;\">R18 K34 , S1000 XR K69<\/span><\/p>\n<p style=\"text-align: center;\"><span style=\"color: #000000;\"><strong>Unterst\u00fctzte Steuerger\u00e4te:<\/strong><\/span><\/p>\n<p style=\"text-align: center;\"><span style=\"color: #000000;\">Motorelektronik <\/span><br \/>\n<span style=\"color: #000000;\">Zentralelektronik<\/span><br \/>\n<span style=\"color: #000000;\">Kombiinstrument<\/span><br \/>\n<span style=\"color: #000000;\">Reifendruckkontrolle<\/span><br \/>\n<span style=\"color: #000000;\">ABS Antiblockiersystem ab I-ABS<\/span><br \/>\n<span style=\"color: #000000;\">Diebstahlwarnanlage<\/span><br \/>\n<span style=\"color: #000000;\">Radio<\/span><br \/>\n<span style=\"color: #000000;\">Funktionssatellit<\/span><br \/>\n<span style=\"color: #000000;\">Aktivscheinwerfer<\/span><br \/>\n<span style=\"color: #000000;\">ESA Elektrische Federbeinverstellung<\/span><br \/>\n<span style=\"color: #000000;\">SAF Semiaktives Fahrwerk<\/span><br \/>\n<span style=\"color: #000000;\">Zugangssystem<\/span><br \/>\n<span style=\"color: #000000;\">Telematik Modul<\/span><br \/>\n<span style=\"color: #000000;\">Audioplattform<\/span><br \/>\n<span style=\"color: #000000;\">Body Controller<\/span><br \/>\n<span style=\"color: #000000;\">Sideview Assist<\/span><br \/>\n<span style=\"color: #000000;\">Fahrgestellelektronik<\/span><br \/>\n<span style=\"color: #000000;\">Elektrisch Hydraulischer Kipp St\u00e4nde<\/span><\/p>\n","protected":false},"excerpt":{"rendered":"<p><span style=\"color: #000000;\">Bike-Scan 2 Pro Diagnoseger\u00e4t f\u00fcr alle BMW Motorr\u00e4der ab 1998 bis 2022.<\/span><\/p>\n","protected":false},"featured_media":179,"template":"","meta":[],"product_brand":[],"product_cat":[17],"product_tag":[],"class_list":{"0":"post-59","1":"product","2":"type-product","3":"status-publish","4":"has-post-thumbnail","6":"product_cat-workstations","8":"first","9":"instock","10":"taxable","11":"shipping-taxable","12":"purchasable","13":"product-type-variable"},"yoast_head":"<!-- This site is optimized with the Yoast SEO plugin v27.3 - https:\/\/yoast.com\/product\/yoast-seo-wordpress\/ -->\n<title>Bike-Scan 2 Pro f\u00fcr BMW - Diagnose Diagnoseger\u00e4te Motorr\u00e4der und Autos TPMS RDKS<\/title>\n<meta name=\"robots\" content=\"index, follow, max-snippet:-1, max-image-preview:large, max-video-preview:-1\" \/>\n<link rel=\"canonical\" href=\"https:\/\/www.duonix.eu\/de\/produkt\/bike-scan-2-pro-fuer-bmw\/\" \/>\n<meta property=\"og:locale\" content=\"de_DE\" \/>\n<meta property=\"og:type\" content=\"article\" \/>\n<meta property=\"og:title\" content=\"Bike-Scan 2 Pro f\u00fcr BMW - Diagnose Diagnoseger\u00e4te Motorr\u00e4der und Autos TPMS RDKS\" \/>\n<meta property=\"og:description\" content=\"Bike-Scan 2 Pro Diagnoseger\u00e4t f\u00fcr alle BMW Motorr\u00e4der ab 1998 bis 2022.\" \/>\n<meta property=\"og:url\" content=\"https:\/\/www.duonix.eu\/de\/produkt\/bike-scan-2-pro-fuer-bmw\/\" \/>\n<meta property=\"og:site_name\" content=\"Diagnose Diagnoseger\u00e4te Motorr\u00e4der und Autos TPMS RDKS\" \/>\n<meta property=\"article:modified_time\" content=\"2023-04-13T10:49:10+00:00\" \/>\n<meta property=\"og:image\" content=\"https:\/\/www.duonix.eu\/wp-content\/uploads\/2020\/09\/CZ7A4459_TFa.jpg\" \/>\n\t<meta property=\"og:image:width\" content=\"1344\" \/>\n\t<meta property=\"og:image:height\" content=\"896\" \/>\n\t<meta property=\"og:image:type\" content=\"image\/jpeg\" \/>\n<meta name=\"twitter:card\" content=\"summary_large_image\" \/>\n<meta name=\"twitter:label1\" content=\"Gesch\u00e4tzte Lesezeit\" \/>\n\t<meta name=\"twitter:data1\" content=\"1\u00a0Minute\" \/>\n<script type=\"application\/ld+json\" class=\"yoast-schema-graph\">{\"@context\":\"https:\\\/\\\/schema.org\",\"@graph\":[{\"@type\":\"WebPage\",\"@id\":\"https:\\\/\\\/www.duonix.eu\\\/de\\\/produkt\\\/bike-scan-2-pro-fuer-bmw\\\/\",\"url\":\"https:\\\/\\\/www.duonix.eu\\\/de\\\/produkt\\\/bike-scan-2-pro-fuer-bmw\\\/\",\"name\":\"Bike-Scan 2 Pro f\u00fcr BMW - Diagnose Diagnoseger\u00e4te Motorr\u00e4der und Autos TPMS RDKS\",\"isPartOf\":{\"@id\":\"https:\\\/\\\/www.duonix.eu\\\/de\\\/#website\"},\"primaryImageOfPage\":{\"@id\":\"https:\\\/\\\/www.duonix.eu\\\/de\\\/produkt\\\/bike-scan-2-pro-fuer-bmw\\\/#primaryimage\"},\"image\":{\"@id\":\"https:\\\/\\\/www.duonix.eu\\\/de\\\/produkt\\\/bike-scan-2-pro-fuer-bmw\\\/#primaryimage\"},\"thumbnailUrl\":\"https:\\\/\\\/www.duonix.eu\\\/wp-content\\\/uploads\\\/2020\\\/09\\\/CZ7A4459_TFa.jpg\",\"datePublished\":\"2020-09-21T13:30:59+00:00\",\"dateModified\":\"2023-04-13T10:49:10+00:00\",\"breadcrumb\":{\"@id\":\"https:\\\/\\\/www.duonix.eu\\\/de\\\/produkt\\\/bike-scan-2-pro-fuer-bmw\\\/#breadcrumb\"},\"inLanguage\":\"de\",\"potentialAction\":[{\"@type\":\"ReadAction\",\"target\":[\"https:\\\/\\\/www.duonix.eu\\\/de\\\/produkt\\\/bike-scan-2-pro-fuer-bmw\\\/\"]}]},{\"@type\":\"ImageObject\",\"inLanguage\":\"de\",\"@id\":\"https:\\\/\\\/www.duonix.eu\\\/de\\\/produkt\\\/bike-scan-2-pro-fuer-bmw\\\/#primaryimage\",\"url\":\"https:\\\/\\\/www.duonix.eu\\\/wp-content\\\/uploads\\\/2020\\\/09\\\/CZ7A4459_TFa.jpg\",\"contentUrl\":\"https:\\\/\\\/www.duonix.eu\\\/wp-content\\\/uploads\\\/2020\\\/09\\\/CZ7A4459_TFa.jpg\",\"width\":1344,\"height\":896},{\"@type\":\"BreadcrumbList\",\"@id\":\"https:\\\/\\\/www.duonix.eu\\\/de\\\/produkt\\\/bike-scan-2-pro-fuer-bmw\\\/#breadcrumb\",\"itemListElement\":[{\"@type\":\"ListItem\",\"position\":1,\"name\":\"Startseite\",\"item\":\"https:\\\/\\\/www.duonix.eu\\\/de\\\/\"},{\"@type\":\"ListItem\",\"position\":2,\"name\":\"Produkte\",\"item\":\"https:\\\/\\\/www.duonix.eu\\\/de\\\/produkte\\\/\"},{\"@type\":\"ListItem\",\"position\":3,\"name\":\"Bike-Scan 2 Pro f\u00fcr BMW\"}]},{\"@type\":\"WebSite\",\"@id\":\"https:\\\/\\\/www.duonix.eu\\\/de\\\/#website\",\"url\":\"https:\\\/\\\/www.duonix.eu\\\/de\\\/\",\"name\":\"Duonix Professional diagnostic tool and TPMS for motorcycles and cars\",\"description\":\"\",\"publisher\":{\"@id\":\"https:\\\/\\\/www.duonix.eu\\\/de\\\/#organization\"},\"potentialAction\":[{\"@type\":\"SearchAction\",\"target\":{\"@type\":\"EntryPoint\",\"urlTemplate\":\"https:\\\/\\\/www.duonix.eu\\\/de\\\/?s={search_term_string}\"},\"query-input\":{\"@type\":\"PropertyValueSpecification\",\"valueRequired\":true,\"valueName\":\"search_term_string\"}}],\"inLanguage\":\"de\"},{\"@type\":\"Organization\",\"@id\":\"https:\\\/\\\/www.duonix.eu\\\/de\\\/#organization\",\"name\":\"Duonix Professional diagnostic tool and TPMS for motorcycles and cars\",\"url\":\"https:\\\/\\\/www.duonix.eu\\\/de\\\/\",\"logo\":{\"@type\":\"ImageObject\",\"inLanguage\":\"de\",\"@id\":\"https:\\\/\\\/www.duonix.eu\\\/de\\\/#\\\/schema\\\/logo\\\/image\\\/\",\"url\":\"https:\\\/\\\/www.duonix.eu\\\/wp-content\\\/uploads\\\/2023\\\/02\\\/cropped-logo3-1.png\",\"contentUrl\":\"https:\\\/\\\/www.duonix.eu\\\/wp-content\\\/uploads\\\/2023\\\/02\\\/cropped-logo3-1.png\",\"width\":600,\"height\":400,\"caption\":\"Duonix Professional diagnostic tool and TPMS for motorcycles and cars\"},\"image\":{\"@id\":\"https:\\\/\\\/www.duonix.eu\\\/de\\\/#\\\/schema\\\/logo\\\/image\\\/\"}}]}<\/script>\n<!-- \/ Yoast SEO plugin. -->","yoast_head_json":{"title":"Bike-Scan 2 Pro f\u00fcr BMW - Diagnose Diagnoseger\u00e4te Motorr\u00e4der und Autos TPMS RDKS","robots":{"index":"index","follow":"follow","max-snippet":"max-snippet:-1","max-image-preview":"max-image-preview:large","max-video-preview":"max-video-preview:-1"},"canonical":"https:\/\/www.duonix.eu\/de\/produkt\/bike-scan-2-pro-fuer-bmw\/","og_locale":"de_DE","og_type":"article","og_title":"Bike-Scan 2 Pro f\u00fcr BMW - Diagnose Diagnoseger\u00e4te Motorr\u00e4der und Autos TPMS RDKS","og_description":"Bike-Scan 2 Pro Diagnoseger\u00e4t f\u00fcr alle BMW Motorr\u00e4der ab 1998 bis 2022.","og_url":"https:\/\/www.duonix.eu\/de\/produkt\/bike-scan-2-pro-fuer-bmw\/","og_site_name":"Diagnose Diagnoseger\u00e4te Motorr\u00e4der und Autos TPMS RDKS","article_modified_time":"2023-04-13T10:49:10+00:00","og_image":[{"width":1344,"height":896,"url":"https:\/\/www.duonix.eu\/wp-content\/uploads\/2020\/09\/CZ7A4459_TFa.jpg","type":"image\/jpeg"}],"twitter_card":"summary_large_image","twitter_misc":{"Gesch\u00e4tzte Lesezeit":"1\u00a0Minute"},"schema":{"@context":"https:\/\/schema.org","@graph":[{"@type":"WebPage","@id":"https:\/\/www.duonix.eu\/de\/produkt\/bike-scan-2-pro-fuer-bmw\/","url":"https:\/\/www.duonix.eu\/de\/produkt\/bike-scan-2-pro-fuer-bmw\/","name":"Bike-Scan 2 Pro f\u00fcr BMW - Diagnose Diagnoseger\u00e4te Motorr\u00e4der und Autos TPMS RDKS","isPartOf":{"@id":"https:\/\/www.duonix.eu\/de\/#website"},"primaryImageOfPage":{"@id":"https:\/\/www.duonix.eu\/de\/produkt\/bike-scan-2-pro-fuer-bmw\/#primaryimage"},"image":{"@id":"https:\/\/www.duonix.eu\/de\/produkt\/bike-scan-2-pro-fuer-bmw\/#primaryimage"},"thumbnailUrl":"https:\/\/www.duonix.eu\/wp-content\/uploads\/2020\/09\/CZ7A4459_TFa.jpg","datePublished":"2020-09-21T13:30:59+00:00","dateModified":"2023-04-13T10:49:10+00:00","breadcrumb":{"@id":"https:\/\/www.duonix.eu\/de\/produkt\/bike-scan-2-pro-fuer-bmw\/#breadcrumb"},"inLanguage":"de","potentialAction":[{"@type":"ReadAction","target":["https:\/\/www.duonix.eu\/de\/produkt\/bike-scan-2-pro-fuer-bmw\/"]}]},{"@type":"ImageObject","inLanguage":"de","@id":"https:\/\/www.duonix.eu\/de\/produkt\/bike-scan-2-pro-fuer-bmw\/#primaryimage","url":"https:\/\/www.duonix.eu\/wp-content\/uploads\/2020\/09\/CZ7A4459_TFa.jpg","contentUrl":"https:\/\/www.duonix.eu\/wp-content\/uploads\/2020\/09\/CZ7A4459_TFa.jpg","width":1344,"height":896},{"@type":"BreadcrumbList","@id":"https:\/\/www.duonix.eu\/de\/produkt\/bike-scan-2-pro-fuer-bmw\/#breadcrumb","itemListElement":[{"@type":"ListItem","position":1,"name":"Startseite","item":"https:\/\/www.duonix.eu\/de\/"},{"@type":"ListItem","position":2,"name":"Produkte","item":"https:\/\/www.duonix.eu\/de\/produkte\/"},{"@type":"ListItem","position":3,"name":"Bike-Scan 2 Pro f\u00fcr BMW"}]},{"@type":"WebSite","@id":"https:\/\/www.duonix.eu\/de\/#website","url":"https:\/\/www.duonix.eu\/de\/","name":"Duonix Professional diagnostic tool and TPMS for motorcycles and cars","description":"","publisher":{"@id":"https:\/\/www.duonix.eu\/de\/#organization"},"potentialAction":[{"@type":"SearchAction","target":{"@type":"EntryPoint","urlTemplate":"https:\/\/www.duonix.eu\/de\/?s={search_term_string}"},"query-input":{"@type":"PropertyValueSpecification","valueRequired":true,"valueName":"search_term_string"}}],"inLanguage":"de"},{"@type":"Organization","@id":"https:\/\/www.duonix.eu\/de\/#organization","name":"Duonix Professional diagnostic tool and TPMS for motorcycles and cars","url":"https:\/\/www.duonix.eu\/de\/","logo":{"@type":"ImageObject","inLanguage":"de","@id":"https:\/\/www.duonix.eu\/de\/#\/schema\/logo\/image\/","url":"https:\/\/www.duonix.eu\/wp-content\/uploads\/2023\/02\/cropped-logo3-1.png","contentUrl":"https:\/\/www.duonix.eu\/wp-content\/uploads\/2023\/02\/cropped-logo3-1.png","width":600,"height":400,"caption":"Duonix Professional diagnostic tool and TPMS for motorcycles and cars"},"image":{"@id":"https:\/\/www.duonix.eu\/de\/#\/schema\/logo\/image\/"}}]}},"_links":{"self":[{"href":"https:\/\/www.duonix.eu\/de\/wp-json\/wp\/v2\/product\/59","targetHints":{"allow":["GET"]}}],"collection":[{"href":"https:\/\/www.duonix.eu\/de\/wp-json\/wp\/v2\/product"}],"about":[{"href":"https:\/\/www.duonix.eu\/de\/wp-json\/wp\/v2\/types\/product"}],"wp:featuredmedia":[{"embeddable":true,"href":"https:\/\/www.duonix.eu\/de\/wp-json\/wp\/v2\/media\/179"}],"wp:attachment":[{"href":"https:\/\/www.duonix.eu\/de\/wp-json\/wp\/v2\/media?parent=59"}],"wp:term":[{"taxonomy":"product_brand","embeddable":true,"href":"https:\/\/www.duonix.eu\/de\/wp-json\/wp\/v2\/product_brand?post=59"},{"taxonomy":"product_cat","embeddable":true,"href":"https:\/\/www.duonix.eu\/de\/wp-json\/wp\/v2\/product_cat?post=59"},{"taxonomy":"product_tag","embeddable":true,"href":"https:\/\/www.duonix.eu\/de\/wp-json\/wp\/v2\/product_tag?post=59"}],"curies":[{"name":"wp","href":"https:\/\/api.w.org\/{rel}","templated":true}]}}