{"id":166,"date":"2023-02-10T07:38:41","date_gmt":"2023-02-10T06:38:41","guid":{"rendered":"https:\/\/www.duonix.eu\/?page_id=166"},"modified":"2023-10-16T15:38:53","modified_gmt":"2023-10-16T12:38:53","slug":"zahlungsarten","status":"publish","type":"page","link":"https:\/\/www.duonix.eu\/de\/zahlungsarten\/","title":{"rendered":"Zahlungsarten"},"content":{"rendered":"<h4><strong><span style=\"color: #000000;\">Zahlungsarten und Versand<br \/>\n<\/span><\/strong><\/h4>\n<p>&nbsp;<\/p>\n<p>&nbsp;<\/p>\n<p><span style=\"color: #000000;\"><strong>Kreditkarte:<\/strong><\/span><\/p>\n<p><span style=\"color: #000000;\">Begleichen Sie Ihre Rechnung doch ganz einfach mit Ihrer Master, American Express oder Visa-Card.<\/span><\/p>\n<p><span style=\"color: #000000;\"><strong>SEPA \u00dcberweisung:<\/strong><\/span><\/p>\n<p><span style=\"color: #000000;\">Bezahlen Sie bequem per Bank\u00fcberweisung (IBAN+BIC) und ohne weitere Geb\u00fchren. Nach Ihrer Bestellung in unserem Onlineshop erhalten Sie eine Auftragsbest\u00e4tigung per E-Mail. In dieser finden Sie die Zahlungsinformationen f\u00fcr Ihre Bestellung.<br \/>\n<\/span><\/p>\n<p><span style=\"color: #000000;\"><strong>Krypto:<\/strong><\/span><\/p>\n<p><span style=\"color: #000000;\">Zahlen Sie Digital, einfach und ohne Geb\u00fchren mit Krypto. Wir akzeptieren Bitcoin BTC und Tether USDT.<\/span><\/p>\n<p><strong><span style=\"color: #000000;\">Versand<\/span><\/strong><\/p>\n<p><span style=\"color: #000000;\">Da die Lieferung von unterschiedlichen Lagerstandorten versendet wird, kommen verschiedenste Paketversender und in Betracht.<\/span><\/p>\n<p><span style=\"color: #000000;\">Die Versandkosten setzen sich aus den Fracht- und Verpackungskosten zusammen. Bei der Kalkulation der Versandkosten ber\u00fccksichtigen wir, die Menge und das Gewicht der Ware.<\/span><\/p>\n<ul>\n<li><span style=\"color: #000000;\"><strong>Standardversand EU<\/strong>: Die Versandkostenpauschale inkl. Verpackung betr\u00e4gt ab 35\u20ac f\u00fcr Europa.<\/span><\/li>\n<li><span style=\"color: #000000;\"><strong>Express:<\/strong> Versand au\u00dferhalb Europa, verschicken wir die Sendungen mit Express ab 50\u20ac.<\/span><\/li>\n<\/ul>\n<p>&nbsp;<\/p>\n<p>&nbsp;<\/p>\n<p>&nbsp;<\/p>\n","protected":false},"excerpt":{"rendered":"<p>Zahlungsarten und Versand &nbsp; &nbsp; Kreditkarte: Begleichen Sie Ihre Rechnung doch ganz einfach mit Ihrer Master, American Express oder Visa-Card. SEPA \u00dcberweisung: Bezahlen Sie bequem per<span class=\"excerpt-hellip\"> [\u2026]<\/span><\/p>\n","protected":false},"author":1,"featured_media":0,"parent":0,"menu_order":0,"comment_status":"open","ping_status":"closed","template":"","meta":{"footnotes":""},"class_list":["post-166","page","type-page","status-publish","hentry"],"yoast_head":"<!-- This site is optimized with the Yoast SEO plugin v27.3 - https:\/\/yoast.com\/product\/yoast-seo-wordpress\/ -->\n<title>Bike-Scan2 Diagnoseger\u00e4t Bikescan Diagnose Euro5 Bitcoin USDT<\/title>\n<meta name=\"description\" content=\"Bike-Scan2 Diagnoseger\u00e4t Bikescan Diagnose Euro5 Service Reset Programmierung Komplette Diagnose Codierung BMW KTM Aprilia Ducati Moto Guzzi\" \/>\n<meta name=\"robots\" content=\"index, follow, max-snippet:-1, max-image-preview:large, max-video-preview:-1\" \/>\n<link rel=\"canonical\" href=\"https:\/\/www.duonix.eu\/de\/zahlungsarten\/\" \/>\n<meta property=\"og:locale\" content=\"de_DE\" \/>\n<meta property=\"og:type\" content=\"article\" \/>\n<meta property=\"og:title\" content=\"Bike-Scan2 Diagnoseger\u00e4t Bikescan Diagnose Euro5 Bitcoin USDT\" \/>\n<meta property=\"og:description\" content=\"Bike-Scan2 Diagnoseger\u00e4t Bikescan Diagnose Euro5 Service Reset Programmierung Komplette Diagnose Codierung BMW KTM Aprilia Ducati Moto Guzzi\" \/>\n<meta property=\"og:url\" content=\"https:\/\/www.duonix.eu\/de\/zahlungsarten\/\" \/>\n<meta property=\"og:site_name\" content=\"Diagnose Diagnoseger\u00e4te Motorr\u00e4der und Autos TPMS RDKS\" \/>\n<meta property=\"article:modified_time\" content=\"2023-10-16T12:38:53+00:00\" \/>\n<meta name=\"twitter:card\" content=\"summary_large_image\" \/>\n<meta name=\"twitter:label1\" content=\"Gesch\u00e4tzte Lesezeit\" \/>\n\t<meta name=\"twitter:data1\" content=\"1\u00a0Minute\" \/>\n<script type=\"application\/ld+json\" class=\"yoast-schema-graph\">{\"@context\":\"https:\\\/\\\/schema.org\",\"@graph\":[{\"@type\":\"WebPage\",\"@id\":\"https:\\\/\\\/www.duonix.eu\\\/de\\\/zahlungsarten\\\/\",\"url\":\"https:\\\/\\\/www.duonix.eu\\\/de\\\/zahlungsarten\\\/\",\"name\":\"Bike-Scan2 Diagnoseger\u00e4t Bikescan Diagnose Euro5 Bitcoin USDT\",\"isPartOf\":{\"@id\":\"https:\\\/\\\/www.duonix.eu\\\/de\\\/#website\"},\"datePublished\":\"2023-02-10T06:38:41+00:00\",\"dateModified\":\"2023-10-16T12:38:53+00:00\",\"description\":\"Bike-Scan2 Diagnoseger\u00e4t Bikescan Diagnose Euro5 Service Reset Programmierung Komplette Diagnose Codierung BMW KTM Aprilia Ducati Moto Guzzi\",\"breadcrumb\":{\"@id\":\"https:\\\/\\\/www.duonix.eu\\\/de\\\/zahlungsarten\\\/#breadcrumb\"},\"inLanguage\":\"de\",\"potentialAction\":[{\"@type\":\"ReadAction\",\"target\":[\"https:\\\/\\\/www.duonix.eu\\\/de\\\/zahlungsarten\\\/\"]}]},{\"@type\":\"BreadcrumbList\",\"@id\":\"https:\\\/\\\/www.duonix.eu\\\/de\\\/zahlungsarten\\\/#breadcrumb\",\"itemListElement\":[{\"@type\":\"ListItem\",\"position\":1,\"name\":\"Startseite\",\"item\":\"https:\\\/\\\/www.duonix.eu\\\/de\\\/\"},{\"@type\":\"ListItem\",\"position\":2,\"name\":\"Zahlungsarten\"}]},{\"@type\":\"WebSite\",\"@id\":\"https:\\\/\\\/www.duonix.eu\\\/de\\\/#website\",\"url\":\"https:\\\/\\\/www.duonix.eu\\\/de\\\/\",\"name\":\"Duonix Professional diagnostic tool and TPMS for motorcycles and cars\",\"description\":\"\",\"publisher\":{\"@id\":\"https:\\\/\\\/www.duonix.eu\\\/de\\\/#organization\"},\"potentialAction\":[{\"@type\":\"SearchAction\",\"target\":{\"@type\":\"EntryPoint\",\"urlTemplate\":\"https:\\\/\\\/www.duonix.eu\\\/de\\\/?s={search_term_string}\"},\"query-input\":{\"@type\":\"PropertyValueSpecification\",\"valueRequired\":true,\"valueName\":\"search_term_string\"}}],\"inLanguage\":\"de\"},{\"@type\":\"Organization\",\"@id\":\"https:\\\/\\\/www.duonix.eu\\\/de\\\/#organization\",\"name\":\"Duonix Professional diagnostic tool and TPMS for motorcycles and cars\",\"url\":\"https:\\\/\\\/www.duonix.eu\\\/de\\\/\",\"logo\":{\"@type\":\"ImageObject\",\"inLanguage\":\"de\",\"@id\":\"https:\\\/\\\/www.duonix.eu\\\/de\\\/#\\\/schema\\\/logo\\\/image\\\/\",\"url\":\"https:\\\/\\\/www.duonix.eu\\\/wp-content\\\/uploads\\\/2023\\\/02\\\/cropped-logo3-1.png\",\"contentUrl\":\"https:\\\/\\\/www.duonix.eu\\\/wp-content\\\/uploads\\\/2023\\\/02\\\/cropped-logo3-1.png\",\"width\":600,\"height\":400,\"caption\":\"Duonix Professional diagnostic tool and TPMS for motorcycles and cars\"},\"image\":{\"@id\":\"https:\\\/\\\/www.duonix.eu\\\/de\\\/#\\\/schema\\\/logo\\\/image\\\/\"}}]}<\/script>\n<!-- \/ Yoast SEO plugin. -->","yoast_head_json":{"title":"Bike-Scan2 Diagnoseger\u00e4t Bikescan Diagnose Euro5 Bitcoin USDT","description":"Bike-Scan2 Diagnoseger\u00e4t Bikescan Diagnose Euro5 Service Reset Programmierung Komplette Diagnose Codierung BMW KTM Aprilia Ducati Moto Guzzi","robots":{"index":"index","follow":"follow","max-snippet":"max-snippet:-1","max-image-preview":"max-image-preview:large","max-video-preview":"max-video-preview:-1"},"canonical":"https:\/\/www.duonix.eu\/de\/zahlungsarten\/","og_locale":"de_DE","og_type":"article","og_title":"Bike-Scan2 Diagnoseger\u00e4t Bikescan Diagnose Euro5 Bitcoin USDT","og_description":"Bike-Scan2 Diagnoseger\u00e4t Bikescan Diagnose Euro5 Service Reset Programmierung Komplette Diagnose Codierung BMW KTM Aprilia Ducati Moto Guzzi","og_url":"https:\/\/www.duonix.eu\/de\/zahlungsarten\/","og_site_name":"Diagnose Diagnoseger\u00e4te Motorr\u00e4der und Autos TPMS RDKS","article_modified_time":"2023-10-16T12:38:53+00:00","twitter_card":"summary_large_image","twitter_misc":{"Gesch\u00e4tzte Lesezeit":"1\u00a0Minute"},"schema":{"@context":"https:\/\/schema.org","@graph":[{"@type":"WebPage","@id":"https:\/\/www.duonix.eu\/de\/zahlungsarten\/","url":"https:\/\/www.duonix.eu\/de\/zahlungsarten\/","name":"Bike-Scan2 Diagnoseger\u00e4t Bikescan Diagnose Euro5 Bitcoin USDT","isPartOf":{"@id":"https:\/\/www.duonix.eu\/de\/#website"},"datePublished":"2023-02-10T06:38:41+00:00","dateModified":"2023-10-16T12:38:53+00:00","description":"Bike-Scan2 Diagnoseger\u00e4t Bikescan Diagnose Euro5 Service Reset Programmierung Komplette Diagnose Codierung BMW KTM Aprilia Ducati Moto Guzzi","breadcrumb":{"@id":"https:\/\/www.duonix.eu\/de\/zahlungsarten\/#breadcrumb"},"inLanguage":"de","potentialAction":[{"@type":"ReadAction","target":["https:\/\/www.duonix.eu\/de\/zahlungsarten\/"]}]},{"@type":"BreadcrumbList","@id":"https:\/\/www.duonix.eu\/de\/zahlungsarten\/#breadcrumb","itemListElement":[{"@type":"ListItem","position":1,"name":"Startseite","item":"https:\/\/www.duonix.eu\/de\/"},{"@type":"ListItem","position":2,"name":"Zahlungsarten"}]},{"@type":"WebSite","@id":"https:\/\/www.duonix.eu\/de\/#website","url":"https:\/\/www.duonix.eu\/de\/","name":"Duonix Professional diagnostic tool and TPMS for motorcycles and cars","description":"","publisher":{"@id":"https:\/\/www.duonix.eu\/de\/#organization"},"potentialAction":[{"@type":"SearchAction","target":{"@type":"EntryPoint","urlTemplate":"https:\/\/www.duonix.eu\/de\/?s={search_term_string}"},"query-input":{"@type":"PropertyValueSpecification","valueRequired":true,"valueName":"search_term_string"}}],"inLanguage":"de"},{"@type":"Organization","@id":"https:\/\/www.duonix.eu\/de\/#organization","name":"Duonix Professional diagnostic tool and TPMS for motorcycles and cars","url":"https:\/\/www.duonix.eu\/de\/","logo":{"@type":"ImageObject","inLanguage":"de","@id":"https:\/\/www.duonix.eu\/de\/#\/schema\/logo\/image\/","url":"https:\/\/www.duonix.eu\/wp-content\/uploads\/2023\/02\/cropped-logo3-1.png","contentUrl":"https:\/\/www.duonix.eu\/wp-content\/uploads\/2023\/02\/cropped-logo3-1.png","width":600,"height":400,"caption":"Duonix Professional diagnostic tool and TPMS for motorcycles and cars"},"image":{"@id":"https:\/\/www.duonix.eu\/de\/#\/schema\/logo\/image\/"}}]}},"_links":{"self":[{"href":"https:\/\/www.duonix.eu\/de\/wp-json\/wp\/v2\/pages\/166","targetHints":{"allow":["GET"]}}],"collection":[{"href":"https:\/\/www.duonix.eu\/de\/wp-json\/wp\/v2\/pages"}],"about":[{"href":"https:\/\/www.duonix.eu\/de\/wp-json\/wp\/v2\/types\/page"}],"author":[{"embeddable":true,"href":"https:\/\/www.duonix.eu\/de\/wp-json\/wp\/v2\/users\/1"}],"replies":[{"embeddable":true,"href":"https:\/\/www.duonix.eu\/de\/wp-json\/wp\/v2\/comments?post=166"}],"version-history":[{"count":9,"href":"https:\/\/www.duonix.eu\/de\/wp-json\/wp\/v2\/pages\/166\/revisions"}],"predecessor-version":[{"id":5845,"href":"https:\/\/www.duonix.eu\/de\/wp-json\/wp\/v2\/pages\/166\/revisions\/5845"}],"wp:attachment":[{"href":"https:\/\/www.duonix.eu\/de\/wp-json\/wp\/v2\/media?parent=166"}],"curies":[{"name":"wp","href":"https:\/\/api.w.org\/{rel}","templated":true}]}}